{"id":956,"date":"2023-04-11T23:02:30","date_gmt":"2023-04-11T21:02:30","guid":{"rendered":"https:\/\/stn.sum.edu.pl\/?page_id=956"},"modified":"2023-04-11T23:02:30","modified_gmt":"2023-04-11T21:02:30","slug":"xiii-studencka-ogolnopolska-konferencja-okulistyczna","status":"publish","type":"page","link":"https:\/\/stn.sum.edu.pl\/?page_id=956","title":{"rendered":"XIII Studencka Og\u00f3lnopolska Konferencja Okulistyczna"},"content":{"rendered":"\n<p id=\"block-1f9d9319-fc59-4d7e-850f-3040f29c77ed\"><strong>Organizator:<\/strong>\u00a0Studenckie Ko\u0142o Naukowe przy Katedrze i Klinice Okulistyki WNMK<br><strong>Termin wys\u0142ania abstrakt\u00f3w:\u00a0<\/strong>14.04.2023 r.\u00a0<br><strong>Termin konferencji:<\/strong> 22.04.2023 r., godz. 11:00<br><strong>Lokalizacja: <\/strong>Zabytkowy pawilon Rafa\u0142 dawnego Szpitala Miejskiego w Rybniku \u2013 Edukatorium Juliusz<br><strong>Adres mailowy organizatora:<\/strong><a href=\"mailto:sum.konferencja.okulistyczna@sum.edu.pl\">\u00a0sum.konferencja.okulistyczna@sum.edu.pl<\/a><\/p>\n\n\n\n<p id=\"block-7327d694-cf04-4e29-8458-afc606837b00\">Link do wydarzenia na Facebooku dost\u0119pny jest <a href=\"https:\/\/fb.me\/e\/L7vVa4QF\">tutaj<\/a>.<\/p>\n\n\n\n<p id=\"block-410c1500-3a27-404c-b8b5-e22e4f6044c4\"><strong>Pliki do pobrania:<\/strong><br>Ksi\u0105\u017cka abstrakt\u00f3w<a href=\"https:\/\/stn.sum.edu.pl\/wp-content\/uploads\/2020_21\/Konferencje\/Ksi\u0105\u017cka-streszcze\u0144-IX-SOKO1.pdf\"><br><\/a>Lista laureat\u00f3w<\/p>\n","protected":false},"excerpt":{"rendered":"<p>Organizator:\u00a0Studenckie Ko\u0142o Naukowe przy Katedrze i Klinice Okulistyki WNMKTermin wys\u0142ania abstrakt\u00f3w:\u00a014.04.2023 r.\u00a0Termin konferencji: 22.04.2023 r., godz. 11:00Lokalizacja: Zabytkowy pawilon Rafa\u0142 dawnego Szpitala Miejskiego w Rybniku \u2013 Edukatorium JuliuszAdres mailowy organizatora:\u00a0sum.konferencja.okulistyczna@sum.edu.pl Link do wydarzenia na Facebooku dost\u0119pny jest tutaj. Pliki do pobrania:Ksi\u0105\u017cka abstrakt\u00f3wLista laureat\u00f3w<\/p>\n","protected":false},"author":3,"featured_media":0,"parent":0,"menu_order":0,"comment_status":"closed","ping_status":"closed","template":"","meta":{"footnotes":""},"class_list":["post-956","page","type-page","status-publish"],"_links":{"self":[{"href":"https:\/\/stn.sum.edu.pl\/index.php?rest_route=\/wp\/v2\/pages\/956","targetHints":{"allow":["GET"]}}],"collection":[{"href":"https:\/\/stn.sum.edu.pl\/index.php?rest_route=\/wp\/v2\/pages"}],"about":[{"href":"https:\/\/stn.sum.edu.pl\/index.php?rest_route=\/wp\/v2\/types\/page"}],"author":[{"embeddable":true,"href":"https:\/\/stn.sum.edu.pl\/index.php?rest_route=\/wp\/v2\/users\/3"}],"replies":[{"embeddable":true,"href":"https:\/\/stn.sum.edu.pl\/index.php?rest_route=%2Fwp%2Fv2%2Fcomments&post=956"}],"version-history":[{"count":1,"href":"https:\/\/stn.sum.edu.pl\/index.php?rest_route=\/wp\/v2\/pages\/956\/revisions"}],"predecessor-version":[{"id":957,"href":"https:\/\/stn.sum.edu.pl\/index.php?rest_route=\/wp\/v2\/pages\/956\/revisions\/957"}],"wp:attachment":[{"href":"https:\/\/stn.sum.edu.pl\/index.php?rest_route=%2Fwp%2Fv2%2Fmedia&parent=956"}],"curies":[{"name":"wp","href":"https:\/\/api.w.org\/{rel}","templated":true}]}}