{"id":835,"date":"2022-12-08T22:21:13","date_gmt":"2022-12-08T21:21:13","guid":{"rendered":"https:\/\/stn.sum.edu.pl\/?page_id=835"},"modified":"2022-12-08T22:22:51","modified_gmt":"2022-12-08T21:22:51","slug":"zarzad-stn-sum-2021-2022","status":"publish","type":"page","link":"https:\/\/stn.sum.edu.pl\/?page_id=835","title":{"rendered":"Sk\u0142ad Zarz\u0105du 2021\/22"},"content":{"rendered":"\n<h5 class=\"wp-block-heading\">PRZEWODNICZ\u0104CY:<\/h5>\n\n\n\n<p><strong>Piotr Lewandowski<\/strong><\/p>\n\n\n\n<p>Wydzia\u0142 Nauk Medycznych w Zabrzu<br>e-mail:<a href=\"mailto:s78478@365.sum.edu.pl\">&nbsp;s78478@365.sum.edu.pl<\/a><\/p>\n\n\n\n<h5 class=\"wp-block-heading\">ZAST\u0118PCY:<\/h5>\n\n\n\n<p><strong>Aleksandra Mroskowiak<\/strong><\/p>\n\n\n\n<p>Wydzia\u0142&nbsp;Nauk Medycznych w Katowicach<br>e-mail:&nbsp;<a href=\"mailto:s69659@365.sum.edu.pl\">s69659@365.sum.edu.pl<\/a><\/p>\n\n\n\n<p><strong>Maria Stec<\/strong><\/p>\n\n\n\n<p>Wydzia\u0142 Nauk Medycznych w Katowicach<br>e-mail:&nbsp;<a href=\"mailto:s79142@365.sum.edu.pl\">s79142@365.sum.edu.pl<\/a><\/p>\n\n\n\n<h5 class=\"wp-block-heading\">CZ\u0141ONKOWIE ZARZ\u0104DU:<\/h5>\n\n\n\n<p><strong>Stanis\u0142aw Kulejewski<\/strong><\/p>\n\n\n\n<p>Wydzia\u0142 Nauk Medycznych w Katowicach<br>e-mail:&nbsp;<a href=\"mailto:s72179@365.sum.edu.pl\">s72179@365.sum.edu.pl<\/a><\/p>\n\n\n\n<p><strong>Micha\u0142 Macnar<br><\/strong><br>Wydzia\u0142&nbsp;Nauk Medycznych w Katowicach<br>e-mail:&nbsp;<a href=\"mailto:s81132@365.sum.edu.pl\">s81132@365.sum.edu.pl<\/a><\/p>\n\n\n\n<p><strong>Karolina Ziaja<\/strong><\/p>\n\n\n\n<p>Wydzia\u0142 Nauk Medycznych w Zabrzu<br>e-mail:&nbsp;<a href=\"mailto:s78268@365.sum.edu.pl\">s78268@365.sum.edu.pl<\/a><\/p>\n\n\n\n<p>Martyna&nbsp;<strong>Gia\u0142bas<\/strong><\/p>\n\n\n\n<p>Wydzia\u0142 Nauk Medycznych w Zabrzu&nbsp;<br>e-mail<a href=\"mailto:piotr@lewandowski.work\">:&nbsp;<\/a><a href=\"mailto:s78374@365.sum.edu.pl\">s78374@365.sum.edu.pl<\/a><\/p>\n\n\n\n<p><strong>Inez Michalska<\/strong><\/p>\n\n\n\n<p>Wydzia\u0142&nbsp;Nauk Farmaceutycznych w Sosnowcu<br>e-mail:&nbsp;<a href=\"mailto:s66261@365.sum.edu.pl\">s66261@365.sum.edu.pl<\/a><\/p>\n\n\n\n<p><strong>Karol Krystek<\/strong><\/p>\n\n\n\n<p>Wydzia\u0142&nbsp;Nauk Farmaceutycznych w Sosnowcu<br><a href=\"e-mail: s72037@365.sum.edu.pl\">e-mail: s72037@365.sum.edu.pl<\/a><\/p>\n\n\n\n<p><strong>Paulina Helisz<\/strong><\/p>\n\n\n\n<p>Wydzia\u0142 Nauk o Zdrowiu&nbsp;w Bytomiu<br>e-mail:&nbsp;<a href=\"mailto:s75450@365.sum.edu.pl\">s75450@365.sum.edu.pl<\/a><\/p>\n\n\n\n<p><strong>Weronika Gwio\u017adzik<\/strong><\/p>\n\n\n\n<p>Wydzia\u0142 Nauk o Zdrowiu&nbsp;w Bytomiu<br>e-mail:&nbsp;<a href=\"mailto:s75448@365.sum.edu.pl\">s75448@365.sum.edu.pl<\/a><\/p>\n\n\n\n<p><strong>Wiktoria \u015aliwka<\/strong><\/p>\n\n\n\n<p>Wydzia\u0142 Nauk o Zdrowiu w Katowicach<br>e-mail:&nbsp;<a href=\"mailto:s82543@365.sum.edu.pl\">s82543@365.sum.edu.pl<\/a><\/p>\n\n\n\n<p><strong>Piotr Sorek<\/strong><\/p>\n\n\n\n<p>Wydzia\u0142 Nauk o Zdrowiu w Katowicach<br>e-mail:&nbsp;<a href=\"mailto:s71857@365.sum.edu.pl\">s71857@365.sum.edu.pl<\/a><\/p>\n\n\n\n<h1 class=\"wp-block-heading\">Kurator STN SUM<\/h1>\n\n\n\n<p><strong>prof. dr hab. n. med. Micha\u0142 HOLECKI<\/strong><\/p>\n\n\n\n<p>KIEROWNIK<br>Katedry i Kliniki Chor\u00f3b Wewn\u0119trznych, Autoimmunologicznych i Metabolicznych<br>Wydzia\u0142u Nauk Medycznych w Katowicach<br>\u015al\u0105skiego Uniwersytetu Medycznego w Katowicach<br>ul. Medyk\u00f3w 14, 40-752 Katowice<\/p>\n\n\n\n<p><strong>prof. dr hab. n. med. Micha\u0142 HOLECKI<\/strong><\/p>\n\n\n\n<p>Head of Department\u00a0<br>Department of Internal Medicine, Autoimmune and Metabolic Diseases<br>Faculty of Medical Sciences in Katowice<br>Medical University of Silesia, Katowice, Poland<br>ul. Medyk\u00f3w 14, 40-752 Katowice<\/p>\n\n\n\n<h1 class=\"wp-block-heading\">Komisja rewizyjna STN SUM<\/h1>\n\n\n\n<p><strong>Paula Czado<\/strong><\/p>\n\n\n\n<p><a href=\"mailto:s72753@365.sum.edu.pl\">s72753@365.sum.edu.pl<\/a><\/p>\n\n\n\n<p><strong>Maciej Ku\u015b<\/strong><\/p>\n\n\n\n<p><a href=\"mailto:s74018@365.sum.edu.pl\">s74018@365.sum.edu.pl<\/a><\/p>\n\n\n\n<p><strong>Wojciech Madejczyk<\/strong><\/p>\n\n\n\n<p><a href=\"mailto:s81793@365.sum.edu.pl\">s81793@365.sum.edu.pl<\/a><\/p>\n","protected":false},"excerpt":{"rendered":"<p>PRZEWODNICZ\u0104CY: Piotr Lewandowski Wydzia\u0142 Nauk Medycznych w Zabrzue-mail:&nbsp;s78478@365.sum.edu.pl ZAST\u0118PCY: Aleksandra Mroskowiak Wydzia\u0142&nbsp;Nauk Medycznych w Katowicache-mail:&nbsp;s69659@365.sum.edu.pl Maria Stec Wydzia\u0142 Nauk Medycznych w Katowicache-mail:&nbsp;s79142@365.sum.edu.pl CZ\u0141ONKOWIE ZARZ\u0104DU: Stanis\u0142aw Kulejewski Wydzia\u0142 Nauk Medycznych w Katowicache-mail:&nbsp;s72179@365.sum.edu.pl Micha\u0142 MacnarWydzia\u0142&nbsp;Nauk Medycznych w Katowicache-mail:&nbsp;s81132@365.sum.edu.pl Karolina Ziaja Wydzia\u0142 Nauk Medycznych w Zabrzue-mail:&nbsp;s78268@365.sum.edu.pl Martyna&nbsp;Gia\u0142bas Wydzia\u0142 Nauk Medycznych w Zabrzu&nbsp;e-mail:&nbsp;s78374@365.sum.edu.pl Inez Michalska Wydzia\u0142&nbsp;Nauk Farmaceutycznych w Sosnowcue-mail:&nbsp;s66261@365.sum.edu.pl &#8230; <a title=\"Sk\u0142ad Zarz\u0105du 2021\/22\" class=\"read-more\" href=\"https:\/\/stn.sum.edu.pl\/?page_id=835\" aria-label=\"Dowiedz si\u0119 wi\u0119cej o Sk\u0142ad Zarz\u0105du 2021\/22\">Dowiedz si\u0119 wi\u0119cej<\/a><\/p>\n","protected":false},"author":3,"featured_media":0,"parent":0,"menu_order":0,"comment_status":"closed","ping_status":"closed","template":"","meta":{"footnotes":""},"class_list":["post-835","page","type-page","status-publish"],"_links":{"self":[{"href":"https:\/\/stn.sum.edu.pl\/index.php?rest_route=\/wp\/v2\/pages\/835","targetHints":{"allow":["GET"]}}],"collection":[{"href":"https:\/\/stn.sum.edu.pl\/index.php?rest_route=\/wp\/v2\/pages"}],"about":[{"href":"https:\/\/stn.sum.edu.pl\/index.php?rest_route=\/wp\/v2\/types\/page"}],"author":[{"embeddable":true,"href":"https:\/\/stn.sum.edu.pl\/index.php?rest_route=\/wp\/v2\/users\/3"}],"replies":[{"embeddable":true,"href":"https:\/\/stn.sum.edu.pl\/index.php?rest_route=%2Fwp%2Fv2%2Fcomments&post=835"}],"version-history":[{"count":3,"href":"https:\/\/stn.sum.edu.pl\/index.php?rest_route=\/wp\/v2\/pages\/835\/revisions"}],"predecessor-version":[{"id":838,"href":"https:\/\/stn.sum.edu.pl\/index.php?rest_route=\/wp\/v2\/pages\/835\/revisions\/838"}],"wp:attachment":[{"href":"https:\/\/stn.sum.edu.pl\/index.php?rest_route=%2Fwp%2Fv2%2Fmedia&parent=835"}],"curies":[{"name":"wp","href":"https:\/\/api.w.org\/{rel}","templated":true}]}}