{"id":805,"date":"2022-10-09T14:27:02","date_gmt":"2022-10-09T12:27:02","guid":{"rendered":"https:\/\/stn.sum.edu.pl\/?page_id=805"},"modified":"2022-10-09T14:27:03","modified_gmt":"2022-10-09T12:27:03","slug":"studencka-konferencja-naukowo-szkoleniowa-wspolczesne-wyzwania-w-praktyce-pediatrycznej-stany-nagle-2022","status":"publish","type":"page","link":"https:\/\/stn.sum.edu.pl\/?page_id=805","title":{"rendered":"Studencka Konferencja Naukowo &#8211; Szkoleniowa &#8222;Wsp\u00f3\u0142czesne wyzwania w praktyce pediatrycznej \u2013 stany nag\u0142e&#8221; 2022"},"content":{"rendered":"\n<p><strong>Organizator:<\/strong> Studenckie Ko\u0142o naukowe przy Katedrze i Klinice Pediatrii w Katowicach<\/p>\n\n\n\n<p><strong>Termin nadsy\u0142ania abstrakt\u00f3w:<\/strong> 05.05.2022r<br><strong>Termin konferencji: <\/strong>28.05.2022r<br><strong>Adres mailowy organizatora:<\/strong> <a href=\"mailto:klinikapediatrii@sum.edu.pl\">klinikapediatrii@sum.edu.pl<\/a> <\/p>\n\n\n\n<p><strong>Konferencja odb\u0119dzie si\u0119 w formie hybrydowej &#8211; on-site oraz na platformie Zoom<\/strong><\/p>\n\n\n\n<p><strong>Link do strony Konferencji:<\/strong>&nbsp;<a href=\"http:\/\/wyzwaniapediatryczne.sum.edu.pl\/index.php\" data-type=\"URL\" data-id=\"http:\/\/wyzwaniapediatryczne.sum.edu.pl\/index.php\">http:\/\/wyzwaniapediatryczne.sum.edu.pl\/index.php<\/a><\/p>\n\n\n\n<p><a href=\"https:\/\/stn.sum.edu.pl\/?attachment_id=802\" data-type=\"URL\" data-id=\"https:\/\/stn.sum.edu.pl\/?attachment_id=802\">Ksi\u0105\u017cka streszcze\u0144<\/a><br><a href=\"https:\/\/stn.sum.edu.pl\/?attachment_id=813\" data-type=\"URL\" data-id=\"https:\/\/stn.sum.edu.pl\/?attachment_id=813\">Lista laureat\u00f3w<\/a><\/p>\n\n\n\n<p>Je\u017celi nie wyra\u017casz zgody na publikacj\u0119 danych osobowych na stronie Studenckiego Towarzystwa Naukowego \u015al\u0105skiego Uniwersytetu Medycznego w Katowicach mo\u017cesz zg\u0142osi\u0107 \u017c\u0105danie ich usuni\u0119cia na adres&nbsp;<a href=\"mailto:zarzad.stn.sum@gmail.com\">zarzad.stn.sum@gmail.com<\/a>.<\/p>\n","protected":false},"excerpt":{"rendered":"<p>Organizator: Studenckie Ko\u0142o naukowe przy Katedrze i Klinice Pediatrii w Katowicach Termin nadsy\u0142ania abstrakt\u00f3w: 05.05.2022rTermin konferencji: 28.05.2022rAdres mailowy organizatora: klinikapediatrii@sum.edu.pl Konferencja odb\u0119dzie si\u0119 w formie hybrydowej &#8211; on-site oraz na platformie Zoom Link do strony Konferencji:&nbsp;http:\/\/wyzwaniapediatryczne.sum.edu.pl\/index.php Ksi\u0105\u017cka streszcze\u0144Lista laureat\u00f3w Je\u017celi nie wyra\u017casz zgody na publikacj\u0119 danych osobowych na stronie Studenckiego Towarzystwa Naukowego \u015al\u0105skiego Uniwersytetu Medycznego &#8230; <a title=\"Studencka Konferencja Naukowo &#8211; Szkoleniowa &#8222;Wsp\u00f3\u0142czesne wyzwania w praktyce pediatrycznej \u2013 stany nag\u0142e&#8221; 2022\" class=\"read-more\" href=\"https:\/\/stn.sum.edu.pl\/?page_id=805\" aria-label=\"Dowiedz si\u0119 wi\u0119cej o Studencka Konferencja Naukowo &#8211; Szkoleniowa &#8222;Wsp\u00f3\u0142czesne wyzwania w praktyce pediatrycznej \u2013 stany nag\u0142e&#8221; 2022\">Dowiedz si\u0119 wi\u0119cej<\/a><\/p>\n","protected":false},"author":4,"featured_media":0,"parent":0,"menu_order":0,"comment_status":"closed","ping_status":"closed","template":"","meta":{"footnotes":""},"class_list":["post-805","page","type-page","status-publish"],"_links":{"self":[{"href":"https:\/\/stn.sum.edu.pl\/index.php?rest_route=\/wp\/v2\/pages\/805","targetHints":{"allow":["GET"]}}],"collection":[{"href":"https:\/\/stn.sum.edu.pl\/index.php?rest_route=\/wp\/v2\/pages"}],"about":[{"href":"https:\/\/stn.sum.edu.pl\/index.php?rest_route=\/wp\/v2\/types\/page"}],"author":[{"embeddable":true,"href":"https:\/\/stn.sum.edu.pl\/index.php?rest_route=\/wp\/v2\/users\/4"}],"replies":[{"embeddable":true,"href":"https:\/\/stn.sum.edu.pl\/index.php?rest_route=%2Fwp%2Fv2%2Fcomments&post=805"}],"version-history":[{"count":4,"href":"https:\/\/stn.sum.edu.pl\/index.php?rest_route=\/wp\/v2\/pages\/805\/revisions"}],"predecessor-version":[{"id":822,"href":"https:\/\/stn.sum.edu.pl\/index.php?rest_route=\/wp\/v2\/pages\/805\/revisions\/822"}],"wp:attachment":[{"href":"https:\/\/stn.sum.edu.pl\/index.php?rest_route=%2Fwp%2Fv2%2Fmedia&parent=805"}],"curies":[{"name":"wp","href":"https:\/\/api.w.org\/{rel}","templated":true}]}}