{"id":749,"date":"2022-04-02T23:01:43","date_gmt":"2022-04-02T21:01:43","guid":{"rendered":"https:\/\/stn.sum.edu.pl\/?page_id=749"},"modified":"2022-10-05T11:06:07","modified_gmt":"2022-10-05T09:06:07","slug":"silesia-international-surgical-congress-2022","status":"publish","type":"page","link":"https:\/\/stn.sum.edu.pl\/?page_id=749","title":{"rendered":"Silesia International Surgical Congress 2022"},"content":{"rendered":"\n<p><strong>Organizator:<\/strong>&nbsp;Studenckie Ko\u0142o Naukowe przy Zak\u0142adzie Piel\u0119gniarstwa Chirurgicznego i Propedeutyki Chirurgii Katedry Chirurgii Og\u00f3lnej, Kolorektalnej i Uraz\u00f3w Wielonarz\u0105dowych, Studenckie Towarzystwo Naukowe \u015al\u0105skiego Uniwersytetu Medycznego w Katowicach<br><strong>Termin nades\u0142ania abstrakt\u00f3w:&nbsp;<\/strong>16.04.2022<br><strong>Termin konferencji:&nbsp;<\/strong> 23.04.2022<br><strong>Adres mailowy organizatora:<\/strong>&nbsp;<a href=\"mailto:mbichalska@sum.edu.pl\">mbichalska@sum.edu.pl<\/a><\/p>\n\n\n\n<p><strong>Link do strony Konferencji:<\/strong>&nbsp;&nbsp;<a href=\"https:\/\/konfmed.sum.edu.pl\/\">https:\/\/konfmed.sum.edu.pl<\/a><\/p>\n\n\n\n<p><a href=\"https:\/\/stn.sum.edu.pl\/?attachment_id=800\" data-type=\"URL\" data-id=\"https:\/\/stn.sum.edu.pl\/?attachment_id=800\">Ksi\u0105\u017cka streszcze\u0144<\/a><br>Lista laureat\u00f3w\u00a0<\/p>\n\n\n\n<p>Je\u017celi nie wyra\u017casz zgody na publikacj\u0119 danych osobowych na stronie Studenckiego Towarzystwa Naukowego \u015al\u0105skiego Uniwersytetu Medycznego w Katowicach mo\u017cesz zg\u0142osi\u0107 \u017c\u0105danie ich usuni\u0119cia na adres&nbsp;<a href=\"mailto:zarzad.stn.sum@gmail.com\">zarzad.stn.sum@gmail.com<\/a>.<\/p>\n","protected":false},"excerpt":{"rendered":"<p>Organizator:&nbsp;Studenckie Ko\u0142o Naukowe przy Zak\u0142adzie Piel\u0119gniarstwa Chirurgicznego i Propedeutyki Chirurgii Katedry Chirurgii Og\u00f3lnej, Kolorektalnej i Uraz\u00f3w Wielonarz\u0105dowych, Studenckie Towarzystwo Naukowe \u015al\u0105skiego Uniwersytetu Medycznego w KatowicachTermin nades\u0142ania abstrakt\u00f3w:&nbsp;16.04.2022Termin konferencji:&nbsp; 23.04.2022Adres mailowy organizatora:&nbsp;mbichalska@sum.edu.pl Link do strony Konferencji:&nbsp;&nbsp;https:\/\/konfmed.sum.edu.pl Ksi\u0105\u017cka streszcze\u0144Lista laureat\u00f3w\u00a0 Je\u017celi nie wyra\u017casz zgody na publikacj\u0119 danych osobowych na stronie Studenckiego Towarzystwa Naukowego \u015al\u0105skiego Uniwersytetu Medycznego w &#8230; <a title=\"Silesia International Surgical Congress 2022\" class=\"read-more\" href=\"https:\/\/stn.sum.edu.pl\/?page_id=749\" aria-label=\"Dowiedz si\u0119 wi\u0119cej o Silesia International Surgical Congress 2022\">Dowiedz si\u0119 wi\u0119cej<\/a><\/p>\n","protected":false},"author":3,"featured_media":0,"parent":0,"menu_order":0,"comment_status":"closed","ping_status":"closed","template":"","meta":{"footnotes":""},"class_list":["post-749","page","type-page","status-publish"],"_links":{"self":[{"href":"https:\/\/stn.sum.edu.pl\/index.php?rest_route=\/wp\/v2\/pages\/749","targetHints":{"allow":["GET"]}}],"collection":[{"href":"https:\/\/stn.sum.edu.pl\/index.php?rest_route=\/wp\/v2\/pages"}],"about":[{"href":"https:\/\/stn.sum.edu.pl\/index.php?rest_route=\/wp\/v2\/types\/page"}],"author":[{"embeddable":true,"href":"https:\/\/stn.sum.edu.pl\/index.php?rest_route=\/wp\/v2\/users\/3"}],"replies":[{"embeddable":true,"href":"https:\/\/stn.sum.edu.pl\/index.php?rest_route=%2Fwp%2Fv2%2Fcomments&post=749"}],"version-history":[{"count":3,"href":"https:\/\/stn.sum.edu.pl\/index.php?rest_route=\/wp\/v2\/pages\/749\/revisions"}],"predecessor-version":[{"id":801,"href":"https:\/\/stn.sum.edu.pl\/index.php?rest_route=\/wp\/v2\/pages\/749\/revisions\/801"}],"wp:attachment":[{"href":"https:\/\/stn.sum.edu.pl\/index.php?rest_route=%2Fwp%2Fv2%2Fmedia&parent=749"}],"curies":[{"name":"wp","href":"https:\/\/api.w.org\/{rel}","templated":true}]}}