{"id":744,"date":"2022-04-02T23:00:44","date_gmt":"2022-04-02T21:00:44","guid":{"rendered":"https:\/\/stn.sum.edu.pl\/?page_id=744"},"modified":"2022-04-24T21:14:41","modified_gmt":"2022-04-24T19:14:41","slug":"xvii-miedzynarodowa-konferencja-kardiologiczna","status":"publish","type":"page","link":"https:\/\/stn.sum.edu.pl\/?page_id=744","title":{"rendered":"XVII Mi\u0119dzynarodowa Konferencja Kardiologiczna"},"content":{"rendered":"\n<p><strong>Organizator:<\/strong>\u00a0Studenckie Ko\u0142o Naukowe przy III Katedrze i Klinice Kardiologii<br><strong>Termin nades\u0142ania abstrakt\u00f3w:\u00a0<\/strong>15.04.2022<br><strong>Termin konferencji:\u00a0<\/strong>25.05.2022 <br><strong>Adres mailowy organizatora:<\/strong>\u00a0konferencjazabrze@gmail.com <br><strong>Konferencja odb\u0119dzie si\u0119 w formie online na platformie Zoom<\/strong><\/p>\n\n\n\n<p><strong>Link do strony Konferencji:<\/strong>&nbsp; <a rel=\"noreferrer noopener\" href=\"https:\/\/konferencjazabrze.wixsite.com\/2022?fbclid=IwAR1HfZa71hlC0WrcpCjqpgHLy1rmp3iRySFX7IDVS-z9q5g4oZGvEFJVBok\" target=\"_blank\">https:\/\/konferencjazabrze.wixsite.com\/2022<\/a>&nbsp;<\/p>\n\n\n\n<p>Ksi\u0105\u017cka streszcze\u0144<br>Lista laureat\u00f3w <\/p>\n\n\n\n<p>Je\u017celi nie wyra\u017casz zgody na publikacj\u0119 danych osobowych na stronie Studenckiego Towarzystwa Naukowego \u015al\u0105skiego Uniwersytetu Medycznego w Katowicach mo\u017cesz zg\u0142osi\u0107 \u017c\u0105danie ich usuni\u0119cia na adres&nbsp;<a href=\"mailto:zarzad.stn.sum@gmail.com\">zarzad.stn.sum@gmail.com<\/a>.<\/p>\n","protected":false},"excerpt":{"rendered":"<p>Organizator:\u00a0Studenckie Ko\u0142o Naukowe przy III Katedrze i Klinice KardiologiiTermin nades\u0142ania abstrakt\u00f3w:\u00a015.04.2022Termin konferencji:\u00a025.05.2022 Adres mailowy organizatora:\u00a0konferencjazabrze@gmail.com Konferencja odb\u0119dzie si\u0119 w formie online na platformie Zoom Link do strony Konferencji:&nbsp; https:\/\/konferencjazabrze.wixsite.com\/2022&nbsp; Ksi\u0105\u017cka streszcze\u0144Lista laureat\u00f3w Je\u017celi nie wyra\u017casz zgody na publikacj\u0119 danych osobowych na stronie Studenckiego Towarzystwa Naukowego \u015al\u0105skiego Uniwersytetu Medycznego w Katowicach mo\u017cesz zg\u0142osi\u0107 \u017c\u0105danie ich usuni\u0119cia &#8230; <a title=\"XVII Mi\u0119dzynarodowa Konferencja Kardiologiczna\" class=\"read-more\" href=\"https:\/\/stn.sum.edu.pl\/?page_id=744\" aria-label=\"Dowiedz si\u0119 wi\u0119cej o XVII Mi\u0119dzynarodowa Konferencja Kardiologiczna\">Dowiedz si\u0119 wi\u0119cej<\/a><\/p>\n","protected":false},"author":3,"featured_media":0,"parent":0,"menu_order":0,"comment_status":"closed","ping_status":"closed","template":"","meta":{"footnotes":""},"class_list":["post-744","page","type-page","status-publish"],"_links":{"self":[{"href":"https:\/\/stn.sum.edu.pl\/index.php?rest_route=\/wp\/v2\/pages\/744","targetHints":{"allow":["GET"]}}],"collection":[{"href":"https:\/\/stn.sum.edu.pl\/index.php?rest_route=\/wp\/v2\/pages"}],"about":[{"href":"https:\/\/stn.sum.edu.pl\/index.php?rest_route=\/wp\/v2\/types\/page"}],"author":[{"embeddable":true,"href":"https:\/\/stn.sum.edu.pl\/index.php?rest_route=\/wp\/v2\/users\/3"}],"replies":[{"embeddable":true,"href":"https:\/\/stn.sum.edu.pl\/index.php?rest_route=%2Fwp%2Fv2%2Fcomments&post=744"}],"version-history":[{"count":4,"href":"https:\/\/stn.sum.edu.pl\/index.php?rest_route=\/wp\/v2\/pages\/744\/revisions"}],"predecessor-version":[{"id":769,"href":"https:\/\/stn.sum.edu.pl\/index.php?rest_route=\/wp\/v2\/pages\/744\/revisions\/769"}],"wp:attachment":[{"href":"https:\/\/stn.sum.edu.pl\/index.php?rest_route=%2Fwp%2Fv2%2Fmedia&parent=744"}],"curies":[{"name":"wp","href":"https:\/\/api.w.org\/{rel}","templated":true}]}}