{"id":731,"date":"2022-03-05T15:46:34","date_gmt":"2022-03-05T14:46:34","guid":{"rendered":"https:\/\/stn.sum.edu.pl\/?page_id=731"},"modified":"2022-05-11T19:29:37","modified_gmt":"2022-05-11T17:29:37","slug":"ii-konferencja-przypadkow-pediatrycznych-co-sie-w-glowie-miesci%ef%bf%bc","status":"publish","type":"page","link":"https:\/\/stn.sum.edu.pl\/?page_id=731","title":{"rendered":"II Konferencja Przypadk\u00f3w Pediatrycznych &#8222;Co si\u0119 w g\u0142owie mie\u015bci?&#8221;\ufffc"},"content":{"rendered":"\n<p><strong>Organizator:<\/strong>\u00a0Studenckie Ko\u0142o Naukowe przy Katedrze i Klinice Neurologii Dzieci\u0119cej WNMK<br><strong>Termin nades\u0142ania abstrakt\u00f3w:\u00a0<\/strong>06.03.2022 r.\u00a0godzina 23:59<br><strong>Termin konferencji:\u00a0<\/strong>19.03.2022 r., godz. 9:00 do godz. 16:00<br><strong>Adres mailowy organizatora:<\/strong><a href=\"mailto:konferencja.cosiewglowiemiesci@gmail.com\"> konferencja.cosiewglowiemiesci@gmail.com<\/a><\/p>\n\n\n\n<p><strong>Link do transmisji Konferencji:<\/strong> <a rel=\"noreferrer noopener\" href=\"https:\/\/www.youtube.com\/watch?v=R1UVomvPec0&amp;ab_channel=SUMKatowice&amp;fbclid=IwAR1-PcQy3B3OLi7mPDQhwU06i9qkcndi1hECPvsPGSwJW8elhWZv-uiD1iQ\" target=\"_blank\">https:\/\/www.youtube.com\/watch?v=R1UVomvPec0&amp;ab_channel=SUMKatowice<\/a><\/p>\n\n\n\n<p><strong>Link do strony Konferencji:<\/strong>&nbsp; <a href=\"http:\/\/konferencja.cosiewglowiemiesci.sum.edu.pl\">http:\/\/konferencja.cosiewglowiemiesci.sum.edu.pl<\/a><\/p>\n\n\n\n<p><strong>Link do wydarzenia na Facebooku:<\/strong>\u00a0<a href=\"https:\/\/facebook.com\/events\/s\/ii-edycja-konferencji-przypadk\/477759727094465\/\">https:\/\/facebook.com\/events\/s\/ii-edycja-konferencji-przypadk\/477759727094465\/<\/a><\/p>\n\n\n\n<p><strong><a href=\"https:\/\/stn.sum.edu.pl\/wp-content\/uploads\/2022\/Ksiega-Abstraktow-Co-sie-w-glowie-miesci-2021.pdf\">Ksi\u0105\u017cka streszcze\u0144<\/a><\/strong><\/p>\n\n\n\n<p><strong>Roztrzygni\u0119cie Sesji Konkursowych:<\/strong><br><br>SESJA 1 &#8211; NEURON I GLEJ <br><em>I miejsce: <\/em><br>Natalia Symela, Julianna Szwancyber, Anna Szwinge; &#8222;Jedyny w swoim rodzaju &#8211; przypadek ch\u0142opca z chorob\u0105 Canavan&#8221; <br><em>II miejsca (ex aequo): <br><\/em>Magdalena Nowak, Piotr Chuchra; &#8222;Od zaburze\u0144 \u0142a\u0144cucha oddechowego po post\u0119puj\u0105c\u0105 ataksj\u0119 &#8211; pacjentka z mutacj\u0105 w genie COQ8A&#8221; <br>Patrycja Rozwadowska, Mariola Jonderko, Ma\u0142gorzata Rodak; &#8222;Czy mutacja CDKL5 wyst\u0119puje tylko u dziewczynek? &#8211; Atypowy zesp\u00f3\u0142 Retta u ch\u0142opca&#8221; <br><br>SESJA 2 &#8211; WIDA\u0106, S\u0141YCHA\u0106, CZU\u0106 <br><em>I miejsce: <\/em><br>Aleksandra Janocha, Anna Hitnarowicz, Aneta Jerzak; &#8222;Psychosomatyczne objawy w postaci ubytk\u00f3w w polu widzenia u pacjentki z chorob\u0105 afektywn\u0105 dwubiegunow\u0105&#8221;<br><em>II miejsce:<\/em> <br>Bo\u017cena Kmak; &#8222;Dziedziczna neuropatia nerwu wzrokowego Lebera \u2013 opis przypadku&#8221; <br><em>III miejsce: <\/em><br>Wojciech Tokarczyk, Aleksandra Schmidt; &#8222;Trudno\u015bci diagnostyczne w ASD &#8211; op\u00f3\u017aniona diagnoza i komplikacje psychiatryczne &#8211; studium przypadku&#8221;<\/p>\n\n\n\n<p>Je\u017celi nie wyra\u017casz zgody na publikacj\u0119 danych osobowych na stronie Studenckiego Towarzystwa Naukowego \u015al\u0105skiego Uniwersytetu Medycznego w Katowicach mo\u017cesz zg\u0142osi\u0107 \u017c\u0105danie ich usuni\u0119cia na adres&nbsp;<a href=\"mailto:zarzad.stn.sum@gmail.com\">zarzad.stn.sum@gmail.com<\/a>.<\/p>\n","protected":false},"excerpt":{"rendered":"<p>Organizator:\u00a0Studenckie Ko\u0142o Naukowe przy Katedrze i Klinice Neurologii Dzieci\u0119cej WNMKTermin nades\u0142ania abstrakt\u00f3w:\u00a006.03.2022 r.\u00a0godzina 23:59Termin konferencji:\u00a019.03.2022 r., godz. 9:00 do godz. 16:00Adres mailowy organizatora: konferencja.cosiewglowiemiesci@gmail.com Link do transmisji Konferencji: https:\/\/www.youtube.com\/watch?v=R1UVomvPec0&amp;ab_channel=SUMKatowice Link do strony Konferencji:&nbsp; http:\/\/konferencja.cosiewglowiemiesci.sum.edu.pl Link do wydarzenia na Facebooku:\u00a0https:\/\/facebook.com\/events\/s\/ii-edycja-konferencji-przypadk\/477759727094465\/ Ksi\u0105\u017cka streszcze\u0144 Roztrzygni\u0119cie Sesji Konkursowych: SESJA 1 &#8211; NEURON I GLEJ I miejsce: Natalia Symela, Julianna &#8230; <a title=\"II Konferencja Przypadk\u00f3w Pediatrycznych &#8222;Co si\u0119 w g\u0142owie mie\u015bci?&#8221;\ufffc\" class=\"read-more\" href=\"https:\/\/stn.sum.edu.pl\/?page_id=731\" aria-label=\"Dowiedz si\u0119 wi\u0119cej o II Konferencja Przypadk\u00f3w Pediatrycznych &#8222;Co si\u0119 w g\u0142owie mie\u015bci?&#8221;\ufffc\">Dowiedz si\u0119 wi\u0119cej<\/a><\/p>\n","protected":false},"author":4,"featured_media":0,"parent":0,"menu_order":0,"comment_status":"closed","ping_status":"closed","template":"","meta":{"footnotes":""},"class_list":["post-731","page","type-page","status-publish"],"_links":{"self":[{"href":"https:\/\/stn.sum.edu.pl\/index.php?rest_route=\/wp\/v2\/pages\/731","targetHints":{"allow":["GET"]}}],"collection":[{"href":"https:\/\/stn.sum.edu.pl\/index.php?rest_route=\/wp\/v2\/pages"}],"about":[{"href":"https:\/\/stn.sum.edu.pl\/index.php?rest_route=\/wp\/v2\/types\/page"}],"author":[{"embeddable":true,"href":"https:\/\/stn.sum.edu.pl\/index.php?rest_route=\/wp\/v2\/users\/4"}],"replies":[{"embeddable":true,"href":"https:\/\/stn.sum.edu.pl\/index.php?rest_route=%2Fwp%2Fv2%2Fcomments&post=731"}],"version-history":[{"count":4,"href":"https:\/\/stn.sum.edu.pl\/index.php?rest_route=\/wp\/v2\/pages\/731\/revisions"}],"predecessor-version":[{"id":778,"href":"https:\/\/stn.sum.edu.pl\/index.php?rest_route=\/wp\/v2\/pages\/731\/revisions\/778"}],"wp:attachment":[{"href":"https:\/\/stn.sum.edu.pl\/index.php?rest_route=%2Fwp%2Fv2%2Fmedia&parent=731"}],"curies":[{"name":"wp","href":"https:\/\/api.w.org\/{rel}","templated":true}]}}