{"id":691,"date":"2022-01-20T22:15:58","date_gmt":"2022-01-20T21:15:58","guid":{"rendered":"https:\/\/stn.sum.edu.pl\/?page_id=691"},"modified":"2022-10-05T20:04:32","modified_gmt":"2022-10-05T18:04:32","slug":"winter-case-cup-2022","status":"publish","type":"page","link":"https:\/\/stn.sum.edu.pl\/?page_id=691","title":{"rendered":"Winter Case Cup 2022"},"content":{"rendered":"\n<p><strong>Organizator:<\/strong> STM SUM<br><strong>Termin wys\u0142ania abstrakt\u00f3w:&nbsp;<\/strong>20.01.2022 r.&nbsp;&#8211; 28.02.2022 r.<br><strong>Termin konferencji:&nbsp;<\/strong>11 &#8211; 12.03.2022 r.<br><strong>Konferencja odb\u0119dzie si\u0119 na Hali Miziowej<\/strong><\/p>\n\n\n\n<p>Link do wydarzenia na Facebooku dost\u0119pny jest&nbsp;<a href=\"https:\/\/fb.me\/e\/14wGCkDah\">tutaj<\/a>.<\/p>\n\n\n\n<p>Link do systemu wysy\u0142ania abstrakt\u00f3w dost\u0119pny jest <a href=\"https:\/\/sf.sum.edu.pl\/mvBfTyuA?fbclid=IwAR3e0xQ4L2raQx5kdiPdQP0r4aSoCfJMF7I7-78xkNu0fKEjvOfUACvXDqg\">tutaj<\/a>.<\/p>\n\n\n\n<p><a href=\"https:\/\/stn.sum.edu.pl\/wp-content\/uploads\/2022\/Konferencje\/REGULAMIN-Studenckiej-Konferencji-Naukowo-Sportowej-Winter-Case-Cup-2022.pdf\">Regulamin Konferencji<\/a><br><a href=\"https:\/\/stn.sum.edu.pl\/wp-content\/uploads\/2022\/Konferencje\/WCC-abstract-book-2022.pdf\">Kasi\u0105\u017cka abstrakt\u00f3w<\/a> <br><a href=\"https:\/\/stn.sum.edu.pl\/?attachment_id=803\" data-type=\"URL\" data-id=\"https:\/\/stn.sum.edu.pl\/?attachment_id=803\">Lista laureat\u00f3w <\/a><\/p>\n\n\n\n<figure class=\"wp-block-image size-large\"><img loading=\"lazy\" decoding=\"async\" width=\"1024\" height=\"450\" src=\"https:\/\/stn.sum.edu.pl\/wp-content\/uploads\/2022\/01\/tlo-fb-1024x450.png\" alt=\"\" class=\"wp-image-692\" srcset=\"https:\/\/stn.sum.edu.pl\/wp-content\/uploads\/2022\/01\/tlo-fb-1024x450.png 1024w, https:\/\/stn.sum.edu.pl\/wp-content\/uploads\/2022\/01\/tlo-fb-300x132.png 300w, https:\/\/stn.sum.edu.pl\/wp-content\/uploads\/2022\/01\/tlo-fb-768x337.png 768w, https:\/\/stn.sum.edu.pl\/wp-content\/uploads\/2022\/01\/tlo-fb-1536x674.png 1536w, https:\/\/stn.sum.edu.pl\/wp-content\/uploads\/2022\/01\/tlo-fb.png 1640w\" sizes=\"auto, (max-width: 1024px) 100vw, 1024px\" \/><\/figure>\n\n\n\n<p>Je\u017celi nie wyra\u017casz zgody na publikacj\u0119 danych osobowych na stronie Studenckiego Towarzystwa Naukowego \u015al\u0105skiego Uniwersytetu Medycznego w Katowicach mo\u017cesz zg\u0142osi\u0107 \u017c\u0105danie ich usuni\u0119cia na adres\u00a0<a href=\"mailto:zarzad.stn.sum@gmail.com\"><a href=\"mailto:stn@365.sum.ed.pl\">stn@365.sum.edu.pl<\/a><\/a><a href=\"stn@365.sum.edu.pl\"> <\/a><\/p>\n","protected":false},"excerpt":{"rendered":"<p>Organizator: STM SUMTermin wys\u0142ania abstrakt\u00f3w:&nbsp;20.01.2022 r.&nbsp;&#8211; 28.02.2022 r.Termin konferencji:&nbsp;11 &#8211; 12.03.2022 r.Konferencja odb\u0119dzie si\u0119 na Hali Miziowej Link do wydarzenia na Facebooku dost\u0119pny jest&nbsp;tutaj. Link do systemu wysy\u0142ania abstrakt\u00f3w dost\u0119pny jest tutaj. Regulamin KonferencjiKasi\u0105\u017cka abstrakt\u00f3w Lista laureat\u00f3w Je\u017celi nie wyra\u017casz zgody na publikacj\u0119 danych osobowych na stronie Studenckiego Towarzystwa Naukowego \u015al\u0105skiego Uniwersytetu Medycznego w Katowicach &#8230; <a title=\"Winter Case Cup 2022\" class=\"read-more\" href=\"https:\/\/stn.sum.edu.pl\/?page_id=691\" aria-label=\"Dowiedz si\u0119 wi\u0119cej o Winter Case Cup 2022\">Dowiedz si\u0119 wi\u0119cej<\/a><\/p>\n","protected":false},"author":4,"featured_media":0,"parent":0,"menu_order":0,"comment_status":"closed","ping_status":"closed","template":"","meta":{"footnotes":""},"class_list":["post-691","page","type-page","status-publish"],"_links":{"self":[{"href":"https:\/\/stn.sum.edu.pl\/index.php?rest_route=\/wp\/v2\/pages\/691","targetHints":{"allow":["GET"]}}],"collection":[{"href":"https:\/\/stn.sum.edu.pl\/index.php?rest_route=\/wp\/v2\/pages"}],"about":[{"href":"https:\/\/stn.sum.edu.pl\/index.php?rest_route=\/wp\/v2\/types\/page"}],"author":[{"embeddable":true,"href":"https:\/\/stn.sum.edu.pl\/index.php?rest_route=\/wp\/v2\/users\/4"}],"replies":[{"embeddable":true,"href":"https:\/\/stn.sum.edu.pl\/index.php?rest_route=%2Fwp%2Fv2%2Fcomments&post=691"}],"version-history":[{"count":9,"href":"https:\/\/stn.sum.edu.pl\/index.php?rest_route=\/wp\/v2\/pages\/691\/revisions"}],"predecessor-version":[{"id":809,"href":"https:\/\/stn.sum.edu.pl\/index.php?rest_route=\/wp\/v2\/pages\/691\/revisions\/809"}],"wp:attachment":[{"href":"https:\/\/stn.sum.edu.pl\/index.php?rest_route=%2Fwp%2Fv2%2Fmedia&parent=691"}],"curies":[{"name":"wp","href":"https:\/\/api.w.org\/{rel}","templated":true}]}}