{"id":662,"date":"2021-12-02T20:21:30","date_gmt":"2021-12-02T19:21:30","guid":{"rendered":"https:\/\/stn.sum.edu.pl\/?page_id=662"},"modified":"2022-01-30T18:36:28","modified_gmt":"2022-01-30T17:36:28","slug":"xi-studencka-ogolnopolska-konferencja-okulistyczna","status":"publish","type":"page","link":"https:\/\/stn.sum.edu.pl\/?page_id=662","title":{"rendered":"XI Studencka Og\u00f3lnopolska Konferencja Okulistyczna"},"content":{"rendered":"\n<p><strong>Organizator:<\/strong>&nbsp;Studenckie Ko\u0142o Naukowe przy Katedrze i Klinice Okulistyki WNMK<br><strong>Termin wys\u0142ania abstrakt\u00f3w:&nbsp;<\/strong>28.11.2020 r.&nbsp;<br><strong>Termin konferencji:&nbsp;<\/strong>4.12.2020 r., godz. 10:00<br><strong>Konferencja online za pomoc\u0105 platformy Zoom<\/strong><br><strong>Adres mailowy organizatora:<\/strong><a href=\"mailto:sum.konferencja.okulistyczna@sum.edu.pl\">&nbsp;sum.konferencja.okulistyczna@sum.edu.pl<\/a><\/p>\n\n\n\n<p>Link do wydarzenia na Facebooku dost\u0119pny jest <a href=\"https:\/\/fb.me\/e\/2U0zhDBNm\">tutaj<\/a>.<\/p>\n\n\n\n<p><strong>Pliki do pobrania:<\/strong><br><a href=\"https:\/\/stn.sum.edu.pl\/wp-content\/uploads\/2022\/Konferencje\/Ksiazka-Streszczen-XI-SOKO-2021r..pdf\">Ksi\u0105\u017cka abstrakt\u00f3w<\/a><a href=\"https:\/\/stn.sum.edu.pl\/wp-content\/uploads\/2020_21\/Konferencje\/Ksi\u0105\u017cka-streszcze\u0144-IX-SOKO1.pdf\"><br><\/a><a href=\"https:\/\/stn.sum.edu.pl\/wp-content\/uploads\/2022\/Konferencje\/Lista-laureatow.pdf\" data-type=\"URL\" data-id=\"https:\/\/stn.sum.edu.pl\/wp-content\/uploads\/2022\/Konferencje\/Lista-laureatow.pdf\">Lista laureat\u00f3w<\/a><\/p>\n\n\n\n<p>Je\u017celi nie wyra\u017casz zgody na publikacj\u0119 danych osobowych na stronie Studenckiego Towarzystwa Naukowego \u015al\u0105skiego Uniwersytetu Medycznego w Katowicach mo\u017cesz zg\u0142osi\u0107 \u017c\u0105danie ich usuni\u0119cia na adres&nbsp;<a href=\"mailto:zarzad.stn.sum@gmail.com\">zarzad.stn.sum@gmail.com<\/a>.<\/p>\n","protected":false},"excerpt":{"rendered":"<p>Organizator:&nbsp;Studenckie Ko\u0142o Naukowe przy Katedrze i Klinice Okulistyki WNMKTermin wys\u0142ania abstrakt\u00f3w:&nbsp;28.11.2020 r.&nbsp;Termin konferencji:&nbsp;4.12.2020 r., godz. 10:00Konferencja online za pomoc\u0105 platformy ZoomAdres mailowy organizatora:&nbsp;sum.konferencja.okulistyczna@sum.edu.pl Link do wydarzenia na Facebooku dost\u0119pny jest tutaj. Pliki do pobrania:Ksi\u0105\u017cka abstrakt\u00f3wLista laureat\u00f3w Je\u017celi nie wyra\u017casz zgody na publikacj\u0119 danych osobowych na stronie Studenckiego Towarzystwa Naukowego \u015al\u0105skiego Uniwersytetu Medycznego w Katowicach mo\u017cesz &#8230; <a title=\"XI Studencka Og\u00f3lnopolska Konferencja Okulistyczna\" class=\"read-more\" href=\"https:\/\/stn.sum.edu.pl\/?page_id=662\" aria-label=\"Dowiedz si\u0119 wi\u0119cej o XI Studencka Og\u00f3lnopolska Konferencja Okulistyczna\">Dowiedz si\u0119 wi\u0119cej<\/a><\/p>\n","protected":false},"author":3,"featured_media":0,"parent":0,"menu_order":0,"comment_status":"closed","ping_status":"closed","template":"","meta":{"footnotes":""},"class_list":["post-662","page","type-page","status-publish"],"_links":{"self":[{"href":"https:\/\/stn.sum.edu.pl\/index.php?rest_route=\/wp\/v2\/pages\/662","targetHints":{"allow":["GET"]}}],"collection":[{"href":"https:\/\/stn.sum.edu.pl\/index.php?rest_route=\/wp\/v2\/pages"}],"about":[{"href":"https:\/\/stn.sum.edu.pl\/index.php?rest_route=\/wp\/v2\/types\/page"}],"author":[{"embeddable":true,"href":"https:\/\/stn.sum.edu.pl\/index.php?rest_route=\/wp\/v2\/users\/3"}],"replies":[{"embeddable":true,"href":"https:\/\/stn.sum.edu.pl\/index.php?rest_route=%2Fwp%2Fv2%2Fcomments&post=662"}],"version-history":[{"count":3,"href":"https:\/\/stn.sum.edu.pl\/index.php?rest_route=\/wp\/v2\/pages\/662\/revisions"}],"predecessor-version":[{"id":719,"href":"https:\/\/stn.sum.edu.pl\/index.php?rest_route=\/wp\/v2\/pages\/662\/revisions\/719"}],"wp:attachment":[{"href":"https:\/\/stn.sum.edu.pl\/index.php?rest_route=%2Fwp%2Fv2%2Fmedia&parent=662"}],"curies":[{"name":"wp","href":"https:\/\/api.w.org\/{rel}","templated":true}]}}