{"id":651,"date":"2021-12-02T19:59:21","date_gmt":"2021-12-02T18:59:21","guid":{"rendered":"https:\/\/stn.sum.edu.pl\/?page_id=651"},"modified":"2021-12-02T20:00:41","modified_gmt":"2021-12-02T19:00:41","slug":"sklad-zarzadu-2020-21","status":"publish","type":"page","link":"https:\/\/stn.sum.edu.pl\/?page_id=651","title":{"rendered":"Sk\u0142ad Zarz\u0105du 2020\/21"},"content":{"rendered":"\n<p>PRZEWODNICZ\u0104CA:<\/p>\n\n\n\n<p id=\"block-1fff4b76-8b48-488f-99f2-8efc27f9e959\"><strong>Marianna \u0141oskot<\/strong><\/p>\n\n\n\n<p id=\"block-fbaec8fd-03f8-4a6d-abc0-614e114b38d6\">Wydzia\u0142 Nauk Medycznych w Katowicach<br>e-mail:&nbsp;<a href=\"mailto:marianna.loskot@gmail.com\">marianna.loskot@gmail.com<\/a><\/p>\n\n\n\n<h5 class=\"wp-block-heading\" id=\"block-a8612b11-062f-4ade-b171-d9c95442519b\">ZAST\u0118PCY:<\/h5>\n\n\n\n<p id=\"block-9277784f-80eb-4373-b958-4f225982fc91\"><strong>Piotr Lewandowski<\/strong><\/p>\n\n\n\n<p id=\"block-679f24ee-61dd-41d0-ab09-6d3b03cd7a01\">Wydzia\u0142&nbsp;Nauk Medycznych w Zabrzu<br>e-mail: <a href=\"mailto:piotr@lewandowski.work\">piotr@lewandowski.work<\/a><\/p>\n\n\n\n<p id=\"block-dc426aa8-135a-437d-b7a1-1324c0e7bcd1\"><strong>Regina Wysocka<\/strong><\/p>\n\n\n\n<p id=\"block-d512e851-fdbc-492c-972e-b05bcd76fb8b\">Wydzia\u0142 Nauk o Zdrowiu w Katowicach<br>e-mail:&nbsp;<a href=\"mailto:regina.wysocka@o2.pl\">regina.wysocka@o2.pl<\/a>&nbsp;<\/p>\n\n\n\n<h5 class=\"wp-block-heading\" id=\"block-391ab89d-8e81-493f-8e58-a91af3c64a51\">CZ\u0141ONKOWIE ZARZ\u0104DU:<\/h5>\n\n\n\n<p id=\"block-b02db1de-5707-43bb-8417-5d3eb97fd2f8\"><strong>Patryk Kwapie\u0144<\/strong><\/p>\n\n\n\n<p id=\"block-f1349ceb-3fc8-43a7-aa49-096c978c2d11\">Wydzia\u0142 Nauk Medycznych w Katowicach<br>e-mail:&nbsp;<a href=\"mailto:kwapienpatryk@gmail.com\">kwapienpatryk@gmail.com<\/a><\/p>\n\n\n\n<p id=\"block-f0b04db1-e654-4892-930e-e3cd7cd193c2\"><strong>Aleksandra Mroskowiak<br><\/strong><br>Wydzia\u0142&nbsp;Nauk Medycznych w Katowicach<br>e-mail:&nbsp;<a href=\"mailto:olamroskowiak@gmail.com\">olamroskowiak@gmail.com<\/a><\/p>\n\n\n\n<p id=\"block-85499678-dd38-4359-a946-533853b1f04b\"><strong>Paulina Czado<\/strong><\/p>\n\n\n\n<p id=\"block-f452179f-cbbd-408f-a33f-083c6404c11d\">Wydzia\u0142 Nauk Medycznych w Zabrzu<br>e-mail:&nbsp;<a href=\"mailto:paulaczado@gmail.com\">paulaczado@gmail.com<\/a><\/p>\n\n\n\n<p id=\"block-6ab5a7ea-91a1-41ac-b09b-12c6e7e17d2b\"><strong>Maria Stec<\/strong><\/p>\n\n\n\n<p id=\"block-152a1df3-32e1-42a5-b43e-164e2f2e75d3\">Wydzia\u0142 Nauk Medycznych w Zabrzu<br>e-mail<a href=\"mailto:piotr@lewandowski.work\">: <\/a><a href=\"mailto:mariaannastec@gmail.com\">mariaannastec@gmail.com<\/a><\/p>\n\n\n\n<p id=\"block-49296013-5f63-4d0b-a0c4-4fc7f84a85d6\"><strong>Kinga Dobosz<\/strong><\/p>\n\n\n\n<p id=\"block-e227fbb9-8cd8-4913-a907-aa1854ac397d\">Wydzia\u0142&nbsp;Nauk Farmaceutycznych w Sosnowcu<br>e-mail:&nbsp;<a href=\"mailto:kingaddbb@gmail.com\">kingaddbb@gmail.com<\/a><\/p>\n\n\n\n<p id=\"block-8d771ae1-8fdc-4d6d-a683-cd8a8e027646\"><strong>Karol Krystek<\/strong><\/p>\n\n\n\n<p id=\"block-d3627a9d-bc3d-487b-bd22-8790fc80a143\">Wydzia\u0142&nbsp;Nauk Farmaceutycznych w Sosnowcu<br>e-mail:&nbsp;<a href=\"mailto:kjdkrystek@gmaii.com\">kjdkrystek@gmail.com<\/a><\/p>\n\n\n\n<p id=\"block-83bda616-5271-4361-b377-1533b237f317\"><strong>Barbara<\/strong> <strong>Janota<\/strong><\/p>\n\n\n\n<p id=\"block-515dfe22-6926-4839-8f5b-1494414f0c1d\">Wydzia\u0142 Nauk o Zdrowiu&nbsp;w Bytomiu<br>e-mail: <a href=\"mailto:barbarajanota5@gmail.com\">barbarajanota5@gmail.com<\/a><\/p>\n\n\n\n<p id=\"block-5484aff7-3dcc-4a71-a603-9e7206492c9c\"><strong>Weronika Gwio\u017adzik<\/strong><\/p>\n\n\n\n<p id=\"block-3acffb0c-ed3d-41b7-b5e2-546abe75d294\">Wydzia\u0142 Nauk o Zdrowiu&nbsp;w Bytomiu<br>e-mail: <a href=\"mailto:w.gwiozdzik@wp.pl\">w.gwiozdzik@wp.pl<\/a><\/p>\n\n\n\n<p id=\"block-123b27cb-b502-40d0-9a31-0db5540ff7b4\"><strong>Wiktor D\u0105browski<\/strong><\/p>\n\n\n\n<p id=\"block-27640d9e-d9dd-4131-a5a6-ec8ca5237a34\">Wydzia\u0142 Nauk o Zdrowiu w Katowicach<br>e-mail:&nbsp;<a href=\"mailto:wdab18@gmail.com\">wdab18@gmail.com<\/a><\/p>\n\n\n\n<p id=\"block-2ee20139-2451-40fa-a7c3-66a9954e7870\"><strong>Maciej Ku\u015b<\/strong><\/p>\n\n\n\n<p id=\"block-416fbcf9-f6d4-4727-9593-7bba4fa4e32d\">Wydzia\u0142 Nauk o Zdrowiu w Katowicach<br>e-mail:&nbsp;<a href=\"mailto:maciejkus97@gmail.com\">maciejkus97@gmail.com<\/a><\/p>\n\n\n\n<p>KURATOR STN SUM:<\/p>\n\n\n\n<p><strong>prof. dr hab. n. med. Micha\u0142 HOLECKI<\/strong><\/p>\n\n\n\n<p>KIEROWNIK<br>Katedry i Kliniki Chor\u00f3b Wewn\u0119trznych, Autoimmunologicznych i Metabolicznych<br>Wydzia\u0142u Nauk Medycznych w Katowicach<br>\u015al\u0105skiego Uniwersytetu Medycznego w Katowicach<br>ul. Medyk\u00f3w 14, 40-752 Katowice<\/p>\n\n\n\n<p><strong>prof. dr hab. n. med. Micha\u0142 HOLECKI<\/strong><\/p>\n\n\n\n<p>Head of Department\u00a0<br>Department of Internal Medicine, Autoimmune and Metabolic Diseases<br>Faculty of Medical Sciences in Katowice<br>Medical University of Silesia, Katowice, Poland<br>ul. Medyk\u00f3w 14, 40-752 Katowice<\/p>\n\n\n\n<p>KOMISJA REWIZYJNA:<\/p>\n\n\n\n<p><strong>Marcin Kostuj<\/strong><\/p>\n\n\n\n<p><a href=\"mailto:m_kostuj@interia.pl\">m_kostuj@interia.pl<\/a><\/p>\n\n\n\n<p><strong>Aleksandra G\u0142uszek<\/strong><\/p>\n\n\n\n<p><a href=\"mailto:ola.gluszek1@gmail.com\">ola.gluszek1@gmail.com<\/a><\/p>\n\n\n\n<p><strong>Iga \u015alusarczyk<\/strong><\/p>\n\n\n\n<p><a href=\"mailto:slusarczyk.iga@gmail.com\">slusarczyk.iga@gmail.com<\/a><\/p>\n","protected":false},"excerpt":{"rendered":"<p>PRZEWODNICZ\u0104CA: Marianna \u0141oskot Wydzia\u0142 Nauk Medycznych w Katowicache-mail:&nbsp;marianna.loskot@gmail.com ZAST\u0118PCY: Piotr Lewandowski Wydzia\u0142&nbsp;Nauk Medycznych w Zabrzue-mail: piotr@lewandowski.work Regina Wysocka Wydzia\u0142 Nauk o Zdrowiu w Katowicache-mail:&nbsp;regina.wysocka@o2.pl&nbsp; CZ\u0141ONKOWIE ZARZ\u0104DU: Patryk Kwapie\u0144 Wydzia\u0142 Nauk Medycznych w Katowicache-mail:&nbsp;kwapienpatryk@gmail.com Aleksandra MroskowiakWydzia\u0142&nbsp;Nauk Medycznych w Katowicache-mail:&nbsp;olamroskowiak@gmail.com Paulina Czado Wydzia\u0142 Nauk Medycznych w Zabrzue-mail:&nbsp;paulaczado@gmail.com Maria Stec Wydzia\u0142 Nauk Medycznych w Zabrzue-mail: mariaannastec@gmail.com Kinga Dobosz &#8230; <a title=\"Sk\u0142ad Zarz\u0105du 2020\/21\" class=\"read-more\" href=\"https:\/\/stn.sum.edu.pl\/?page_id=651\" aria-label=\"Dowiedz si\u0119 wi\u0119cej o Sk\u0142ad Zarz\u0105du 2020\/21\">Dowiedz si\u0119 wi\u0119cej<\/a><\/p>\n","protected":false},"author":3,"featured_media":0,"parent":0,"menu_order":0,"comment_status":"closed","ping_status":"closed","template":"","meta":{"footnotes":""},"class_list":["post-651","page","type-page","status-publish"],"_links":{"self":[{"href":"https:\/\/stn.sum.edu.pl\/index.php?rest_route=\/wp\/v2\/pages\/651","targetHints":{"allow":["GET"]}}],"collection":[{"href":"https:\/\/stn.sum.edu.pl\/index.php?rest_route=\/wp\/v2\/pages"}],"about":[{"href":"https:\/\/stn.sum.edu.pl\/index.php?rest_route=\/wp\/v2\/types\/page"}],"author":[{"embeddable":true,"href":"https:\/\/stn.sum.edu.pl\/index.php?rest_route=\/wp\/v2\/users\/3"}],"replies":[{"embeddable":true,"href":"https:\/\/stn.sum.edu.pl\/index.php?rest_route=%2Fwp%2Fv2%2Fcomments&post=651"}],"version-history":[{"count":2,"href":"https:\/\/stn.sum.edu.pl\/index.php?rest_route=\/wp\/v2\/pages\/651\/revisions"}],"predecessor-version":[{"id":654,"href":"https:\/\/stn.sum.edu.pl\/index.php?rest_route=\/wp\/v2\/pages\/651\/revisions\/654"}],"wp:attachment":[{"href":"https:\/\/stn.sum.edu.pl\/index.php?rest_route=%2Fwp%2Fv2%2Fmedia&parent=651"}],"curies":[{"name":"wp","href":"https:\/\/api.w.org\/{rel}","templated":true}]}}