{"id":44,"date":"2020-01-22T00:49:12","date_gmt":"2020-01-21T23:49:12","guid":{"rendered":"https:\/\/stn2.sum.edu.pl\/?page_id=44"},"modified":"2025-11-28T21:23:41","modified_gmt":"2025-11-28T20:23:41","slug":"zarzad-stn-sum","status":"publish","type":"page","link":"https:\/\/stn.sum.edu.pl\/?page_id=44","title":{"rendered":"Zarz\u0105d STN SUM w Katowicach"},"content":{"rendered":"\n<h5 class=\"wp-block-heading\">PRZEWODNICZ\u0104CY:<\/h5>\n\n\n\n<p><strong>Julia Herbu\u015b<\/strong><\/p>\n\n\n\n<p>Wydzia\u0142&nbsp;Nauk Farmaceutycznych w Sosnowcu<br>e-mail: s84625@365.sum.edu.pl<\/p>\n\n\n\n<p><\/p>\n\n\n\n<h5 class=\"wp-block-heading\">ZAST\u0118PCY:<\/h5>\n\n\n\n<p><strong>Micha\u0142 Azierski<br><\/strong><br>Wydzia\u0142\u00a0Nauk Medycznych w Katowicach<br>e-mail:\u00a0s82673@365.sum.edu.pl<\/p>\n\n\n\n<p><strong>Jakub Fiegler-Rudol<\/strong><\/p>\n\n\n\n<p>Wydzia\u0142 Nauk Medycznych w Zabrzu <br>e-mail<a href=\"mailto:piotr@lewandowski.work\">: <\/a>s88998@365.sum.edu.pl<\/p>\n\n\n\n<p><\/p>\n\n\n\n<h5 class=\"wp-block-heading\">CZ\u0141ONKOWIE ZARZ\u0104DU:<\/h5>\n\n\n\n<p><strong>Julia Szl\u0105\u017cek<br><\/strong><br>Wydzia\u0142\u00a0Nauk Medycznych w Katowicach<br>e-mail:\u00a0s83163@365.sum.edu.pl<\/p>\n\n\n\n<p><strong>Olivier Po\u0142e\u0107<\/strong><\/p>\n\n\n\n<p>Wydzia\u0142 Nauk Medycznych w Katowicach<br>e-mail:\u00a0s86111@365.sum.edu.pl<\/p>\n\n\n\n<p><strong>Piotr Ziobro<\/strong><\/p>\n\n\n\n<p>Wydzia\u0142 Nauk Medycznych w Zabrzu<br>e-mail:&nbsp;s86367@365.sum.edu.pl<\/p>\n\n\n\n<p><strong>Agnieszka Sawina<\/strong><\/p>\n\n\n\n<p>Wydzia\u0142 Nauk Medycznych w Zabrzu <br>e-mail<a href=\"mailto:piotr@lewandowski.work\">: <\/a>s86169@365.sum.edu.pl<\/p>\n\n\n\n<p><strong>Marta G\u0119do\u015b<\/strong><\/p>\n\n\n\n<p>Wydzia\u0142&nbsp;Nauk Farmaceutycznych w Sosnowcu<br>e-mail:&nbsp;s87193@365.sum.edu.pl<\/p>\n\n\n\n<p><strong>Marta Aksamit<\/strong><\/p>\n\n\n\n<p>Wydzia\u0142\u00a0Nauk Farmaceutycznych w Sosnowcu<br>e-mail: s92209@365.sum.edu.pl<\/p>\n\n\n\n<p><strong>Maja Grzybowska<\/strong><\/p>\n\n\n\n<p>Wydzia\u0142 Nauk o Zdrowiu\u00a0w Bytomiu<br>e-mail: s84601@365.sum.edu.pl<\/p>\n\n\n\n<p><strong>Olaf Gumi\u0144ski<\/strong><\/p>\n\n\n\n<p>Wydzia\u0142 Nauk o Zdrowiu w Katowicach<br>e-mail: s89121@365.sum.edu.pl<\/p>\n\n\n\n<p><strong>Hanna Stochnia\u0142ek<\/strong><\/p>\n\n\n\n<p>Wydzia\u0142 Nauk o Zdrowiu w Katowicach<br>e-mail: s90571@365.sum.edu.pl<\/p>\n\n\n\n<p><\/p>\n","protected":false},"excerpt":{"rendered":"<p>PRZEWODNICZ\u0104CY: Julia Herbu\u015b Wydzia\u0142&nbsp;Nauk Farmaceutycznych w Sosnowcue-mail: s84625@365.sum.edu.pl ZAST\u0118PCY: Micha\u0142 AzierskiWydzia\u0142\u00a0Nauk Medycznych w Katowicache-mail:\u00a0s82673@365.sum.edu.pl Jakub Fiegler-Rudol Wydzia\u0142 Nauk Medycznych w Zabrzu e-mail: s88998@365.sum.edu.pl CZ\u0141ONKOWIE ZARZ\u0104DU: Julia Szl\u0105\u017cekWydzia\u0142\u00a0Nauk Medycznych w Katowicache-mail:\u00a0s83163@365.sum.edu.pl Olivier Po\u0142e\u0107 Wydzia\u0142 Nauk Medycznych w Katowicache-mail:\u00a0s86111@365.sum.edu.pl Piotr Ziobro Wydzia\u0142 Nauk Medycznych w Zabrzue-mail:&nbsp;s86367@365.sum.edu.pl Agnieszka Sawina Wydzia\u0142 Nauk Medycznych w Zabrzu e-mail: s86169@365.sum.edu.pl Marta G\u0119do\u015b &#8230; <a title=\"Zarz\u0105d STN SUM w Katowicach\" class=\"read-more\" href=\"https:\/\/stn.sum.edu.pl\/?page_id=44\" aria-label=\"Dowiedz si\u0119 wi\u0119cej o Zarz\u0105d STN SUM w Katowicach\">Dowiedz si\u0119 wi\u0119cej<\/a><\/p>\n","protected":false},"author":3,"featured_media":0,"parent":0,"menu_order":0,"comment_status":"closed","ping_status":"closed","template":"","meta":{"footnotes":""},"class_list":["post-44","page","type-page","status-publish"],"_links":{"self":[{"href":"https:\/\/stn.sum.edu.pl\/index.php?rest_route=\/wp\/v2\/pages\/44","targetHints":{"allow":["GET"]}}],"collection":[{"href":"https:\/\/stn.sum.edu.pl\/index.php?rest_route=\/wp\/v2\/pages"}],"about":[{"href":"https:\/\/stn.sum.edu.pl\/index.php?rest_route=\/wp\/v2\/types\/page"}],"author":[{"embeddable":true,"href":"https:\/\/stn.sum.edu.pl\/index.php?rest_route=\/wp\/v2\/users\/3"}],"replies":[{"embeddable":true,"href":"https:\/\/stn.sum.edu.pl\/index.php?rest_route=%2Fwp%2Fv2%2Fcomments&post=44"}],"version-history":[{"count":12,"href":"https:\/\/stn.sum.edu.pl\/index.php?rest_route=\/wp\/v2\/pages\/44\/revisions"}],"predecessor-version":[{"id":1251,"href":"https:\/\/stn.sum.edu.pl\/index.php?rest_route=\/wp\/v2\/pages\/44\/revisions\/1251"}],"wp:attachment":[{"href":"https:\/\/stn.sum.edu.pl\/index.php?rest_route=%2Fwp%2Fv2%2Fmedia&parent=44"}],"curies":[{"name":"wp","href":"https:\/\/api.w.org\/{rel}","templated":true}]}}