{"id":390,"date":"2020-12-02T13:39:54","date_gmt":"2020-12-02T12:39:54","guid":{"rendered":"https:\/\/stn.sum.edu.pl\/?page_id=390"},"modified":"2021-01-10T23:36:03","modified_gmt":"2021-01-10T22:36:03","slug":"konferencja-przypadkow-pediatrycznych-co-sie-w-glowie-miesci","status":"publish","type":"page","link":"https:\/\/stn.sum.edu.pl\/?page_id=390","title":{"rendered":"Konferencja Przypadk\u00f3w Pediatrycznych &#8222;Co si\u0119 w g\u0142owie mie\u015bci&#8221;"},"content":{"rendered":"\n<p><strong>Organizator:<\/strong>&nbsp;Studenckie Ko\u0142o Naukowe przy Katedrze i Klinice Neurologii Dzieci\u0119cej WNMK<br><strong>Termin nades\u0142ania abstrakt\u00f3w:&nbsp;<\/strong>18.12.2020 r.&nbsp;<br><strong>Termin konferencji:&nbsp;<\/strong>9.01.2021 r., godz. 9:00<br><strong>Konferencja online za pomoc\u0105 platformy Zoom<\/strong><br><strong>Adres mailowy organizatora:<\/strong>&nbsp;<a href=\"mailto:konferencja.cosiewglowiemiesci@gmail.com\">konferencja.cosiewglowiemiesci@gmail.com<\/a><\/p>\n\n\n\n<p><strong>Link do strony Konferencji:<\/strong>  <a href=\"http:\/\/konferencja.cosiewglowiemiesci.sum.edu.pl\">http:\/\/konferencja.cosiewglowiemiesci.sum.edu.pl<\/a> <\/p>\n\n\n\n<p><strong>Nagrania konferencji: <\/strong><a href=\"https:\/\/youtu.be\/tGw5Dn2h1EY\">https:\/\/youtu.be\/tGw5Dn2h1EY<\/a> <\/p>\n\n\n\n<p><\/p>\n\n\n\n<div class=\"wp-block-file\"><a href=\"https:\/\/stn.sum.edu.pl\/wp-content\/uploads\/2020_21\/Konferencje\/Konferencja_Przypadk\u00f3w_Pediatrycznych\/Ksi\u0105\u017cka-Streszcze\u0144.pdf\">Ksi\u0105\u017cka Streszcze\u0144<\/a><\/div>\n\n\n\n<p><\/p>\n\n\n\n<div class=\"wp-block-file\"><a href=\"https:\/\/stn.sum.edu.pl\/wp-content\/uploads\/2020_21\/Konferencje\/Konferencja_Przypadk\u00f3w_Pediatrycznych\/Rozstrzygni\u0119cie-sesji-konkursowych.pdf\">Rozstrzygni\u0119cie sesji konkursowych<\/a><\/div>\n\n\n\n<p>Je\u017celi nie wyra\u017casz zgody na publikacj\u0119 danych osobowych na stronie Studenckiego Towarzystwa Naukowego \u015al\u0105skiego Uniwersytetu Medycznego w Katowicach mo\u017cesz zg\u0142osi\u0107 \u017c\u0105danie ich usuni\u0119cia na adres <a href=\"mailto:zarzad.stn.sum@gmail.com\">zarzad.stn.sum@gmail.com<\/a>.<\/p>\n","protected":false},"excerpt":{"rendered":"<p>Organizator:&nbsp;Studenckie Ko\u0142o Naukowe przy Katedrze i Klinice Neurologii Dzieci\u0119cej WNMKTermin nades\u0142ania abstrakt\u00f3w:&nbsp;18.12.2020 r.&nbsp;Termin konferencji:&nbsp;9.01.2021 r., godz. 9:00Konferencja online za pomoc\u0105 platformy ZoomAdres mailowy organizatora:&nbsp;konferencja.cosiewglowiemiesci@gmail.com Link do strony Konferencji: http:\/\/konferencja.cosiewglowiemiesci.sum.edu.pl Nagrania konferencji: https:\/\/youtu.be\/tGw5Dn2h1EY Je\u017celi nie wyra\u017casz zgody na publikacj\u0119 danych osobowych na stronie Studenckiego Towarzystwa Naukowego \u015al\u0105skiego Uniwersytetu Medycznego w Katowicach mo\u017cesz zg\u0142osi\u0107 \u017c\u0105danie ich usuni\u0119cia &#8230; <a title=\"Konferencja Przypadk\u00f3w Pediatrycznych &#8222;Co si\u0119 w g\u0142owie mie\u015bci&#8221;\" class=\"read-more\" href=\"https:\/\/stn.sum.edu.pl\/?page_id=390\" aria-label=\"Dowiedz si\u0119 wi\u0119cej o Konferencja Przypadk\u00f3w Pediatrycznych &#8222;Co si\u0119 w g\u0142owie mie\u015bci&#8221;\">Dowiedz si\u0119 wi\u0119cej<\/a><\/p>\n","protected":false},"author":4,"featured_media":0,"parent":0,"menu_order":0,"comment_status":"closed","ping_status":"closed","template":"","meta":{"footnotes":""},"class_list":["post-390","page","type-page","status-publish"],"_links":{"self":[{"href":"https:\/\/stn.sum.edu.pl\/index.php?rest_route=\/wp\/v2\/pages\/390","targetHints":{"allow":["GET"]}}],"collection":[{"href":"https:\/\/stn.sum.edu.pl\/index.php?rest_route=\/wp\/v2\/pages"}],"about":[{"href":"https:\/\/stn.sum.edu.pl\/index.php?rest_route=\/wp\/v2\/types\/page"}],"author":[{"embeddable":true,"href":"https:\/\/stn.sum.edu.pl\/index.php?rest_route=\/wp\/v2\/users\/4"}],"replies":[{"embeddable":true,"href":"https:\/\/stn.sum.edu.pl\/index.php?rest_route=%2Fwp%2Fv2%2Fcomments&post=390"}],"version-history":[{"count":8,"href":"https:\/\/stn.sum.edu.pl\/index.php?rest_route=\/wp\/v2\/pages\/390\/revisions"}],"predecessor-version":[{"id":439,"href":"https:\/\/stn.sum.edu.pl\/index.php?rest_route=\/wp\/v2\/pages\/390\/revisions\/439"}],"wp:attachment":[{"href":"https:\/\/stn.sum.edu.pl\/index.php?rest_route=%2Fwp%2Fv2%2Fmedia&parent=390"}],"curies":[{"name":"wp","href":"https:\/\/api.w.org\/{rel}","templated":true}]}}