{"id":381,"date":"2020-11-19T13:55:36","date_gmt":"2020-11-19T12:55:36","guid":{"rendered":"https:\/\/stn.sum.edu.pl\/?page_id=381"},"modified":"2020-11-19T13:55:37","modified_gmt":"2020-11-19T12:55:37","slug":"ix-studencka-ogolnopolska-konferencja-okulistyczna","status":"publish","type":"page","link":"https:\/\/stn.sum.edu.pl\/?page_id=381","title":{"rendered":"IX Studencka Og\u00f3lnopolska Konferencja Okulistyczna"},"content":{"rendered":"\n<p><strong>Organizator:<\/strong>\u00a0Studenckie Ko\u0142o Naukowe przy Katedrze i Klinice Okulistyki WNMK<br><strong>Termin konferencji:\u00a0<\/strong>13.12.2020 r.<br><strong>Miejsce: <\/strong>Uniwersyteckie Centrum Kliniczne im. prof. K. Gibi\u0144skiego\u00a0\u015al\u0105skiego Uniwersytetu Medycznego w Katowicach, ul. Ceglana 35, Katowice<\/p>\n\n\n\n<p>Ksi\u0105\u017cka abstrakt\u00f3w dost\u0119pna jest do pobrania <a href=\"https:\/\/stn.sum.edu.pl\/wp-content\/uploads\/2019_20\/Konferencje\/Ksi\u0105\u017cka-streszcze\u0144-IX-SOKO1.pdf\">tutaj<\/a>.<\/p>\n","protected":false},"excerpt":{"rendered":"<p>Organizator:\u00a0Studenckie Ko\u0142o Naukowe przy Katedrze i Klinice Okulistyki WNMKTermin konferencji:\u00a013.12.2020 r.Miejsce: Uniwersyteckie Centrum Kliniczne im. prof. K. Gibi\u0144skiego\u00a0\u015al\u0105skiego Uniwersytetu Medycznego w Katowicach, ul. Ceglana 35, Katowice Ksi\u0105\u017cka abstrakt\u00f3w dost\u0119pna jest do pobrania tutaj.<\/p>\n","protected":false},"author":3,"featured_media":0,"parent":0,"menu_order":0,"comment_status":"closed","ping_status":"closed","template":"","meta":{"footnotes":""},"class_list":["post-381","page","type-page","status-publish"],"_links":{"self":[{"href":"https:\/\/stn.sum.edu.pl\/index.php?rest_route=\/wp\/v2\/pages\/381","targetHints":{"allow":["GET"]}}],"collection":[{"href":"https:\/\/stn.sum.edu.pl\/index.php?rest_route=\/wp\/v2\/pages"}],"about":[{"href":"https:\/\/stn.sum.edu.pl\/index.php?rest_route=\/wp\/v2\/types\/page"}],"author":[{"embeddable":true,"href":"https:\/\/stn.sum.edu.pl\/index.php?rest_route=\/wp\/v2\/users\/3"}],"replies":[{"embeddable":true,"href":"https:\/\/stn.sum.edu.pl\/index.php?rest_route=%2Fwp%2Fv2%2Fcomments&post=381"}],"version-history":[{"count":1,"href":"https:\/\/stn.sum.edu.pl\/index.php?rest_route=\/wp\/v2\/pages\/381\/revisions"}],"predecessor-version":[{"id":382,"href":"https:\/\/stn.sum.edu.pl\/index.php?rest_route=\/wp\/v2\/pages\/381\/revisions\/382"}],"wp:attachment":[{"href":"https:\/\/stn.sum.edu.pl\/index.php?rest_route=%2Fwp%2Fv2%2Fmedia&parent=381"}],"curies":[{"name":"wp","href":"https:\/\/api.w.org\/{rel}","templated":true}]}}