{"id":38,"date":"2020-01-22T00:42:57","date_gmt":"2020-01-21T23:42:57","guid":{"rendered":"https:\/\/stn2.sum.edu.pl\/?page_id=38"},"modified":"2020-01-22T01:26:43","modified_gmt":"2020-01-22T00:26:43","slug":"studenckie-towarzystwo-naukowe-sum","status":"publish","type":"page","link":"https:\/\/stn.sum.edu.pl\/?page_id=38","title":{"rendered":"Studenckie Towarzystwo Naukowe"},"content":{"rendered":"\n<p>Studenckie Towarzystwo Naukowe jest organizacj\u0105 studenck\u0105, kt\u00f3ra zrzesza ko\u0142a naukowe dzia\u0142aj\u0105ce przy ka\u017cdym z pi\u0119ciu wydzia\u0142\u00f3w \u015al\u0105skiego Uniwersytetu Medycznego w Katowicach.<\/p>\n\n\n\n<p>Celem STN jest koordynacja dzia\u0142alno\u015bci Studenckich K\u00f3\u0142 Naukowych, wsp\u00f3\u0142uczestnictwo w \u017cyciu naukowym Uniwersytetu oraz reprezentowanie studenckiego ruchu naukowego i jego osi\u0105gni\u0119\u0107 wobec W\u0142adz Uniwersytetu i innych organizacji naukowych. STN prowadzi rejestr k\u00f3\u0142 naukowych dzia\u0142aj\u0105cych przy SUM, organizuje konferencje oraz przyznaje nagrody najlepszym studentom.<\/p>\n\n\n\n<p>Gor\u0105co zach\u0119camy do czynnej wsp\u00f3\u0142pracy z ko\u0142ami naukowymi, gdy\u017c zdobyte do\u015bwiadczenia niew\u0105tpliwie zaowocuj\u0105 w przysz\u0142o\u015bci. Uczestnictwo w konferencjach na szczeblu uczelnianym, og\u00f3lnopolskim i mi\u0119dzynarodowym, zdobyte nagrody i wyr\u00f3\u017cnienia, a w efekcie zwie\u0144czenie pracy w postaci publikacji stanowi wa\u017cny element w \u017cyciorysie i naukowej karierze ka\u017cdego absolwenta.<\/p>\n","protected":false},"excerpt":{"rendered":"<p>Studenckie Towarzystwo Naukowe jest organizacj\u0105 studenck\u0105, kt\u00f3ra zrzesza ko\u0142a naukowe dzia\u0142aj\u0105ce przy ka\u017cdym z pi\u0119ciu wydzia\u0142\u00f3w \u015al\u0105skiego Uniwersytetu Medycznego w Katowicach. Celem STN jest koordynacja dzia\u0142alno\u015bci Studenckich K\u00f3\u0142 Naukowych, wsp\u00f3\u0142uczestnictwo w \u017cyciu naukowym Uniwersytetu oraz reprezentowanie studenckiego ruchu naukowego i jego osi\u0105gni\u0119\u0107 wobec W\u0142adz Uniwersytetu i innych organizacji naukowych. STN prowadzi rejestr k\u00f3\u0142 naukowych dzia\u0142aj\u0105cych &#8230; <a title=\"Studenckie Towarzystwo Naukowe\" class=\"read-more\" href=\"https:\/\/stn.sum.edu.pl\/?page_id=38\" aria-label=\"Dowiedz si\u0119 wi\u0119cej o Studenckie Towarzystwo Naukowe\">Dowiedz si\u0119 wi\u0119cej<\/a><\/p>\n","protected":false},"author":3,"featured_media":0,"parent":0,"menu_order":0,"comment_status":"closed","ping_status":"closed","template":"","meta":{"footnotes":""},"class_list":["post-38","page","type-page","status-publish"],"_links":{"self":[{"href":"https:\/\/stn.sum.edu.pl\/index.php?rest_route=\/wp\/v2\/pages\/38","targetHints":{"allow":["GET"]}}],"collection":[{"href":"https:\/\/stn.sum.edu.pl\/index.php?rest_route=\/wp\/v2\/pages"}],"about":[{"href":"https:\/\/stn.sum.edu.pl\/index.php?rest_route=\/wp\/v2\/types\/page"}],"author":[{"embeddable":true,"href":"https:\/\/stn.sum.edu.pl\/index.php?rest_route=\/wp\/v2\/users\/3"}],"replies":[{"embeddable":true,"href":"https:\/\/stn.sum.edu.pl\/index.php?rest_route=%2Fwp%2Fv2%2Fcomments&post=38"}],"version-history":[{"count":4,"href":"https:\/\/stn.sum.edu.pl\/index.php?rest_route=\/wp\/v2\/pages\/38\/revisions"}],"predecessor-version":[{"id":107,"href":"https:\/\/stn.sum.edu.pl\/index.php?rest_route=\/wp\/v2\/pages\/38\/revisions\/107"}],"wp:attachment":[{"href":"https:\/\/stn.sum.edu.pl\/index.php?rest_route=%2Fwp%2Fv2%2Fmedia&parent=38"}],"curies":[{"name":"wp","href":"https:\/\/api.w.org\/{rel}","templated":true}]}}