{"id":370,"date":"2020-11-19T11:05:53","date_gmt":"2020-11-19T10:05:53","guid":{"rendered":"https:\/\/stn.sum.edu.pl\/?page_id=370"},"modified":"2021-12-02T20:37:13","modified_gmt":"2021-12-02T19:37:13","slug":"x-studencka-ogolnopolska-konferencja-okulistyczna","status":"publish","type":"page","link":"https:\/\/stn.sum.edu.pl\/?page_id=370","title":{"rendered":"X Studencka Og\u00f3lnopolska Konferencja Okulistyczna"},"content":{"rendered":"\n<p><strong>Organizator:<\/strong> Studenckie Ko\u0142o Naukowe przy Katedrze i Klinice Okulistyki WNMK<br><strong>Termin wys\u0142ania abstrakt\u00f3w: <\/strong>29.11.2020 r. <br><strong>Termin konferencji: <\/strong>12.12.2020 r., godz. 11:00<br><strong>Konferencja online za pomoc\u0105 platformy Zoom<\/strong><br><strong>Adres mailowy organizatora:<\/strong><a href=\"mailto:sum.konferencja.okulistyczna@sum.edu.pl\"> sum.konferencja.okulistyczna@sum.edu.pl<\/a><\/p>\n\n\n\n<p>Link do wydarzenia na Facebooku dost\u0119pny jest <a href=\"https:\/\/www.facebook.com\/events\/611528486203114\">tutaj<\/a>.<\/p>\n\n\n\n<p><strong>Pliki do pobrania:<\/strong><br><a href=\"https:\/\/stn.sum.edu.pl\/wp-content\/uploads\/2020_21\/Konferencje\/X_Og\u00f3lnopolska_Konferencja_Okulistyczna\/Ksia_z_ka-streszczen_-X-SOKO.pdf\">Ksi\u0105\u017cka abstrakt\u00f3w<\/a><a href=\"https:\/\/stn.sum.edu.pl\/wp-content\/uploads\/2020_21\/Konferencje\/Ksi\u0105\u017cka-streszcze\u0144-IX-SOKO1.pdf\"><br><\/a><a href=\"https:\/\/stn.sum.edu.pl\/wp-content\/uploads\/2020_21\/Konferencje\/X-Studencka-Og\u00f3lnopolska-Konferencja-Okulistyczna-wyniki.pdf\">Lista laureat\u00f3w<\/a><\/p>\n\n\n\n<p>Je\u017celi nie wyra\u017casz zgody na publikacj\u0119 danych osobowych na stronie Studenckiego Towarzystwa Naukowego \u015al\u0105skiego Uniwersytetu Medycznego w Katowicach mo\u017cesz zg\u0142osi\u0107 \u017c\u0105danie ich usuni\u0119cia na adres&nbsp;<a href=\"mailto:zarzad.stn.sum@gmail.com\">zarzad.stn.sum@gmail.com<\/a>.<\/p>\n","protected":false},"excerpt":{"rendered":"<p>Organizator: Studenckie Ko\u0142o Naukowe przy Katedrze i Klinice Okulistyki WNMKTermin wys\u0142ania abstrakt\u00f3w: 29.11.2020 r. Termin konferencji: 12.12.2020 r., godz. 11:00Konferencja online za pomoc\u0105 platformy ZoomAdres mailowy organizatora: sum.konferencja.okulistyczna@sum.edu.pl Link do wydarzenia na Facebooku dost\u0119pny jest tutaj. Pliki do pobrania:Ksi\u0105\u017cka abstrakt\u00f3wLista laureat\u00f3w Je\u017celi nie wyra\u017casz zgody na publikacj\u0119 danych osobowych na stronie Studenckiego Towarzystwa Naukowego \u015al\u0105skiego &#8230; <a title=\"X Studencka Og\u00f3lnopolska Konferencja Okulistyczna\" class=\"read-more\" href=\"https:\/\/stn.sum.edu.pl\/?page_id=370\" aria-label=\"Dowiedz si\u0119 wi\u0119cej o X Studencka Og\u00f3lnopolska Konferencja Okulistyczna\">Dowiedz si\u0119 wi\u0119cej<\/a><\/p>\n","protected":false},"author":3,"featured_media":0,"parent":0,"menu_order":0,"comment_status":"closed","ping_status":"closed","template":"","meta":{"footnotes":""},"class_list":["post-370","page","type-page","status-publish"],"_links":{"self":[{"href":"https:\/\/stn.sum.edu.pl\/index.php?rest_route=\/wp\/v2\/pages\/370","targetHints":{"allow":["GET"]}}],"collection":[{"href":"https:\/\/stn.sum.edu.pl\/index.php?rest_route=\/wp\/v2\/pages"}],"about":[{"href":"https:\/\/stn.sum.edu.pl\/index.php?rest_route=\/wp\/v2\/types\/page"}],"author":[{"embeddable":true,"href":"https:\/\/stn.sum.edu.pl\/index.php?rest_route=\/wp\/v2\/users\/3"}],"replies":[{"embeddable":true,"href":"https:\/\/stn.sum.edu.pl\/index.php?rest_route=%2Fwp%2Fv2%2Fcomments&post=370"}],"version-history":[{"count":6,"href":"https:\/\/stn.sum.edu.pl\/index.php?rest_route=\/wp\/v2\/pages\/370\/revisions"}],"predecessor-version":[{"id":669,"href":"https:\/\/stn.sum.edu.pl\/index.php?rest_route=\/wp\/v2\/pages\/370\/revisions\/669"}],"wp:attachment":[{"href":"https:\/\/stn.sum.edu.pl\/index.php?rest_route=%2Fwp%2Fv2%2Fmedia&parent=370"}],"curies":[{"name":"wp","href":"https:\/\/api.w.org\/{rel}","templated":true}]}}