{"id":346,"date":"2020-11-18T22:15:17","date_gmt":"2020-11-18T21:15:17","guid":{"rendered":"https:\/\/stn.sum.edu.pl\/?page_id=346"},"modified":"2020-11-18T22:17:40","modified_gmt":"2020-11-18T21:17:40","slug":"sklad-zarzadu-2019-20","status":"publish","type":"page","link":"https:\/\/stn.sum.edu.pl\/?page_id=346","title":{"rendered":"Sk\u0142ad Zarz\u0105du 2019\/20"},"content":{"rendered":"\n<h5 class=\"wp-block-heading\">PRZEWODNICZ\u0104CA:<\/h5>\n\n\n\n<p><strong>Marianna \u0141oskot<\/strong><\/p>\n\n\n\n<p>Wydzia\u0142 Nauk Medycznych w Katowicach<br>e-mail:&nbsp;<a href=\"mailto:marianna.loskot@gmail.com\">marianna.loskot@gmail.com<\/a><\/p>\n\n\n\n<h5 class=\"wp-block-heading\">ZAST\u0118PCY:<\/h5>\n\n\n\n<p><strong>Aleksandra Baca<\/strong><\/p>\n\n\n\n<p>Wydzia\u0142&nbsp;Nauk Medycznych w Katowicach<br>e-mail:&nbsp;<a href=\"mailto:aleksa.baca@gmail.com\">aleksa.baca@gmail.com<\/a>&nbsp;<\/p>\n\n\n\n<p><strong>Regina Wysocka<\/strong><\/p>\n\n\n\n<p>Wydzia\u0142 Nauk o Zdrowiu w Katowicach<br>e-mail:&nbsp;<a href=\"mailto:regina.wysocka@o2.pl\">regina.wysocka@o2.pl<\/a>&nbsp;<\/p>\n\n\n\n<h5 class=\"wp-block-heading\">CZ\u0141ONKOWIE ZARZ\u0104DU:<\/h5>\n\n\n\n<p><strong>Patryk Kwapie\u0144<\/strong><\/p>\n\n\n\n<p>Wydzia\u0142 Nauk Medycznych w Katowicach<br>e-mail:&nbsp;<a href=\"mailto:kwapienpatryk@gmail.com\">kwapienpatryk@gmail.com<\/a><\/p>\n\n\n\n<p><strong>Aleksandra Mroskowiak<br><\/strong><br>Wydzia\u0142&nbsp;Nauk Medycznych w Katowicach<br>e-mail:&nbsp;<a href=\"mailto:olamroskowiak@gmail.com\">olamroskowiak@gmail.com<\/a><\/p>\n\n\n\n<p><strong>Paulina Czado<\/strong><\/p>\n\n\n\n<p>Wydzia\u0142 Nauk Medycznych w Zabrzu<br>e-mail:&nbsp;<a href=\"mailto:paulaczado@gmail.com\">paulaczado@gmail.com<\/a><\/p>\n\n\n\n<p><strong>Piotr Lewandowski<\/strong><\/p>\n\n\n\n<p>Wydzia\u0142 Nauk Medycznych w Zabrzu<br>e-mail:&nbsp;<a href=\"mailto:piotr@lewandowski.work\">piotr@lewandowski.work<\/a><\/p>\n\n\n\n<p><strong>Kinga Dobosz<\/strong><\/p>\n\n\n\n<p>Wydzia\u0142&nbsp;Nauk Farmaceutycznych w Sosnowcu<br>e-mail:&nbsp;<a href=\"mailto:kingaddbb@gmail.com\">kingaddbb@gmail.com<\/a><\/p>\n\n\n\n<p><strong>Karol Krystek<\/strong><\/p>\n\n\n\n<p>Wydzia\u0142&nbsp;Nauk Farmaceutycznych w Sosnowcu<br>e-mail:&nbsp;<a href=\"mailto:kjdkrystek@gmaii.com\">kjdkrystek@gmail.com<\/a><\/p>\n\n\n\n<p><strong>Joanna Rzepecka<\/strong><\/p>\n\n\n\n<p>Wydzia\u0142 Nauk o Zdrowiu&nbsp;w Bytomiu<br>e-mail:&nbsp;<a href=\"mailto:rzepecka_asia@op.pl\">rzepecka_asia@op.pl<\/a><\/p>\n\n\n\n<p><strong>Martyna Wrzecionek<\/strong><\/p>\n\n\n\n<p>Wydzia\u0142 Nauk o Zdrowiu&nbsp;w Bytomiu<br>e-mail:&nbsp;<a href=\"mailto:martyna.wrzecionek@gmail.com\">martyna.wrzecionek@gmail.com<\/a><\/p>\n\n\n\n<p><strong>Wiktor D\u0105browski<\/strong><\/p>\n\n\n\n<p>Wydzia\u0142 Nauk o Zdrowiu w Katowicach<br>e-mail:&nbsp;<a href=\"mailto:wdab18@gmail.com\">wdab18@gmail.com<\/a><\/p>\n\n\n\n<p><strong>Maciej Ku\u015b<\/strong><\/p>\n\n\n\n<p>Wydzia\u0142 Nauk o Zdrowiu w Katowicach<br>e-mail:\u00a0<a href=\"mailto:maciejkus97@gmail.com\">maciejkus97@gmail.com<\/a><\/p>\n\n\n\n<p><\/p>\n\n\n\n<h2 class=\"wp-block-heading\">KURATOR STN SUM <\/h2>\n\n\n\n<p><strong>prof. dr hab. n. med. Katarzyna MIZIA &#8211; STEC<\/strong><\/p>\n\n\n\n<p>KIEROWNIK<br>I Katedry i Kliniki Kardiologii<br>Wydzia\u0142u Lekarskiego w Katowicach<br>\u015al\u0105skiego Uniwersytetu Medycznego w Katowicach<br>ul. Zio\u0142owa 47, 40-635 Katowice<br>woj. \u015al\u0105skie<br><\/p>\n\n\n\n<p><strong>prof. dr hab. n. med. Katarzyna Mizia &#8211; Stec<\/strong><\/p>\n\n\n\n<p>Head of Department&nbsp;<br>First Department of Cardiology<br>School of Medcine in Katowice<br>Medical University of Silesia, Katowice, Poland<br>ul. Zio\u0142owa 47, 40-635 Katowice<\/p>\n","protected":false},"excerpt":{"rendered":"<p>PRZEWODNICZ\u0104CA: Marianna \u0141oskot Wydzia\u0142 Nauk Medycznych w Katowicache-mail:&nbsp;marianna.loskot@gmail.com ZAST\u0118PCY: Aleksandra Baca Wydzia\u0142&nbsp;Nauk Medycznych w Katowicache-mail:&nbsp;aleksa.baca@gmail.com&nbsp; Regina Wysocka Wydzia\u0142 Nauk o Zdrowiu w Katowicache-mail:&nbsp;regina.wysocka@o2.pl&nbsp; CZ\u0141ONKOWIE ZARZ\u0104DU: Patryk Kwapie\u0144 Wydzia\u0142 Nauk Medycznych w Katowicache-mail:&nbsp;kwapienpatryk@gmail.com Aleksandra MroskowiakWydzia\u0142&nbsp;Nauk Medycznych w Katowicache-mail:&nbsp;olamroskowiak@gmail.com Paulina Czado Wydzia\u0142 Nauk Medycznych w Zabrzue-mail:&nbsp;paulaczado@gmail.com Piotr Lewandowski Wydzia\u0142 Nauk Medycznych w Zabrzue-mail:&nbsp;piotr@lewandowski.work Kinga Dobosz Wydzia\u0142&nbsp;Nauk Farmaceutycznych &#8230; <a title=\"Sk\u0142ad Zarz\u0105du 2019\/20\" class=\"read-more\" href=\"https:\/\/stn.sum.edu.pl\/?page_id=346\" aria-label=\"Dowiedz si\u0119 wi\u0119cej o Sk\u0142ad Zarz\u0105du 2019\/20\">Dowiedz si\u0119 wi\u0119cej<\/a><\/p>\n","protected":false},"author":3,"featured_media":0,"parent":0,"menu_order":0,"comment_status":"closed","ping_status":"closed","template":"","meta":{"footnotes":""},"class_list":["post-346","page","type-page","status-publish"],"_links":{"self":[{"href":"https:\/\/stn.sum.edu.pl\/index.php?rest_route=\/wp\/v2\/pages\/346","targetHints":{"allow":["GET"]}}],"collection":[{"href":"https:\/\/stn.sum.edu.pl\/index.php?rest_route=\/wp\/v2\/pages"}],"about":[{"href":"https:\/\/stn.sum.edu.pl\/index.php?rest_route=\/wp\/v2\/types\/page"}],"author":[{"embeddable":true,"href":"https:\/\/stn.sum.edu.pl\/index.php?rest_route=\/wp\/v2\/users\/3"}],"replies":[{"embeddable":true,"href":"https:\/\/stn.sum.edu.pl\/index.php?rest_route=%2Fwp%2Fv2%2Fcomments&post=346"}],"version-history":[{"count":2,"href":"https:\/\/stn.sum.edu.pl\/index.php?rest_route=\/wp\/v2\/pages\/346\/revisions"}],"predecessor-version":[{"id":349,"href":"https:\/\/stn.sum.edu.pl\/index.php?rest_route=\/wp\/v2\/pages\/346\/revisions\/349"}],"wp:attachment":[{"href":"https:\/\/stn.sum.edu.pl\/index.php?rest_route=%2Fwp%2Fv2%2Fmedia&parent=346"}],"curies":[{"name":"wp","href":"https:\/\/api.w.org\/{rel}","templated":true}]}}