{"id":325,"date":"2020-11-15T01:04:07","date_gmt":"2020-11-15T00:04:07","guid":{"rendered":"https:\/\/stn.sum.edu.pl\/?page_id=325"},"modified":"2020-11-15T01:16:01","modified_gmt":"2020-11-15T00:16:01","slug":"archiwum","status":"publish","type":"page","link":"https:\/\/stn.sum.edu.pl\/?page_id=325","title":{"rendered":"Archiwum"},"content":{"rendered":"\n<p>Poni\u017csze strony zawieraj\u0105 archiwalne informacje dotycz\u0105ce dzia\u0142alno\u015bci Studenckiego Towarzystwa Naukowego SUM. W celu dost\u0119pu do informacji nieudost\u0119pnionych prosimy o kontakt z Zarz\u0105dem.<\/p>\n\n\n\n<p><a href=\"https:\/\/stn.sum.edu.pl\/?page_id=341\">Archiwum Zarz\u0105du<\/a><\/p>\n\n\n\n<p><a href=\"https:\/\/stn.sum.edu.pl\/?page_id=233\">Archiwum konferencji<\/a><\/p>\n\n\n\n<p><a href=\"https:\/\/stn.sum.edu.pl\/?page_id=312\">Archiwalny rejestr Studenckich K\u00f3\u0142 Naukowych <\/a><\/p>\n\n\n\n<p><a href=\"https:\/\/stn.sum.edu.pl\/?page_id=300\">Archiwalny ranking Studenckich K\u00f3\u0142 Naukowych<\/a><\/p>\n","protected":false},"excerpt":{"rendered":"<p>Poni\u017csze strony zawieraj\u0105 archiwalne informacje dotycz\u0105ce dzia\u0142alno\u015bci Studenckiego Towarzystwa Naukowego SUM. W celu dost\u0119pu do informacji nieudost\u0119pnionych prosimy o kontakt z Zarz\u0105dem. Archiwum Zarz\u0105du Archiwum konferencji Archiwalny rejestr Studenckich K\u00f3\u0142 Naukowych Archiwalny ranking Studenckich K\u00f3\u0142 Naukowych<\/p>\n","protected":false},"author":3,"featured_media":0,"parent":0,"menu_order":0,"comment_status":"closed","ping_status":"closed","template":"","meta":{"footnotes":""},"class_list":["post-325","page","type-page","status-publish"],"_links":{"self":[{"href":"https:\/\/stn.sum.edu.pl\/index.php?rest_route=\/wp\/v2\/pages\/325","targetHints":{"allow":["GET"]}}],"collection":[{"href":"https:\/\/stn.sum.edu.pl\/index.php?rest_route=\/wp\/v2\/pages"}],"about":[{"href":"https:\/\/stn.sum.edu.pl\/index.php?rest_route=\/wp\/v2\/types\/page"}],"author":[{"embeddable":true,"href":"https:\/\/stn.sum.edu.pl\/index.php?rest_route=\/wp\/v2\/users\/3"}],"replies":[{"embeddable":true,"href":"https:\/\/stn.sum.edu.pl\/index.php?rest_route=%2Fwp%2Fv2%2Fcomments&post=325"}],"version-history":[{"count":2,"href":"https:\/\/stn.sum.edu.pl\/index.php?rest_route=\/wp\/v2\/pages\/325\/revisions"}],"predecessor-version":[{"id":343,"href":"https:\/\/stn.sum.edu.pl\/index.php?rest_route=\/wp\/v2\/pages\/325\/revisions\/343"}],"wp:attachment":[{"href":"https:\/\/stn.sum.edu.pl\/index.php?rest_route=%2Fwp%2Fv2%2Fmedia&parent=325"}],"curies":[{"name":"wp","href":"https:\/\/api.w.org\/{rel}","templated":true}]}}