{"id":312,"date":"2020-11-05T02:37:31","date_gmt":"2020-11-05T01:37:31","guid":{"rendered":"https:\/\/stn.sum.edu.pl\/?page_id=312"},"modified":"2022-12-21T22:05:01","modified_gmt":"2022-12-21T21:05:01","slug":"archiwalny-rejestr-studenckich-kol-naukowych","status":"publish","type":"page","link":"https:\/\/stn.sum.edu.pl\/?page_id=312","title":{"rendered":"Archiwalny rejestr Studenckich K\u00f3\u0142 Naukowych"},"content":{"rendered":"\n<figure class=\"wp-block-table\"><table><tbody><tr><td class=\"has-text-align-center\" data-align=\"center\"><strong>Rok akademicki<\/strong><\/td><td class=\"has-text-align-center\" data-align=\"center\"><strong>Wydzia\u0142 Nauk Medycznych w Katowicach<\/strong><\/td><td class=\"has-text-align-center\" data-align=\"center\"><strong>Wydzia\u0142 Nauk Medycznych w Zabrzu<\/strong><\/td><td class=\"has-text-align-center\" data-align=\"center\"><strong>Wydzia\u0142 Nauk Farmaceutycznych<\/strong><\/td><td class=\"has-text-align-center\" data-align=\"center\"><strong>Wydzia\u0142 Nauk o Zdrowiu w Katowicach<\/strong><\/td><td class=\"has-text-align-center\" data-align=\"center\"><strong>Wydzia\u0142 Nauk o Zdrowiu w Bytomiu<\/strong><\/td><\/tr><tr><td class=\"has-text-align-center\" data-align=\"center\">2019\/20<\/td><td class=\"has-text-align-center\" data-align=\"center\"><a href=\"https:\/\/stn.sum.edu.pl\/wp-content\/uploads\/2019_20\/SKN\/STN_WNMK_2019-20.pdf\">Pobierz<\/a><\/td><td class=\"has-text-align-center\" data-align=\"center\"><a href=\"https:\/\/stn.sum.edu.pl\/wp-content\/uploads\/2019_20\/SKN\/STN_WNMZ_2019-20_5.pdf\">Pobierz<\/a><\/td><td class=\"has-text-align-center\" data-align=\"center\"><a href=\"https:\/\/stn.sum.edu.pl\/wp-content\/uploads\/2019_20\/SKN\/STN_WNF_2019-20_2.pdf\">Pobierz<\/a><\/td><td class=\"has-text-align-center\" data-align=\"center\"><a href=\"https:\/\/stn.sum.edu.pl\/wp-content\/uploads\/2019_20\/SKN\/STN_WNoZK_2019-20_2.pdf\">Pobierz<\/a><\/td><td class=\"has-text-align-center\" data-align=\"center\"><a href=\"https:\/\/stn.sum.edu.pl\/wp-content\/uploads\/2019_20\/SKN\/STN_WNoZB_2019-20.pdf\">Pobierz<\/a><\/td><\/tr><tr><td class=\"has-text-align-center\" data-align=\"center\">2020\/21<\/td><td class=\"has-text-align-center\" data-align=\"center\"><a href=\"https:\/\/stn.sum.edu.pl\/wp-content\/uploads\/2020_21\/SKN\/WNMK_2020-21.pdf\">Pobierz<\/a><\/td><td class=\"has-text-align-center\" data-align=\"center\"><a href=\"https:\/\/stn.sum.edu.pl\/wp-content\/uploads\/2020_21\/SKN\/WNMZ_2020-21.pdf\">Pobierz<\/a><\/td><td class=\"has-text-align-center\" data-align=\"center\"><a href=\"https:\/\/stn.sum.edu.pl\/wp-content\/uploads\/2020_21\/SKN\/WNF_2020-21.pdf\" data-type=\"URL\" data-id=\"https:\/\/stn.sum.edu.pl\/wp-content\/uploads\/2020_21\/SKN\/WNF_2020-21.pdf\">Pobierz<\/a><\/td><td class=\"has-text-align-center\" data-align=\"center\"><a href=\"https:\/\/stn.sum.edu.pl\/wp-content\/uploads\/2020_21\/SKN\/WNoZK_2020-21.pdf\">Pobierz<\/a><\/td><td class=\"has-text-align-center\" data-align=\"center\"><a href=\"https:\/\/stn.sum.edu.pl\/wp-content\/uploads\/2020_21\/SKN\/WNoZB_2020-21.pdf\">Pobierz<\/a><\/td><\/tr><tr><td class=\"has-text-align-center\" data-align=\"center\">2021\/22<\/td><td class=\"has-text-align-center\" data-align=\"center\"><a href=\"https:\/\/stn.sum.edu.pl\/wp-content\/uploads\/2022\/Ranking\/WMNK_2021-2022.pdf\" data-type=\"URL\" data-id=\"https:\/\/stn.sum.edu.pl\/wp-content\/uploads\/2022\/Ranking\/WMNK_2021-2022.pdf\">Pobierz<\/a><\/td><td class=\"has-text-align-center\" data-align=\"center\"><a href=\"https:\/\/stn.sum.edu.pl\/wp-content\/uploads\/2022\/Ranking\/WNMZ_2021-2022.pdf\" data-type=\"URL\" data-id=\"https:\/\/stn.sum.edu.pl\/wp-content\/uploads\/2022\/Ranking\/WNMZ_2021-2022.pdf\">Pobierz<\/a><\/td><td class=\"has-text-align-center\" data-align=\"center\"><a href=\"https:\/\/stn.sum.edu.pl\/wp-content\/uploads\/2022\/Ranking\/WNF_2021-2022.pdf\" data-type=\"URL\" data-id=\"https:\/\/stn.sum.edu.pl\/wp-content\/uploads\/2022\/Ranking\/WNF_2021-2022.pdf\">Pobierz<\/a><\/td><td class=\"has-text-align-center\" data-align=\"center\"><a href=\"https:\/\/stn.sum.edu.pl\/wp-content\/uploads\/2022\/Ranking\/WNZoK_2021-2022.pdf\" data-type=\"URL\" data-id=\"https:\/\/stn.sum.edu.pl\/wp-content\/uploads\/2022\/Ranking\/WNZoK_2021-2022.pdf\">Pobierz<\/a><\/td><td class=\"has-text-align-center\" data-align=\"center\"><a href=\"https:\/\/stn.sum.edu.pl\/wp-content\/uploads\/2022\/Ranking\/WNZoB_2021-2022.pdf\">Pobierz<\/a><\/td><\/tr><\/tbody><\/table><\/figure>\n\n\n\n<p><\/p>\n","protected":false},"excerpt":{"rendered":"<p>Rok akademicki Wydzia\u0142 Nauk Medycznych w Katowicach Wydzia\u0142 Nauk Medycznych w Zabrzu Wydzia\u0142 Nauk Farmaceutycznych Wydzia\u0142 Nauk o Zdrowiu w Katowicach Wydzia\u0142 Nauk o Zdrowiu w Bytomiu 2019\/20 Pobierz Pobierz Pobierz Pobierz Pobierz 2020\/21 Pobierz Pobierz Pobierz Pobierz Pobierz 2021\/22 Pobierz Pobierz Pobierz Pobierz Pobierz<\/p>\n","protected":false},"author":3,"featured_media":0,"parent":0,"menu_order":0,"comment_status":"closed","ping_status":"closed","template":"","meta":{"footnotes":""},"class_list":["post-312","page","type-page","status-publish"],"_links":{"self":[{"href":"https:\/\/stn.sum.edu.pl\/index.php?rest_route=\/wp\/v2\/pages\/312","targetHints":{"allow":["GET"]}}],"collection":[{"href":"https:\/\/stn.sum.edu.pl\/index.php?rest_route=\/wp\/v2\/pages"}],"about":[{"href":"https:\/\/stn.sum.edu.pl\/index.php?rest_route=\/wp\/v2\/types\/page"}],"author":[{"embeddable":true,"href":"https:\/\/stn.sum.edu.pl\/index.php?rest_route=\/wp\/v2\/users\/3"}],"replies":[{"embeddable":true,"href":"https:\/\/stn.sum.edu.pl\/index.php?rest_route=%2Fwp%2Fv2%2Fcomments&post=312"}],"version-history":[{"count":5,"href":"https:\/\/stn.sum.edu.pl\/index.php?rest_route=\/wp\/v2\/pages\/312\/revisions"}],"predecessor-version":[{"id":847,"href":"https:\/\/stn.sum.edu.pl\/index.php?rest_route=\/wp\/v2\/pages\/312\/revisions\/847"}],"wp:attachment":[{"href":"https:\/\/stn.sum.edu.pl\/index.php?rest_route=%2Fwp%2Fv2%2Fmedia&parent=312"}],"curies":[{"name":"wp","href":"https:\/\/api.w.org\/{rel}","templated":true}]}}