{"id":300,"date":"2020-10-16T21:39:12","date_gmt":"2020-10-16T19:39:12","guid":{"rendered":"https:\/\/stn.sum.edu.pl\/?page_id=300"},"modified":"2025-12-05T23:12:04","modified_gmt":"2025-12-05T22:12:04","slug":"archiwalny-ranking-studenckich-kol-naukowych","status":"publish","type":"page","link":"https:\/\/stn.sum.edu.pl\/?page_id=300","title":{"rendered":"Archiwalny ranking Studenckich K\u00f3\u0142 Naukowych"},"content":{"rendered":"\n<p><strong>Ranking Studenckich K\u00f3\u0142 Naukowych w roku akademickim 2023\/24:<\/strong><\/p>\n\n\n\n<p><a href=\"https:\/\/stn.sum.edu.pl\/wp-content\/uploads\/2024\/12\/Ranking_kol_2023-24-opracowany-Ranking-calosciowy_organized.pdf\" data-type=\"attachment\" data-id=\"1127\">Pe\u0142ny Ranking K\u00f3\u0142<\/a><\/p>\n\n\n\n<p><strong>Ranking Studenckich K\u00f3\u0142 Naukowych w roku akademickim 2022\/23:<\/strong><\/p>\n\n\n\n<p><a href=\"https:\/\/stn.sum.edu.pl\/wp-content\/uploads\/2023\/12\/Ranking-SKN-22-23.pdf\" data-type=\"link\" data-id=\"https:\/\/stn.sum.edu.pl\/wp-content\/uploads\/2023\/12\/Ranking-SKN-22-23.pdf\">Pe\u0142ny Ranking K\u00f3\u0142<\/a><\/p>\n\n\n\n<p><strong>Ranking Studenckich K\u00f3\u0142 Naukowych w roku akademickim 2020\/21:<\/strong><\/p>\n\n\n\n<p><a href=\"https:\/\/stn.sum.edu.pl\/wp-content\/uploads\/2021_22\/Ranking_2020_21\/Zalacznik_nr_1_do_Uchwaly_Zarzadu_STN_SUM_12_2021.pdf\">Pe\u0142ny Ranking K\u00f3\u0142<\/a><\/p>\n\n\n\n<p><a href=\"https:\/\/stn.sum.edu.pl\/wp-content\/uploads\/2021_22\/Ranking_2020_21\/Ranking_WNMK_202021.pdf\">Ranking Wydzia\u0142u Nauk Medycznych w Katowicach<\/a><\/p>\n\n\n\n<p><a href=\"https:\/\/stn.sum.edu.pl\/wp-content\/uploads\/2021_22\/Ranking_2020_21\/Ranking_WNMZ_202021.pdf\">Ranking Wydzia\u0142u Nauk Medycznych w Zabrzu<\/a><\/p>\n\n\n\n<p><a href=\"https:\/\/stn.sum.edu.pl\/wp-content\/uploads\/2021_22\/Ranking_2020_21\/Ranking_WNF_202021.pdf\">Ranking Wydzia\u0142u Nauk Farmaceutycznych w Sosnowcu<\/a><\/p>\n\n\n\n<p><a href=\"https:\/\/stn.sum.edu.pl\/wp-content\/uploads\/2021_22\/Ranking_2020_21\/Ranking_WNoZK_202021.pdf\">Ranking Wydzia\u0142u Nauk o Zdrowiu w Katowicach<\/a><\/p>\n\n\n\n<p><a href=\"https:\/\/stn.sum.edu.pl\/wp-content\/uploads\/2021_22\/Ranking_2020_21\/Ranking_WNoZB_2020-21.pdf\">Ranking Wydzia\u0142u Nauk o Zdrowiu w Bytomiu<\/a><\/p>\n\n\n\n<p><strong>Ranking Studenckich K\u00f3\u0142 Naukowych w roku akademickim 2019\/2020:<\/strong><\/p>\n\n\n\n<p><a href=\"https:\/\/stn.sum.edu.pl\/wp-content\/uploads\/2020_21\/za\u0142\u0105cznik_nr_1_do_uchwa\u0142y_52020_zarzadu_STN_SUM.pdf\">Pe\u0142ny ranking k\u00f3\u0142<\/a><\/p>\n\n\n\n<p><a href=\"https:\/\/stn.sum.edu.pl\/wp-content\/uploads\/2020_21\/ranking_WNMK_2019-20.pdf\">Ranking Wydzia\u0142u Nauk Medycznych w Katowicach<\/a><\/p>\n\n\n\n<p><a href=\"https:\/\/stn.sum.edu.pl\/wp-content\/uploads\/2020_21\/ranking_WNMZ_2019-20.pdf\">Ranking Wydzia\u0142u Nauk Medycznych w Zabrzu<\/a><\/p>\n\n\n\n<p><a href=\"https:\/\/stn.sum.edu.pl\/wp-content\/uploads\/2020_21\/ranking_WNF_2019-20.pdf\">Ranking Wydzia\u0142u Nauk Farmaceutycznych w Sosnowcu<\/a><\/p>\n\n\n\n<p><a href=\"https:\/\/stn.sum.edu.pl\/wp-content\/uploads\/2020_21\/ranking_WNoZK_2019-20.pdf\">Ranking Wydzia\u0142u Nauk o Zdrowiu w Katowicach<\/a><\/p>\n\n\n\n<p><a href=\"https:\/\/stn.sum.edu.pl\/wp-content\/uploads\/2020_21\/ranking_WNoZB_2019-20.pdf\">Ranking Wydzia\u0142u Nauk o Zdrowiu w Bytomiu<\/a><\/p>\n\n\n\n<p><strong>W roku akademickim 2018\/2019 najwy\u017csze miejsca zaj\u0119li:<\/strong><br>I miejsce &#8211; Studenckie Ko\u0142o Naukowe przy Centrum Medycyny Do\u015bwiadczalnej (WNMK)<br>II miejsce &#8211; Studenckie Ko\u0142o Naukowe przy Katedrze i Klinice Rehabilitacji (WNoZK)<br>III miejsce &#8211; Studenckie Ko\u0142o Naukowe przy Katedrze i Zak\u0142adzie Biofizyki (WNF)<\/p>\n\n\n\n<p><strong>Ranking Studenckich K\u00f3\u0142 Naukowych w roku akademickim 2017\/18:<\/strong><br><a href=\"https:\/\/stn.sum.edu.pl\/wp-content\/uploads\/2017_18\/Ranking\/WLK-ranking-2017-2018.pdf\">WLK<\/a><br><a href=\"https:\/\/stn.sum.edu.pl\/wp-content\/uploads\/2017_18\/Ranking\/WLzOLD-ranking-2017-2018.pdf\">WLzOLDZ<\/a><br><a href=\"https:\/\/stn.sum.edu.pl\/wp-content\/uploads\/2017_18\/Ranking\/WFzOML-ranking-2017-2018.pdf\">WFzOML<\/a><br><a href=\"https:\/\/stn.sum.edu.pl\/wp-content\/uploads\/2017_18\/Ranking\/WNoZ-ranking-2017-2018.pdf\">WNoZK<\/a><br><a href=\"https:\/\/stn.sum.edu.pl\/wp-content\/uploads\/2017_18\/Ranking\/WZP-ranking-2017-2018.pdf\">WNoZB<\/a><\/p>\n","protected":false},"excerpt":{"rendered":"<p>Ranking Studenckich K\u00f3\u0142 Naukowych w roku akademickim 2023\/24: Pe\u0142ny Ranking K\u00f3\u0142 Ranking Studenckich K\u00f3\u0142 Naukowych w roku akademickim 2022\/23: Pe\u0142ny Ranking K\u00f3\u0142 Ranking Studenckich K\u00f3\u0142 Naukowych w roku akademickim 2020\/21: Pe\u0142ny Ranking K\u00f3\u0142 Ranking Wydzia\u0142u Nauk Medycznych w Katowicach Ranking Wydzia\u0142u Nauk Medycznych w Zabrzu Ranking Wydzia\u0142u Nauk Farmaceutycznych w Sosnowcu Ranking Wydzia\u0142u Nauk o &#8230; <a title=\"Archiwalny ranking Studenckich K\u00f3\u0142 Naukowych\" class=\"read-more\" href=\"https:\/\/stn.sum.edu.pl\/?page_id=300\" aria-label=\"Dowiedz si\u0119 wi\u0119cej o Archiwalny ranking Studenckich K\u00f3\u0142 Naukowych\">Dowiedz si\u0119 wi\u0119cej<\/a><\/p>\n","protected":false},"author":3,"featured_media":0,"parent":0,"menu_order":0,"comment_status":"closed","ping_status":"closed","template":"","meta":{"footnotes":""},"class_list":["post-300","page","type-page","status-publish"],"_links":{"self":[{"href":"https:\/\/stn.sum.edu.pl\/index.php?rest_route=\/wp\/v2\/pages\/300","targetHints":{"allow":["GET"]}}],"collection":[{"href":"https:\/\/stn.sum.edu.pl\/index.php?rest_route=\/wp\/v2\/pages"}],"about":[{"href":"https:\/\/stn.sum.edu.pl\/index.php?rest_route=\/wp\/v2\/types\/page"}],"author":[{"embeddable":true,"href":"https:\/\/stn.sum.edu.pl\/index.php?rest_route=\/wp\/v2\/users\/3"}],"replies":[{"embeddable":true,"href":"https:\/\/stn.sum.edu.pl\/index.php?rest_route=%2Fwp%2Fv2%2Fcomments&post=300"}],"version-history":[{"count":7,"href":"https:\/\/stn.sum.edu.pl\/index.php?rest_route=\/wp\/v2\/pages\/300\/revisions"}],"predecessor-version":[{"id":1265,"href":"https:\/\/stn.sum.edu.pl\/index.php?rest_route=\/wp\/v2\/pages\/300\/revisions\/1265"}],"wp:attachment":[{"href":"https:\/\/stn.sum.edu.pl\/index.php?rest_route=%2Fwp%2Fv2%2Fmedia&parent=300"}],"curies":[{"name":"wp","href":"https:\/\/api.w.org\/{rel}","templated":true}]}}