{"id":281,"date":"2020-08-04T22:13:37","date_gmt":"2020-08-04T20:13:37","guid":{"rendered":"https:\/\/stn.sum.edu.pl\/?page_id=281"},"modified":"2020-08-04T22:26:24","modified_gmt":"2020-08-04T20:26:24","slug":"simc-2017","status":"publish","type":"page","link":"https:\/\/stn.sum.edu.pl\/?page_id=281","title":{"rendered":"SIMC 2017"},"content":{"rendered":"\n<p><a href=\"https:\/\/stn.sum.edu.pl\/wp-content\/uploads\/2016_17\/SIMC2017\/SIMC2017_abstractbook_10.04.2017_compressed.pdf\">Ksi\u0105\u017cka abstrakt\u00f3w (do pobrania)<br><\/a>Regulamin (do pobrania)<br>Wyniki (do pobrania)<br>Plakat (do pobrania)<\/p>\n\n\n\n<p>Data: 27-28 kwietnia 2017 r.<br>Kampus Katowice-Ligota<\/p>\n","protected":false},"excerpt":{"rendered":"<p>Ksi\u0105\u017cka abstrakt\u00f3w (do pobrania)Regulamin (do pobrania)Wyniki (do pobrania)Plakat (do pobrania) Data: 27-28 kwietnia 2017 r.Kampus Katowice-Ligota<\/p>\n","protected":false},"author":3,"featured_media":0,"parent":0,"menu_order":0,"comment_status":"closed","ping_status":"closed","template":"","meta":{"footnotes":""},"class_list":["post-281","page","type-page","status-publish"],"_links":{"self":[{"href":"https:\/\/stn.sum.edu.pl\/index.php?rest_route=\/wp\/v2\/pages\/281","targetHints":{"allow":["GET"]}}],"collection":[{"href":"https:\/\/stn.sum.edu.pl\/index.php?rest_route=\/wp\/v2\/pages"}],"about":[{"href":"https:\/\/stn.sum.edu.pl\/index.php?rest_route=\/wp\/v2\/types\/page"}],"author":[{"embeddable":true,"href":"https:\/\/stn.sum.edu.pl\/index.php?rest_route=\/wp\/v2\/users\/3"}],"replies":[{"embeddable":true,"href":"https:\/\/stn.sum.edu.pl\/index.php?rest_route=%2Fwp%2Fv2%2Fcomments&post=281"}],"version-history":[{"count":3,"href":"https:\/\/stn.sum.edu.pl\/index.php?rest_route=\/wp\/v2\/pages\/281\/revisions"}],"predecessor-version":[{"id":291,"href":"https:\/\/stn.sum.edu.pl\/index.php?rest_route=\/wp\/v2\/pages\/281\/revisions\/291"}],"wp:attachment":[{"href":"https:\/\/stn.sum.edu.pl\/index.php?rest_route=%2Fwp%2Fv2%2Fmedia&parent=281"}],"curies":[{"name":"wp","href":"https:\/\/api.w.org\/{rel}","templated":true}]}}