{"id":279,"date":"2020-08-04T22:12:34","date_gmt":"2020-08-04T20:12:34","guid":{"rendered":"https:\/\/stn.sum.edu.pl\/?page_id=279"},"modified":"2020-08-04T22:28:25","modified_gmt":"2020-08-04T20:28:25","slug":"simc-2018","status":"publish","type":"page","link":"https:\/\/stn.sum.edu.pl\/?page_id=279","title":{"rendered":"SIMC 2018"},"content":{"rendered":"\n<p><a href=\"https:\/\/stn.sum.edu.pl\/wp-content\/uploads\/2017_18\/SIMC-2018-ksi\u0105\u017cka-abstrakt\u00f3w-FIN6_compressed.pdf\">Ksi\u0105\u017cka abstrakt\u00f3w (do pobrania)<br><\/a>Regulamin (do pobrania)<br>Wyniki (do pobrania)<br>Plakat (do pobrania)<\/p>\n\n\n\n<p>Data: 25-26 kwietnia 2018 r.<br>Kampus Katowice-Ligota<\/p>\n","protected":false},"excerpt":{"rendered":"<p>Ksi\u0105\u017cka abstrakt\u00f3w (do pobrania)Regulamin (do pobrania)Wyniki (do pobrania)Plakat (do pobrania) Data: 25-26 kwietnia 2018 r.Kampus Katowice-Ligota<\/p>\n","protected":false},"author":3,"featured_media":0,"parent":0,"menu_order":0,"comment_status":"closed","ping_status":"closed","template":"","meta":{"footnotes":""},"class_list":["post-279","page","type-page","status-publish"],"_links":{"self":[{"href":"https:\/\/stn.sum.edu.pl\/index.php?rest_route=\/wp\/v2\/pages\/279","targetHints":{"allow":["GET"]}}],"collection":[{"href":"https:\/\/stn.sum.edu.pl\/index.php?rest_route=\/wp\/v2\/pages"}],"about":[{"href":"https:\/\/stn.sum.edu.pl\/index.php?rest_route=\/wp\/v2\/types\/page"}],"author":[{"embeddable":true,"href":"https:\/\/stn.sum.edu.pl\/index.php?rest_route=\/wp\/v2\/users\/3"}],"replies":[{"embeddable":true,"href":"https:\/\/stn.sum.edu.pl\/index.php?rest_route=%2Fwp%2Fv2%2Fcomments&post=279"}],"version-history":[{"count":3,"href":"https:\/\/stn.sum.edu.pl\/index.php?rest_route=\/wp\/v2\/pages\/279\/revisions"}],"predecessor-version":[{"id":293,"href":"https:\/\/stn.sum.edu.pl\/index.php?rest_route=\/wp\/v2\/pages\/279\/revisions\/293"}],"wp:attachment":[{"href":"https:\/\/stn.sum.edu.pl\/index.php?rest_route=%2Fwp%2Fv2%2Fmedia&parent=279"}],"curies":[{"name":"wp","href":"https:\/\/api.w.org\/{rel}","templated":true}]}}