{"id":270,"date":"2020-07-14T18:49:36","date_gmt":"2020-07-14T16:49:36","guid":{"rendered":"https:\/\/stn.sum.edu.pl\/?page_id=270"},"modified":"2020-07-14T19:13:01","modified_gmt":"2020-07-14T17:13:01","slug":"simc-2016","status":"publish","type":"page","link":"https:\/\/stn.sum.edu.pl\/?page_id=270","title":{"rendered":"SIMC 2016"},"content":{"rendered":"\n<p><a href=\"https:\/\/stn.sum.edu.pl\/wp-content\/uploads\/2015_16\/SIMC2016\/SIMC2016_abstractbook_compressed.pdf\">Ksi\u0105\u017cka abstrakt\u00f3w (do pobrania)<\/a><br>Regulamin (do pobrania)<br>Wyniki (do pobrania)<br><a href=\"https:\/\/stn.sum.edu.pl\/wp-content\/uploads\/2015_16\/SIMC2016\/plakat2016-scaled.jpg\">Plakat (do pobrania)<\/a><\/p>\n\n\n\n<p>Data: 28-29 kwietnia 2016 r.<br>Kampus Katowice-Ligota<\/p>\n","protected":false},"excerpt":{"rendered":"<p>Ksi\u0105\u017cka abstrakt\u00f3w (do pobrania)Regulamin (do pobrania)Wyniki (do pobrania)Plakat (do pobrania) Data: 28-29 kwietnia 2016 r.Kampus Katowice-Ligota<\/p>\n","protected":false},"author":3,"featured_media":0,"parent":0,"menu_order":0,"comment_status":"closed","ping_status":"closed","template":"","meta":{"footnotes":""},"class_list":["post-270","page","type-page","status-publish"],"_links":{"self":[{"href":"https:\/\/stn.sum.edu.pl\/index.php?rest_route=\/wp\/v2\/pages\/270","targetHints":{"allow":["GET"]}}],"collection":[{"href":"https:\/\/stn.sum.edu.pl\/index.php?rest_route=\/wp\/v2\/pages"}],"about":[{"href":"https:\/\/stn.sum.edu.pl\/index.php?rest_route=\/wp\/v2\/types\/page"}],"author":[{"embeddable":true,"href":"https:\/\/stn.sum.edu.pl\/index.php?rest_route=\/wp\/v2\/users\/3"}],"replies":[{"embeddable":true,"href":"https:\/\/stn.sum.edu.pl\/index.php?rest_route=%2Fwp%2Fv2%2Fcomments&post=270"}],"version-history":[{"count":2,"href":"https:\/\/stn.sum.edu.pl\/index.php?rest_route=\/wp\/v2\/pages\/270\/revisions"}],"predecessor-version":[{"id":278,"href":"https:\/\/stn.sum.edu.pl\/index.php?rest_route=\/wp\/v2\/pages\/270\/revisions\/278"}],"wp:attachment":[{"href":"https:\/\/stn.sum.edu.pl\/index.php?rest_route=%2Fwp%2Fv2%2Fmedia&parent=270"}],"curies":[{"name":"wp","href":"https:\/\/api.w.org\/{rel}","templated":true}]}}