{"id":27,"date":"2020-01-21T21:29:51","date_gmt":"2020-01-21T20:29:51","guid":{"rendered":"https:\/\/stn2.sum.edu.pl\/?page_id=27"},"modified":"2026-03-10T22:21:28","modified_gmt":"2026-03-10T21:21:28","slug":"kola-naukowe","status":"publish","type":"page","link":"https:\/\/stn.sum.edu.pl\/?page_id=27","title":{"rendered":"Ko\u0142a naukowe"},"content":{"rendered":"\n<p>Na podstawie Statutu Studenckie Towarzystwo Naukowe SUM zrzesza i rejestruje Studenckie Ko\u0142a Naukowe utworzone w ramach jednostek organizacyjnych wydzia\u0142\u00f3w \u015al\u0105skiego Uniwersytetu Medycznego w Katowicach. <strong>Do rejestracji ko\u0142a konieczne jest jest dostarczenie do Zarz\u0105du STN SUM formularza rejestracyjnego Ko\u0142a przez Opiekuna Ko\u0142a (poprzez z\u0142o\u017cenie go we w\u0142a\u015bciwym dziekanacie) do dnia 31 pa\u017adziernika danego roku akademickiego. <\/strong>Na podstawie z\u0142o\u017conych dokument\u00f3w Zarz\u0105d STN SUM tworzy rejestr Studenckich K\u00f3\u0142 Naukowych. <\/p>\n\n\n\n<p><a href=\"\/wp-content\/uploads\/dokumenty\/formularzrejestracyjny.pdf\">Formularz rejestracyjny Studenckiego Ko\u0142a Naukowego (do pobrania)<\/a><\/p>\n\n\n\n<p>Poni\u017cej publikujemy rejestr Studenckich K\u00f3\u0142 Naukowych zrzeszonych w Studenckim Towarzystwie Naukowym \u015al\u0105skiego Uniwersytetu Medycznego w Katowicach w roku akademickim <strong>2025\/26<\/strong>.<\/p>\n\n\n\n<div class=\"wp-block-group is-vertical is-layout-flex wp-container-core-group-is-layout-8cf370e7 wp-block-group-is-layout-flex\">\n<ul class=\"wp-block-list\">\n<li>Wydzia\u0142 Nauk Medycznych w Katowicach: <a href=\"https:\/\/stn.sum.edu.pl\/wp-content\/uploads\/2026\/03\/REJESTR-KOL-2025_26_WNMK_10_03_2026.pdf\" data-type=\"link\" data-id=\"https:\/\/stn.sum.edu.pl\/wp-content\/uploads\/2026\/03\/REJESTR-KOL-2025_26_WNMK_10_03_2026.pdf\" target=\"_blank\" rel=\"noreferrer noopener nofollow\">Rejestr SKN WNMK<\/a><\/li>\n\n\n\n<li>Wydzia\u0142 Nauk Medycznych w Zabrzu: <a href=\"https:\/\/stn.sum.edu.pl\/wp-content\/uploads\/2026\/03\/REJESTR-KOL-2025_26_WNMZ_10_03_2026.pdf\" data-type=\"attachment\" data-id=\"1232\" target=\"_blank\" rel=\"noreferrer noopener\">Rejestr SKN WNMZ<\/a><\/li>\n\n\n\n<li>Wydzia\u0142 Nauk o Zdrowiu w Katowicach: <a href=\"https:\/\/stn.sum.edu.pl\/wp-content\/uploads\/2026\/03\/REJESTR-KOL-2025_26_WNOZK_10_03_2026.pdf\" data-type=\"link\" data-id=\"https:\/\/stn.sum.edu.pl\/wp-content\/uploads\/2026\/03\/REJESTR-KOL-2025_26_WNOZK_10_03_2026.pdf\" target=\"_blank\" rel=\"noreferrer noopener\">Rejestr SKN WNoZK<\/a><\/li>\n\n\n\n<li>Wydzia\u0142 Nauk Farmaceutycznych w Sosnowcu: <a href=\"https:\/\/stn.sum.edu.pl\/wp-content\/uploads\/2026\/03\/REJESTR-KOL-2025_26_WNF_10_03_2026.pdf\" data-type=\"link\" data-id=\"https:\/\/stn.sum.edu.pl\/wp-content\/uploads\/2026\/03\/REJESTR-KOL-2025_26_WNF_10_03_2026.pdf\" target=\"_blank\" rel=\"noreferrer noopener\">Rejestr SKN WNF<\/a><\/li>\n\n\n\n<li>Wydzia\u0142u Zdrowia Publicznego w Bytomiu: <a href=\"https:\/\/stn.sum.edu.pl\/wp-content\/uploads\/2026\/03\/REJESTR-KOL-2025_26_WZP_10_03_2026.pdf\" data-type=\"link\" data-id=\"https:\/\/stn.sum.edu.pl\/wp-content\/uploads\/2026\/03\/REJESTR-KOL-2025_26_WZP_10_03_2026.pdf\" target=\"_blank\" rel=\"noreferrer noopener\">Rejestr SKN WZP<\/a><\/li>\n\n\n\n<li>Filia Bielsko-Bia\u0142a: <a href=\"https:\/\/stn.sum.edu.pl\/wp-content\/uploads\/2026\/03\/REJESTR-KOL-2025_26_FBB_10_03_2026.pdf\" data-type=\"link\" data-id=\"https:\/\/stn.sum.edu.pl\/wp-content\/uploads\/2026\/03\/REJESTR-KOL-2025_26_FBB_10_03_2026.pdf\" target=\"_blank\" rel=\"noreferrer noopener\">Rejestr SKN Filia Bielsko-Bia\u0142a<\/a><\/li>\n<\/ul>\n\n\n\n<p><\/p>\n<\/div>\n\n\n\n<p>Do dnia <strong>14 wrze\u015bnia<\/strong> danego roku akademickiego Opiekun Ko\u0142a sk\u0142ada do w\u0142a\u015bciwego Dziekana sprawozdania z dzia\u0142alno\u015bci ko\u0142a.<\/p>\n\n\n\n<p>Poni\u017cej publikujemy najnowszy ranking Studenckich K\u00f3\u0142 Naukowych zrzeszonych w Studenckim Towarzystwie Naukowym \u015al\u0105skiego Uniwersytetu Medycznego w Katowicach: <a href=\"https:\/\/stn.sum.edu.pl\/wp-content\/uploads\/2025\/12\/Ranking_kol_2024-25-Ranking-calosciowy-1_organized.pdf\" data-type=\"link\" data-id=\"https:\/\/stn.sum.edu.pl\/wp-content\/uploads\/2025\/12\/Ranking_kol_2024-25-Ranking-calosciowy-1_organized.pdf\">Ranking SKN 2024\/2025<\/a><\/p>\n\n\n\n<p><\/p>\n\n\n\n<hr class=\"wp-block-separator has-alpha-channel-opacity\"\/>\n\n\n\n<p><strong>Dokumenty do pobrania:<\/strong><\/p>\n\n\n\n<p><a href=\"\/wp-content\/uploads\/dokumenty\/formularzsprawozdawczy-5.pdf\">Formularz sprawozdawczy z dzia\u0142alno\u015bci Studenckiego Ko\u0142a Naukowego (do pobrania)<\/a><\/p>\n\n\n\n<p><a href=\"\/wp-content\/uploads\/dokumenty\/zaswiadczeniedzialalnosci-3.pdf\">Za\u015bwiadczenie o dzia\u0142alno\u015bci w Studenckim Kole Naukowym (do pobrania)<\/a><\/p>\n\n\n\n<p><a href=\"https:\/\/stn.sum.edu.pl\/wp-content\/uploads\/2023\/01\/2_2023.pdf\">Regulamin rankingu k\u00f3\u0142 (do pobrania)<\/a><\/p>\n\n\n\n<p><a href=\"https:\/\/stn.sum.edu.pl\/?page_id=300\">Wyniki Rankingu Studenckich K\u00f3\u0142 Naukowych za wcze\u015bniejsze lata<\/a><\/p>\n","protected":false},"excerpt":{"rendered":"<p>Na podstawie Statutu Studenckie Towarzystwo Naukowe SUM zrzesza i rejestruje Studenckie Ko\u0142a Naukowe utworzone w ramach jednostek organizacyjnych wydzia\u0142\u00f3w \u015al\u0105skiego Uniwersytetu Medycznego w Katowicach. Do rejestracji ko\u0142a konieczne jest jest dostarczenie do Zarz\u0105du STN SUM formularza rejestracyjnego Ko\u0142a przez Opiekuna Ko\u0142a (poprzez z\u0142o\u017cenie go we w\u0142a\u015bciwym dziekanacie) do dnia 31 pa\u017adziernika danego roku akademickiego. Na &#8230; <a title=\"Ko\u0142a naukowe\" class=\"read-more\" href=\"https:\/\/stn.sum.edu.pl\/?page_id=27\" aria-label=\"Dowiedz si\u0119 wi\u0119cej o Ko\u0142a naukowe\">Dowiedz si\u0119 wi\u0119cej<\/a><\/p>\n","protected":false},"author":3,"featured_media":0,"parent":0,"menu_order":0,"comment_status":"closed","ping_status":"closed","template":"","meta":{"footnotes":""},"class_list":["post-27","page","type-page","status-publish"],"_links":{"self":[{"href":"https:\/\/stn.sum.edu.pl\/index.php?rest_route=\/wp\/v2\/pages\/27","targetHints":{"allow":["GET"]}}],"collection":[{"href":"https:\/\/stn.sum.edu.pl\/index.php?rest_route=\/wp\/v2\/pages"}],"about":[{"href":"https:\/\/stn.sum.edu.pl\/index.php?rest_route=\/wp\/v2\/types\/page"}],"author":[{"embeddable":true,"href":"https:\/\/stn.sum.edu.pl\/index.php?rest_route=\/wp\/v2\/users\/3"}],"replies":[{"embeddable":true,"href":"https:\/\/stn.sum.edu.pl\/index.php?rest_route=%2Fwp%2Fv2%2Fcomments&post=27"}],"version-history":[{"count":88,"href":"https:\/\/stn.sum.edu.pl\/index.php?rest_route=\/wp\/v2\/pages\/27\/revisions"}],"predecessor-version":[{"id":1340,"href":"https:\/\/stn.sum.edu.pl\/index.php?rest_route=\/wp\/v2\/pages\/27\/revisions\/1340"}],"wp:attachment":[{"href":"https:\/\/stn.sum.edu.pl\/index.php?rest_route=%2Fwp%2Fv2%2Fmedia&parent=27"}],"curies":[{"name":"wp","href":"https:\/\/api.w.org\/{rel}","templated":true}]}}