{"id":233,"date":"2020-02-17T23:43:24","date_gmt":"2020-02-17T22:43:24","guid":{"rendered":"https:\/\/stn.sum.edu.pl\/?page_id=233"},"modified":"2025-03-19T23:40:01","modified_gmt":"2025-03-19T22:40:01","slug":"archiwum-konferencje","status":"publish","type":"page","link":"https:\/\/stn.sum.edu.pl\/?page_id=233","title":{"rendered":"Archiwum konferencji"},"content":{"rendered":"\n<p><strong>Medical International Congress of Silesia<\/strong> (SIMC)<\/p>\n\n\n\n<ul class=\"wp-block-list\">\n<li><a href=\"https:\/\/stn.sum.edu.pl\/?page_id=270\">SIMC 2016<\/a><\/li>\n\n\n\n<li><a href=\"https:\/\/stn.sum.edu.pl\/?page_id=281\">SIMC 2017<\/a><\/li>\n\n\n\n<li><a href=\"https:\/\/stn.sum.edu.pl\/?page_id=279\">SIMC 2018<\/a><\/li>\n\n\n\n<li><a href=\"https:\/\/stn.sum.edu.pl\/?page_id=231\">SIMC 2019<\/a><\/li>\n\n\n\n<li><a href=\"https:\/\/stn.sum.edu.pl\/?page_id=170\">SIMC 2020 (odwo\u0142ane)<\/a><\/li>\n\n\n\n<li><a href=\"https:\/\/stn.sum.edu.pl\/?page_id=457\">SIMC 2021<\/a><\/li>\n\n\n\n<li><a href=\"https:\/\/stn.sum.edu.pl\/?page_id=738\" data-type=\"page\" data-id=\"738\">SIMC 2022<\/a><\/li>\n\n\n\n<li><a href=\"https:\/\/stn.sum.edu.pl\/?page_id=1177\" data-type=\"page\" data-id=\"1177\">SIMC 2023<\/a><\/li>\n\n\n\n<li>SIMC 2024<\/li>\n<\/ul>\n\n\n\n<p><strong>Studencka Og\u00f3lnopolska Konferencja Okulistyczna<\/strong><\/p>\n\n\n\n<ul class=\"wp-block-list\">\n<li><a href=\"https:\/\/stn.sum.edu.pl\/?page_id=381\">IX Studencka Og\u00f3lnopolska Konferencja Okulistyczna 2019<\/a><\/li>\n\n\n\n<li><a href=\"https:\/\/stn.sum.edu.pl\/?page_id=370\">X Studencka Og\u00f3lnopolska Konferencja Okulistyczna 2020<\/a><\/li>\n\n\n\n<li><a href=\"https:\/\/stn.sum.edu.pl\/?page_id=662\" data-type=\"page\" data-id=\"662\">XI Studencka Og\u00f3lnopolska Konferencja Okulistyczna 2021<\/a><\/li>\n\n\n\n<li>XII Studencka Og\u00f3lnopolska Konferencja Okulistyczna 2023<\/li>\n\n\n\n<li><a href=\"https:\/\/stn.sum.edu.pl\/?page_id=956\" data-type=\"page\" data-id=\"956\">XIII Studencka Og\u00f3lnopolska Konferencja Okulistyczna 2023<\/a><\/li>\n<\/ul>\n\n\n\n<p><strong>Konferencja Przypadk\u00f3w Pediatrycznych &#8222;Co si\u0119 w g\u0142owie mie\u015bci&#8221;<\/strong><\/p>\n\n\n\n<ul class=\"wp-block-list\">\n<li><a href=\"https:\/\/stn.sum.edu.pl\/?page_id=390\">Konferencja Przypadk\u00f3w Pediatrycznych &#8222;Co si\u0119 w g\u0142owie mie\u015bci&#8221; 2021<\/a><\/li>\n\n\n\n<li><a href=\"https:\/\/stn.sum.edu.pl\/?page_id=731\" data-type=\"page\" data-id=\"731\">Konferencja Przypadk\u00f3w Pediatrycznych &#8222;Co si\u0119 w g\u0142owie mie\u015bci&#8221; 2022<\/a><\/li>\n<\/ul>\n\n\n\n<p><strong>Farmaceuta w przemy\u015ble<\/strong> <strong>wraz z sesj\u0105 posterow\u0105 &#8222;Farmacja w 2020 roku&#8221;<\/strong><\/p>\n\n\n\n<ul class=\"wp-block-list\">\n<li><a href=\"https:\/\/stn.sum.edu.pl\/?page_id=446\">&#8222;Farmaceuta w przemy\u015ble&#8221;<\/a> <\/li>\n<\/ul>\n\n\n\n<p><strong>Wsp\u00f3\u0142czesne Wyzwania w Praktyce Pediatrycznej<\/strong><\/p>\n\n\n\n<ul class=\"wp-block-list\">\n<li><a href=\"https:\/\/stn.sum.edu.pl\/?page_id=810\" data-type=\"URL\" data-id=\"https:\/\/stn.sum.edu.pl\/?page_id=810\">Studencka Konferencja Naukowo &#8211; Szkoleniowa &#8222;Wsp\u00f3\u0142czesne Wyzwania \u017bywieniowe w Praktyce Pediatrycznej&#8221; 2021<\/a><\/li>\n\n\n\n<li><a href=\"https:\/\/stn.sum.edu.pl\/?page_id=805\" data-type=\"URL\" data-id=\"https:\/\/stn.sum.edu.pl\/?page_id=805\">Studencka Konferencja Naukowo &#8211; Szkoleniowa &#8222;Wsp\u00f3\u0142czesne wyzwania w praktyce pediatrycznej \u2013 stany nag\u0142e&#8221; 2022<\/a><\/li>\n<\/ul>\n\n\n\n<p><strong>Winter Case Cup<\/strong><\/p>\n\n\n\n<ul class=\"wp-block-list\">\n<li><a href=\"https:\/\/stn.sum.edu.pl\/?page_id=691\" data-type=\"page\" data-id=\"691\">Winter Case Cup 2022<\/a><\/li>\n\n\n\n<li>Winter Case Cup 2023<\/li>\n\n\n\n<li>Winter Case Cup 2024<\/li>\n\n\n\n<li>Winter Case Cup 2025<\/li>\n<\/ul>\n\n\n\n<p><strong>Medycyna Sportowa okiem Kardiologa<\/strong><\/p>\n\n\n\n<ul class=\"wp-block-list\">\n<li><a href=\"https:\/\/stn.sum.edu.pl\/?page_id=521\">III Konferencja &#8222;Medycyna Sportowa okiem Kardiologa&#8221;<\/a><\/li>\n<\/ul>\n\n\n\n<p><strong>Mi\u0119dzynarodowa Studencka Konferencja Kardiologiczna<\/strong><\/p>\n\n\n\n<ul class=\"wp-block-list\">\n<li><a href=\"https:\/\/stn.sum.edu.pl\/?page_id=744\" data-type=\"page\" data-id=\"744\">XVII Mi\u0119dzynarodowa Studencka Konferencja Kardiologiczna<\/a><\/li>\n<\/ul>\n\n\n\n<p><strong>Silesia International Surgical Congress<\/strong><\/p>\n\n\n\n<ul class=\"wp-block-list\">\n<li><a href=\"https:\/\/stn.sum.edu.pl\/?page_id=749\" data-type=\"page\" data-id=\"749\">SISC 2022<\/a><\/li>\n\n\n\n<li>SISC 2023<\/li>\n\n\n\n<li>SISC 2024<\/li>\n<\/ul>\n\n\n\n<p><strong>\u015al\u0105ska Konferencja Chirurgiczna<\/strong><\/p>\n\n\n\n<ul class=\"wp-block-list\">\n<li><a href=\"https:\/\/stn.sum.edu.pl\/?page_id=1111\" data-type=\"page\" data-id=\"1111\">I \u015al\u0105ska Konferencja Chirurgiczna<\/a><\/li>\n<\/ul>\n\n\n\n<p><\/p>\n","protected":false},"excerpt":{"rendered":"<p>Medical International Congress of Silesia (SIMC) Studencka Og\u00f3lnopolska Konferencja Okulistyczna Konferencja Przypadk\u00f3w Pediatrycznych &#8222;Co si\u0119 w g\u0142owie mie\u015bci&#8221; Farmaceuta w przemy\u015ble wraz z sesj\u0105 posterow\u0105 &#8222;Farmacja w 2020 roku&#8221; Wsp\u00f3\u0142czesne Wyzwania w Praktyce Pediatrycznej Winter Case Cup Medycyna Sportowa okiem Kardiologa Mi\u0119dzynarodowa Studencka Konferencja Kardiologiczna Silesia International Surgical Congress \u015al\u0105ska Konferencja Chirurgiczna<\/p>\n","protected":false},"author":3,"featured_media":0,"parent":0,"menu_order":0,"comment_status":"closed","ping_status":"closed","template":"","meta":{"footnotes":""},"class_list":["post-233","page","type-page","status-publish"],"_links":{"self":[{"href":"https:\/\/stn.sum.edu.pl\/index.php?rest_route=\/wp\/v2\/pages\/233","targetHints":{"allow":["GET"]}}],"collection":[{"href":"https:\/\/stn.sum.edu.pl\/index.php?rest_route=\/wp\/v2\/pages"}],"about":[{"href":"https:\/\/stn.sum.edu.pl\/index.php?rest_route=\/wp\/v2\/types\/page"}],"author":[{"embeddable":true,"href":"https:\/\/stn.sum.edu.pl\/index.php?rest_route=\/wp\/v2\/users\/3"}],"replies":[{"embeddable":true,"href":"https:\/\/stn.sum.edu.pl\/index.php?rest_route=%2Fwp%2Fv2%2Fcomments&post=233"}],"version-history":[{"count":26,"href":"https:\/\/stn.sum.edu.pl\/index.php?rest_route=\/wp\/v2\/pages\/233\/revisions"}],"predecessor-version":[{"id":1195,"href":"https:\/\/stn.sum.edu.pl\/index.php?rest_route=\/wp\/v2\/pages\/233\/revisions\/1195"}],"wp:attachment":[{"href":"https:\/\/stn.sum.edu.pl\/index.php?rest_route=%2Fwp%2Fv2%2Fmedia&parent=233"}],"curies":[{"name":"wp","href":"https:\/\/api.w.org\/{rel}","templated":true}]}}