{"id":231,"date":"2020-02-17T23:41:21","date_gmt":"2020-02-17T22:41:21","guid":{"rendered":"https:\/\/stn.sum.edu.pl\/?page_id=231"},"modified":"2020-02-18T00:00:40","modified_gmt":"2020-02-17T23:00:40","slug":"simc-2019","status":"publish","type":"page","link":"https:\/\/stn.sum.edu.pl\/?page_id=231","title":{"rendered":"SIMC 2019"},"content":{"rendered":"\n<p><a href=\"https:\/\/stn.sum.edu.pl\/wp-content\/uploads\/2018_19\/SIMC2019\/SIMC-2019-Ksi\u0105\u017cka-Abstrakt\u00f3w.pdf\">Ksi\u0105\u017cka abstrakt\u00f3w (do pobrania)<\/a><br>Regulamin (do pobrania)<br>Wyniki (do pobrania)<br>Plakat (do pobrania)<\/p>\n\n\n\n<p>Data: 25-26 kwietnia 2019 r.<br>Kampus Katowice-Ligota<\/p>\n","protected":false},"excerpt":{"rendered":"<p>Ksi\u0105\u017cka abstrakt\u00f3w (do pobrania)Regulamin (do pobrania)Wyniki (do pobrania)Plakat (do pobrania) Data: 25-26 kwietnia 2019 r.Kampus Katowice-Ligota<\/p>\n","protected":false},"author":3,"featured_media":0,"parent":0,"menu_order":0,"comment_status":"closed","ping_status":"closed","template":"","meta":{"footnotes":""},"class_list":["post-231","page","type-page","status-publish"],"_links":{"self":[{"href":"https:\/\/stn.sum.edu.pl\/index.php?rest_route=\/wp\/v2\/pages\/231","targetHints":{"allow":["GET"]}}],"collection":[{"href":"https:\/\/stn.sum.edu.pl\/index.php?rest_route=\/wp\/v2\/pages"}],"about":[{"href":"https:\/\/stn.sum.edu.pl\/index.php?rest_route=\/wp\/v2\/types\/page"}],"author":[{"embeddable":true,"href":"https:\/\/stn.sum.edu.pl\/index.php?rest_route=\/wp\/v2\/users\/3"}],"replies":[{"embeddable":true,"href":"https:\/\/stn.sum.edu.pl\/index.php?rest_route=%2Fwp%2Fv2%2Fcomments&post=231"}],"version-history":[{"count":3,"href":"https:\/\/stn.sum.edu.pl\/index.php?rest_route=\/wp\/v2\/pages\/231\/revisions"}],"predecessor-version":[{"id":243,"href":"https:\/\/stn.sum.edu.pl\/index.php?rest_route=\/wp\/v2\/pages\/231\/revisions\/243"}],"wp:attachment":[{"href":"https:\/\/stn.sum.edu.pl\/index.php?rest_route=%2Fwp%2Fv2%2Fmedia&parent=231"}],"curies":[{"name":"wp","href":"https:\/\/api.w.org\/{rel}","templated":true}]}}