{"id":183,"date":"2020-01-24T23:03:03","date_gmt":"2020-01-24T22:03:03","guid":{"rendered":"https:\/\/stn2.sum.edu.pl\/?page_id=183"},"modified":"2020-06-19T15:43:02","modified_gmt":"2020-06-19T13:43:02","slug":"statut","status":"publish","type":"page","link":"https:\/\/stn.sum.edu.pl\/?page_id=183","title":{"rendered":"Statut STN SUM"},"content":{"rendered":"\n<p><a href=\"\/wp-content\/uploads\/dokumenty\/statut_2019.pdf\">Statut Studenckiego Towarzystwa Naukowego SUM<\/a><\/p>\n\n\n\n<p><a href=\"\/wp-content\/uploads\/dokumenty\/logoSTN.pdf\">Za\u0142\u0105cznik nr 1 Znak graficzny Studenckiego Towarzystwa Naukowego SUM<\/a><\/p>\n\n\n\n<p><a href=\"\/wp-content\/uploads\/dokumenty\/zaswiadczeniedzialalnosci-3.pdf\">Za\u0142\u0105cznik nr 2 Za\u015bwiadczenie o dzia\u0142alno\u015bci w Studenckim Towarzystwie Naukowym<\/a><\/p>\n\n\n\n<p><a href=\"\/wp-content\/uploads\/dokumenty\/formularzrejestracyjny.pdf\">Za\u0142\u0105cznik nr 3 Formularz rejestracyjny Studenckiego Ko\u0142a Naukowego<\/a><\/p>\n\n\n\n<p><a href=\"\/wp-content\/uploads\/dokumenty\/formularzsprawozdawczy-5.pdf\">Za\u0142\u0105cznik nr 4 Formularz sprawozdawczy Studenckiego Ko\u0142a Naukowego<\/a><\/p>\n","protected":false},"excerpt":{"rendered":"<p>Statut Studenckiego Towarzystwa Naukowego SUM Za\u0142\u0105cznik nr 1 Znak graficzny Studenckiego Towarzystwa Naukowego SUM Za\u0142\u0105cznik nr 2 Za\u015bwiadczenie o dzia\u0142alno\u015bci w Studenckim Towarzystwie Naukowym Za\u0142\u0105cznik nr 3 Formularz rejestracyjny Studenckiego Ko\u0142a Naukowego Za\u0142\u0105cznik nr 4 Formularz sprawozdawczy Studenckiego Ko\u0142a Naukowego<\/p>\n","protected":false},"author":3,"featured_media":0,"parent":0,"menu_order":0,"comment_status":"closed","ping_status":"closed","template":"","meta":{"footnotes":""},"class_list":["post-183","page","type-page","status-publish"],"_links":{"self":[{"href":"https:\/\/stn.sum.edu.pl\/index.php?rest_route=\/wp\/v2\/pages\/183","targetHints":{"allow":["GET"]}}],"collection":[{"href":"https:\/\/stn.sum.edu.pl\/index.php?rest_route=\/wp\/v2\/pages"}],"about":[{"href":"https:\/\/stn.sum.edu.pl\/index.php?rest_route=\/wp\/v2\/types\/page"}],"author":[{"embeddable":true,"href":"https:\/\/stn.sum.edu.pl\/index.php?rest_route=\/wp\/v2\/users\/3"}],"replies":[{"embeddable":true,"href":"https:\/\/stn.sum.edu.pl\/index.php?rest_route=%2Fwp%2Fv2%2Fcomments&post=183"}],"version-history":[{"count":5,"href":"https:\/\/stn.sum.edu.pl\/index.php?rest_route=\/wp\/v2\/pages\/183\/revisions"}],"predecessor-version":[{"id":267,"href":"https:\/\/stn.sum.edu.pl\/index.php?rest_route=\/wp\/v2\/pages\/183\/revisions\/267"}],"wp:attachment":[{"href":"https:\/\/stn.sum.edu.pl\/index.php?rest_route=%2Fwp%2Fv2%2Fmedia&parent=183"}],"curies":[{"name":"wp","href":"https:\/\/api.w.org\/{rel}","templated":true}]}}