{"id":145,"date":"2020-01-22T21:53:16","date_gmt":"2020-01-22T20:53:16","guid":{"rendered":"https:\/\/stn2.sum.edu.pl\/?page_id=145"},"modified":"2026-03-03T15:40:39","modified_gmt":"2026-03-03T14:40:39","slug":"dofinansowanie","status":"publish","type":"page","link":"https:\/\/stn.sum.edu.pl\/?page_id=145","title":{"rendered":"Dofinansowanie"},"content":{"rendered":"\n<p><strong>DOFINANSOWANIE Z PRELIMINARZA STN SUM<\/strong><\/p>\n\n\n\n<p>Studenckie Towarzystwo Naukowe przyznaj\u0119 dofinansowania na wyjazdy student\u00f3w na konferencje naukowe. Przyznane \u015brodki mog\u0105 by\u0107 przeznaczone na pokrycie koszt\u00f3w op\u0142aty zjazdowej (do 100%), a tak\u017ce koszty nocleg\u00f3w i przejazd\u00f3w (do 50%). Student mo\u017ce otrzyma\u0107 w ci\u0105gu roku akademickiego maksymalnie trzy dofinansowania wyjazd\u00f3w.<strong> Przypominamy, \u017ce zgodnie z Zarz\u0105dzeniem Rektora SUM wnioski musz\u0105 by\u0107 z\u0142o\u017cone maksymalnie 21 dni przed planowanym wyjazdem. <\/strong>Szczeg\u00f3\u0142owe zasady (w tym maksymalne kwoty dofinansowania) mo\u017cna odnale\u017a\u0107 w dokumentach poni\u017cej.<\/p>\n\n\n\n<p><a href=\"https:\/\/stn.sum.edu.pl\/?p=1286\" data-type=\"link\" data-id=\"https:\/\/stn.sum.edu.pl\/?p=1286\"><strong>Wskaz\u00f3wki jak uzyska\u0107 dofinansowanie<\/strong><\/a><\/p>\n\n\n\n<blockquote class=\"wp-block-quote is-layout-flow wp-block-quote-is-layout-flow\">\n<p>W celu otrzymania zgody na wyjazd Student\/Doktorant zobowi\u0105zany jest do z\u0142o\u017cenia, w terminie co najmniej <strong>21 dni przed planowanym wyjazdem<\/strong> wniosku o udzielenie zgody na wyjazd (dostepne do pobrania ni\u017cej).<\/p>\n\n\n\n<p>Niedotrzymanie terminu mo\u017ce skutkowa\u0107 brakiem zgody na finansowanie przez Uczelni\u0119 koszt\u00f3w wyjazdu.<\/p>\n\n\n\n<p>W\u0142a\u015bciwy wniosek nale\u017cy z\u0142o\u017cy\u0107 w jednym egzemplarzu, we w\u0142a\u015bciwym Dziekanacie lub odpowiednio w Sekcji ds. Kszta\u0142cenia Doktorant\u00f3w lub drog\u0105 elektroniczn\u0105 z indywidualnego adresu e-mail w domenie 365.sum.edu.pl.<\/p>\n<\/blockquote>\n\n\n\n<p><strong>Dokumenty:<\/strong><\/p>\n\n\n\n<p><a href=\"https:\/\/stn.sum.edu.pl\/wp-content\/uploads\/2026\/03\/Uchwala_2_2026_regulamin_dofinansowania-2.pdf\" data-type=\"link\" data-id=\"https:\/\/stn.sum.edu.pl\/wp-content\/uploads\/2026\/03\/Uchwala_2_2026_regulamin_dofinansowania-2.pdf\" target=\"_blank\" rel=\"noreferrer noopener\">Uchwa\u0142a nr 2\/2026 Zarz\u0105du Studenckiego Towarzystwa Naukowego \u015al\u0105skiego Uniwersytetu Medycznego w Katowicach z dnia 19 stycznia 2026 w sprawie zmiany Regulaminu Rozdzia\u0142u \u015arodk\u00f3w Przeznaczonych na Dofinansowanie Wyjazd\u00f3w Naukowych Student\u00f3w w roku kalendarzowym 2026<\/a><\/p>\n\n\n\n<p><a href=\"https:\/\/stn.sum.edu.pl\/wp-content\/uploads\/2025\/05\/166-2024-Zarz-dzenie-Nr-166-2024.pdf\" data-type=\"link\" data-id=\"https:\/\/stn.sum.edu.pl\/wp-content\/uploads\/2025\/05\/166-2024-Zarz-dzenie-Nr-166-2024.pdf\">Zarz\u0105dzenie Nr <em>166<\/em>\/2024 z dnia <em>25.09.2024 r.<\/em> Rektora \u015al\u0105skiego Uniwersytetu Medycznego w Katowicach w sprawie: wprowadzenia zasad udzielania zgody oraz rozliczania wyjazd\u00f3w krajowych i zagranicznych student\u00f3w i doktorant\u00f3w \u015al\u0105skiego Uniwersytetu Medycznego w Katowicach<\/a><\/p>\n\n\n\n<p><a href=\"https:\/\/stn.sum.edu.pl\/wp-content\/uploads\/2025\/05\/166-2024-Za-cznik-Nr-1-do-Zarz-dzenia-Nr-166-2024.pdf\" data-type=\"link\" data-id=\"https:\/\/stn.sum.edu.pl\/wp-content\/uploads\/2025\/05\/166-2024-Za-cznik-Nr-1-do-Zarz-dzenia-Nr-166-2024.pdf\">Za\u0142\u0105cznik Nr 1 do Zarz\u0105dzenia Nr 166\/2024 z dnia 25.09.2024 r. Zasady udzielania zgody oraz rozliczania wyjazd\u00f3w krajowych i zagranicznych student\u00f3w i doktorant\u00f3w \u015al\u0105skiego Uniwersytetu Medycznego w Katowicach<\/a><\/p>\n\n\n\n<p><strong>Wzory dokument\u00f3w:<\/strong><\/p>\n\n\n\n<p><a href=\"https:\/\/stn.sum.edu.pl\/wp-content\/uploads\/2025\/05\/166-2024-zal_1_wniosek_udzilenie_zgody_na_wyjazd_studenta.docx\" target=\"_blank\" rel=\"noreferrer noopener\">Wz\u00f3r wniosku o udzielenie zgody na wyjazd Studenta<\/a> <br><a href=\"https:\/\/stn.sum.edu.pl\/wp-content\/uploads\/2025\/05\/166-2024-zal_2_wniosek_o_udzielenie_zgody_na_wyjazd_doktoranta.doc\" target=\"_blank\" rel=\"noreferrer noopener\"><\/a><a href=\"https:\/\/stn.sum.edu.pl\/wp-content\/uploads\/2025\/05\/166-2024-zal_1_wniosek_udzilenie_zgody_na_wyjazd_studenta.docx\" target=\"_blank\" rel=\"noreferrer noopener\">Wz\u00f3r wniosku o udzielenie zgody na wyjazd Doktoranta<\/a> <\/p>\n\n\n\n<p><br><a href=\"https:\/\/stn.sum.edu.pl\/wp-content\/uploads\/2025\/05\/166-2024-zal_3_rozliczenie_kosztow_wyjazdu_studenta.docx\" target=\"_blank\" rel=\"noreferrer noopener\">Wz\u00f3r rozliczenia koszt\u00f3w wyjazdu Studenta<\/a><br><a href=\"https:\/\/stn.sum.edu.pl\/wp-content\/uploads\/2025\/05\/166-2024-zal_4_rozliczenie_kosztow_wyjazdu_doktoranta.doc\" target=\"_blank\" rel=\"noreferrer noopener\"><\/a><a href=\"\/wp-content\/uploads\/dokumenty\/dofinansowanie\/rozliczenie_kosztow_student.pdf\">Wz\u00f3r rozliczenia koszt\u00f3w wyjazdu Doktoranta<\/a><\/p>\n\n\n\n<p><br><a href=\"https:\/\/stn.sum.edu.pl\/wp-content\/uploads\/2025\/05\/166-2024-zal_7_wniosek_o_dokonanie_oplaty_zjazdowej.docx\" target=\"_blank\" rel=\"noreferrer noopener\">Wz\u00f3r wniosku o dokonanie op\u0142aty zjazdowej<\/a> <br><a href=\"https:\/\/stn.sum.edu.pl\/wp-content\/uploads\/2025\/05\/166-2024-Zal_5_Zlecenie-zakupu-biletu-lotniczego.doc\" data-type=\"link\" data-id=\"https:\/\/stn.sum.edu.pl\/wp-content\/uploads\/2025\/05\/166-2024-Zal_5_Zlecenie-zakupu-biletu-lotniczego.doc\" target=\"_blank\" rel=\"noreferrer noopener\">Zlecenie zakupu biletu lotniczego<\/a><br><a href=\"https:\/\/stn.sum.edu.pl\/wp-content\/uploads\/2025\/05\/166-2024-zal_6_osw_o_poniesionych_kosztach.doc\" target=\"_blank\" rel=\"noreferrer noopener\">O\u015bwiadczenie o poniesionych kosztach<\/a><br><a href=\"https:\/\/stn.sum.edu.pl\/wp-content\/uploads\/2025\/05\/166-2024-zal_6_osw_o_poniesionych_kosztach.doc\" target=\"_blank\" rel=\"noreferrer noopener\">O\u015bwiadczenie o poniesionych kosztach<\/a><\/p>\n\n\n\n<hr class=\"wp-block-separator has-alpha-channel-opacity\"\/>\n\n\n\n<p><strong>DOFINANSOWANIE Z METROPOLITALNEGO FUNDUSZU WSPIERANIA NAUKI<\/strong><\/p>\n\n\n\n<p><a href=\"https:\/\/stn.sum.edu.pl\/wp-content\/uploads\/2023\/02\/Nr-18-2023-Zarz-dzenie-Nr-18-2023.pdf\" target=\"_blank\" rel=\"noreferrer noopener\">Zarz\u0105dzenie nr 18\/2023 z dnia 10.02.2023 r. Rektora \u015al\u0105skiego Uniwersytetu Medycznego w Katowicach <\/a><\/p>\n\n\n\n<p><a href=\"https:\/\/stn.sum.edu.pl\/wp-content\/uploads\/2023\/02\/Nr-18-2023-Za-cznik-Nr-1-do-Zarz-dzenia-Nr-18-2023.pdf\" target=\"_blank\" rel=\"noreferrer noopener\">Za\u0142\u0105cznik do Zarz\u0105dzenia 18\/2023<\/a><\/p>\n\n\n\n<p><a href=\"https:\/\/metropoliagzm.pl\/logo-metropolii-2\/\" target=\"_blank\" rel=\"noreferrer noopener\">Logo Metropolii (do pobrania)<\/a><\/p>\n\n\n\n<figure class=\"wp-block-image size-large\"><img loading=\"lazy\" decoding=\"async\" width=\"1024\" height=\"484\" src=\"https:\/\/stn.sum.edu.pl\/wp-content\/uploads\/2023\/02\/RGBLogo-Metropolia-PELNE-Fuksja-1000px-1024x484.png\" alt=\"\" class=\"wp-image-932\" srcset=\"https:\/\/stn.sum.edu.pl\/wp-content\/uploads\/2023\/02\/RGBLogo-Metropolia-PELNE-Fuksja-1000px-1024x484.png 1024w, https:\/\/stn.sum.edu.pl\/wp-content\/uploads\/2023\/02\/RGBLogo-Metropolia-PELNE-Fuksja-1000px-300x142.png 300w, https:\/\/stn.sum.edu.pl\/wp-content\/uploads\/2023\/02\/RGBLogo-Metropolia-PELNE-Fuksja-1000px-768x363.png 768w, https:\/\/stn.sum.edu.pl\/wp-content\/uploads\/2023\/02\/RGBLogo-Metropolia-PELNE-Fuksja-1000px-1536x725.png 1536w, https:\/\/stn.sum.edu.pl\/wp-content\/uploads\/2023\/02\/RGBLogo-Metropolia-PELNE-Fuksja-1000px.png 2001w\" sizes=\"auto, (max-width: 1024px) 100vw, 1024px\" \/><\/figure>\n\n\n\n<p><\/p>\n","protected":false},"excerpt":{"rendered":"<p>DOFINANSOWANIE Z PRELIMINARZA STN SUM Studenckie Towarzystwo Naukowe przyznaj\u0119 dofinansowania na wyjazdy student\u00f3w na konferencje naukowe. Przyznane \u015brodki mog\u0105 by\u0107 przeznaczone na pokrycie koszt\u00f3w op\u0142aty zjazdowej (do 100%), a tak\u017ce koszty nocleg\u00f3w i przejazd\u00f3w (do 50%). Student mo\u017ce otrzyma\u0107 w ci\u0105gu roku akademickiego maksymalnie trzy dofinansowania wyjazd\u00f3w. Przypominamy, \u017ce zgodnie z Zarz\u0105dzeniem Rektora SUM wnioski &#8230; <a title=\"Dofinansowanie\" class=\"read-more\" href=\"https:\/\/stn.sum.edu.pl\/?page_id=145\" aria-label=\"Dowiedz si\u0119 wi\u0119cej o Dofinansowanie\">Dowiedz si\u0119 wi\u0119cej<\/a><\/p>\n","protected":false},"author":3,"featured_media":0,"parent":0,"menu_order":0,"comment_status":"closed","ping_status":"closed","template":"","meta":{"footnotes":""},"class_list":["post-145","page","type-page","status-publish"],"_links":{"self":[{"href":"https:\/\/stn.sum.edu.pl\/index.php?rest_route=\/wp\/v2\/pages\/145","targetHints":{"allow":["GET"]}}],"collection":[{"href":"https:\/\/stn.sum.edu.pl\/index.php?rest_route=\/wp\/v2\/pages"}],"about":[{"href":"https:\/\/stn.sum.edu.pl\/index.php?rest_route=\/wp\/v2\/types\/page"}],"author":[{"embeddable":true,"href":"https:\/\/stn.sum.edu.pl\/index.php?rest_route=\/wp\/v2\/users\/3"}],"replies":[{"embeddable":true,"href":"https:\/\/stn.sum.edu.pl\/index.php?rest_route=%2Fwp%2Fv2%2Fcomments&post=145"}],"version-history":[{"count":21,"href":"https:\/\/stn.sum.edu.pl\/index.php?rest_route=\/wp\/v2\/pages\/145\/revisions"}],"predecessor-version":[{"id":1324,"href":"https:\/\/stn.sum.edu.pl\/index.php?rest_route=\/wp\/v2\/pages\/145\/revisions\/1324"}],"wp:attachment":[{"href":"https:\/\/stn.sum.edu.pl\/index.php?rest_route=%2Fwp%2Fv2%2Fmedia&parent=145"}],"curies":[{"name":"wp","href":"https:\/\/api.w.org\/{rel}","templated":true}]}}