{"id":139,"date":"2020-01-22T21:49:18","date_gmt":"2020-01-22T20:49:18","guid":{"rendered":"https:\/\/stn2.sum.edu.pl\/?page_id=139"},"modified":"2025-12-14T14:43:08","modified_gmt":"2025-12-14T13:43:08","slug":"nagroda-stn","status":"publish","type":"page","link":"https:\/\/stn.sum.edu.pl\/?page_id=139","title":{"rendered":"Nagroda STN"},"content":{"rendered":"\n<p>Studenckie Towarzystwo Naukowe SUM ma przyjemno\u015b\u0107 przyznawa\u0107 raz w roku <strong>Nagrod\u0119 im. Profesora Franciszka Kokota dla Nauczycieli Akademickich<\/strong>, kt\u00f3rzy w spos\u00f3b szczeg\u00f3lny zas\u0142u\u017cyli si\u0119 dzia\u0142alno\u015bci\u0105 dla Studenckiego Towarzystwa Naukowego, kt\u00f3rzy wzorowo wykonuje swoje obowi\u0105zki Nauczyciela Akademickiego, ciesz\u0105 si\u0119 autorytetem w\u015br\u00f3d student\u00f3w i wsp\u00f3\u0142pracownik\u00f3w, wyr\u00f3\u017cniaj\u0105 si\u0119 w realizacji zada\u0144 podejmowanych w ramach dzia\u0142alno\u015bci Studenckiego Towarzystwa Naukowego i tym samym, w spos\u00f3b wybitny przyczyniaj\u0105 si\u0119 do rozwoju i promocji dzia\u0142alno\u015bci naukowej student\u00f3w.<\/p>\n\n\n\n<p><strong>Lista Laureat\u00f3w:&nbsp;<\/strong><\/p>\n\n\n\n<pre class=\"wp-block-code\"><code><strong>2019<\/strong> Nagroda Honorowa prof. dr hab. n. med. Katarzyna Mizia-Stec&nbsp;<\/code><\/pre>\n\n\n\n<pre class=\"wp-block-code\"><code><strong>2019<\/strong> prof. dr hab. n. med. \u0141ukasz Krzych&nbsp;<\/code><\/pre>\n\n\n\n<pre class=\"wp-block-code\"><code><strong>2020<\/strong> Nagroda Honorowa dr hab. n. med. Gra\u017cyna Markiewicz-\u0141oskot<\/code><\/pre>\n\n\n\n<pre class=\"wp-block-code\"><code><strong>2020<\/strong> dr hab. n. med. Gra\u017cyna Deja<\/code><\/pre>\n\n\n\n<pre class=\"wp-block-code\"><code><strong>2021<\/strong> Nagroda Honorowa Centrum Informatyki i Informatyzacji \u015aUM<\/code><\/pre>\n\n\n\n<pre class=\"wp-block-code\"><code><strong>2021<\/strong> dr hab. n. med. Sabina Wi\u0119cek<\/code><\/pre>\n\n\n\n<pre class=\"wp-block-code\"><code><strong>2022<\/strong> Nagroda Honorowa prof. dr hab. n. med. Jerzy Stojko<\/code><\/pre>\n\n\n\n<pre class=\"wp-block-code\"><code><strong>2023<\/strong> prof. dr\u00a0hab. n. med. Justyna\u00a0Paprocka<\/code><\/pre>\n\n\n\n<pre class=\"wp-block-code\"><code><strong>2024<\/strong> dr hab. n. med. Magdalena Piegza<\/code><\/pre>\n\n\n\n<pre class=\"wp-block-code\"><code><strong>2025<\/strong> dr n. med. Dorota \u0141yko-Morawska<\/code><\/pre>\n\n\n\n<p>Pe\u0142ny regulamin przyznawania nagrody dost\u0119pny jest&nbsp;<a href=\"\/wp-content\/uploads\/dokumenty\/nagroda_kokota.pdf\">tutaj<\/a>.<\/p>\n\n\n\n<p><\/p>\n","protected":false},"excerpt":{"rendered":"<p>Studenckie Towarzystwo Naukowe SUM ma przyjemno\u015b\u0107 przyznawa\u0107 raz w roku Nagrod\u0119 im. Profesora Franciszka Kokota dla Nauczycieli Akademickich, kt\u00f3rzy w spos\u00f3b szczeg\u00f3lny zas\u0142u\u017cyli si\u0119 dzia\u0142alno\u015bci\u0105 dla Studenckiego Towarzystwa Naukowego, kt\u00f3rzy wzorowo wykonuje swoje obowi\u0105zki Nauczyciela Akademickiego, ciesz\u0105 si\u0119 autorytetem w\u015br\u00f3d student\u00f3w i wsp\u00f3\u0142pracownik\u00f3w, wyr\u00f3\u017cniaj\u0105 si\u0119 w realizacji zada\u0144 podejmowanych w ramach dzia\u0142alno\u015bci Studenckiego Towarzystwa Naukowego &#8230; <a title=\"Nagroda STN\" class=\"read-more\" href=\"https:\/\/stn.sum.edu.pl\/?page_id=139\" aria-label=\"Dowiedz si\u0119 wi\u0119cej o Nagroda STN\">Dowiedz si\u0119 wi\u0119cej<\/a><\/p>\n","protected":false},"author":3,"featured_media":0,"parent":0,"menu_order":0,"comment_status":"closed","ping_status":"closed","template":"","meta":{"footnotes":""},"class_list":["post-139","page","type-page","status-publish"],"_links":{"self":[{"href":"https:\/\/stn.sum.edu.pl\/index.php?rest_route=\/wp\/v2\/pages\/139","targetHints":{"allow":["GET"]}}],"collection":[{"href":"https:\/\/stn.sum.edu.pl\/index.php?rest_route=\/wp\/v2\/pages"}],"about":[{"href":"https:\/\/stn.sum.edu.pl\/index.php?rest_route=\/wp\/v2\/types\/page"}],"author":[{"embeddable":true,"href":"https:\/\/stn.sum.edu.pl\/index.php?rest_route=\/wp\/v2\/users\/3"}],"replies":[{"embeddable":true,"href":"https:\/\/stn.sum.edu.pl\/index.php?rest_route=%2Fwp%2Fv2%2Fcomments&post=139"}],"version-history":[{"count":12,"href":"https:\/\/stn.sum.edu.pl\/index.php?rest_route=\/wp\/v2\/pages\/139\/revisions"}],"predecessor-version":[{"id":1277,"href":"https:\/\/stn.sum.edu.pl\/index.php?rest_route=\/wp\/v2\/pages\/139\/revisions\/1277"}],"wp:attachment":[{"href":"https:\/\/stn.sum.edu.pl\/index.php?rest_route=%2Fwp%2Fv2%2Fmedia&parent=139"}],"curies":[{"name":"wp","href":"https:\/\/api.w.org\/{rel}","templated":true}]}}