{"id":1177,"date":"2025-03-19T23:28:01","date_gmt":"2025-03-19T22:28:01","guid":{"rendered":"https:\/\/stn.sum.edu.pl\/?page_id=1177"},"modified":"2025-03-19T23:37:05","modified_gmt":"2025-03-19T22:37:05","slug":"simc-2024","status":"publish","type":"page","link":"https:\/\/stn.sum.edu.pl\/?page_id=1177","title":{"rendered":"SIMC 2023"},"content":{"rendered":"\n<p><strong>International Medical Congress of Silesia 2023<\/strong>\u00a0\u2013 17-19 May 2023<br><strong>Conference was organized stationary and online via Zoom and YouTube<\/strong><br><strong>E-mail:\u00a0<\/strong><a href=\"mailto:stn@365.sum.edu.pl\">stn@365.sum.edu.pl<\/a><\/p>\n\n\n\n<p><strong>Important Links:<\/strong><br><a rel=\"noreferrer noopener\" href=\"https:\/\/simc.sum.edu.pl\/\" target=\"_blank\">Conference website<\/a><br><a href=\"https:\/\/www.facebook.com\/events\/3932634810131061\/?acontext=%7B%22event_action_history%22%3A[%7B%22mechanism%22%3A%22surface%22%2C%22surface%22%3A%22create_dialog%22%7D]%7D&amp;onload_action=online_event_upsell_dialog\">SIMC Facebook<\/a><br><a href=\"https:\/\/www.instagram.com\/simckatowice\/\">SIMC Instagram<\/a><\/p>\n\n\n\n<p><strong>Files to download:<\/strong><br><a href=\"https:\/\/stn.sum.edu.pl\/wp-content\/uploads\/2022\/Konferencje\/regulamin_SIMC2022_PL.pdf\">Regulamin PL<\/a><br><a href=\"https:\/\/stn.sum.edu.pl\/wp-content\/uploads\/2022\/Konferencje\/regulamin_SIMC2022_EN.pdf\">Regulations EN<\/a><br><a href=\"https:\/\/stn.sum.edu.pl\/wp-content\/uploads\/2025\/03\/SIMC-2023-Abstracts-Book.pdf\" data-type=\"link\" data-id=\"https:\/\/stn.sum.edu.pl\/wp-content\/uploads\/2025\/03\/SIMC-2023-Abstracts-Book.pdf\">Abstracts Book 2023<\/a><br><a href=\"https:\/\/stn.sum.edu.pl\/wp-content\/uploads\/2025\/03\/Attachment-No-2-list-of-laureates-2-2.docx\" target=\"_blank\" rel=\"noreferrer noopener\">Conference summary (with list of awarded works)<\/a><\/p>\n\n\n\n<p><strong>Organizers:<\/strong><\/p>\n\n\n\n<figure class=\"wp-block-image is-resized\"><a href=\"https:\/\/ptss.pl\/oddzialy\/zabrze\/\"><img decoding=\"async\" src=\"https:\/\/stn.sum.edu.pl\/wp-content\/uploads\/2021\/03\/Zrzut-ekranu-2021-03-7-o-23.11.05-300x154.png\" alt=\"\" style=\"width:283px;height:auto\"\/><\/a><\/figure>\n\n\n\n<figure class=\"wp-block-image is-resized\"><a href=\"https:\/\/stn.sum.edu.pl\/\"><img decoding=\"async\" src=\"https:\/\/stn.sum.edu.pl\/wp-content\/uploads\/2020\/01\/sponsors_stn-300x164.png\" alt=\"\" style=\"width:290px;height:auto\"\/><\/a><\/figure>\n\n\n\n<figure class=\"wp-block-image is-resized\"><a href=\"https:\/\/sum.edu.pl\/\"><img decoding=\"async\" src=\"https:\/\/stn.sum.edu.pl\/wp-content\/uploads\/2020\/01\/sponsors_sum-300x164.png\" alt=\"\" style=\"width:300px;height:auto\"\/><\/a><\/figure>\n\n\n\n<figure class=\"wp-block-image is-resized\"><a href=\"http:\/\/doktoranci.sum.edu.pl\/\"><img decoding=\"async\" src=\"https:\/\/stn.sum.edu.pl\/wp-content\/uploads\/2020\/01\/sponsors_doktoranci-300x164.png\" alt=\"\" style=\"width:304px;height:auto\"\/><\/a><\/figure>\n\n\n\n<p>Je\u017celi nie wyra\u017casz zgody na publikacj\u0119 danych osobowych na stronie Studenckiego Towarzystwa Naukowego \u015al\u0105skiego Uniwersytetu Medycznego w Katowicach mo\u017cesz zg\u0142osi\u0107 \u017c\u0105danie ich usuni\u0119cia na adres<a href=\"mailto:stn@365.sum.edu.pl\">&nbsp;stn@365.sum.edu.pl&nbsp;<\/a>.<\/p>\n\n\n\n<p><\/p>\n","protected":false},"excerpt":{"rendered":"<p>International Medical Congress of Silesia 2023\u00a0\u2013 17-19 May 2023Conference was organized stationary and online via Zoom and YouTubeE-mail:\u00a0stn@365.sum.edu.pl Important Links:Conference websiteSIMC FacebookSIMC Instagram Files to download:Regulamin PLRegulations ENAbstracts Book 2023Conference summary (with list of awarded works) Organizers: Je\u017celi nie wyra\u017casz zgody na publikacj\u0119 danych osobowych na stronie Studenckiego Towarzystwa Naukowego \u015al\u0105skiego Uniwersytetu Medycznego w Katowicach &#8230; <a title=\"SIMC 2023\" class=\"read-more\" href=\"https:\/\/stn.sum.edu.pl\/?page_id=1177\" aria-label=\"Dowiedz si\u0119 wi\u0119cej o SIMC 2023\">Dowiedz si\u0119 wi\u0119cej<\/a><\/p>\n","protected":false},"author":9,"featured_media":0,"parent":0,"menu_order":0,"comment_status":"closed","ping_status":"closed","template":"","meta":{"footnotes":""},"class_list":["post-1177","page","type-page","status-publish"],"_links":{"self":[{"href":"https:\/\/stn.sum.edu.pl\/index.php?rest_route=\/wp\/v2\/pages\/1177","targetHints":{"allow":["GET"]}}],"collection":[{"href":"https:\/\/stn.sum.edu.pl\/index.php?rest_route=\/wp\/v2\/pages"}],"about":[{"href":"https:\/\/stn.sum.edu.pl\/index.php?rest_route=\/wp\/v2\/types\/page"}],"author":[{"embeddable":true,"href":"https:\/\/stn.sum.edu.pl\/index.php?rest_route=\/wp\/v2\/users\/9"}],"replies":[{"embeddable":true,"href":"https:\/\/stn.sum.edu.pl\/index.php?rest_route=%2Fwp%2Fv2%2Fcomments&post=1177"}],"version-history":[{"count":4,"href":"https:\/\/stn.sum.edu.pl\/index.php?rest_route=\/wp\/v2\/pages\/1177\/revisions"}],"predecessor-version":[{"id":1192,"href":"https:\/\/stn.sum.edu.pl\/index.php?rest_route=\/wp\/v2\/pages\/1177\/revisions\/1192"}],"wp:attachment":[{"href":"https:\/\/stn.sum.edu.pl\/index.php?rest_route=%2Fwp%2Fv2%2Fmedia&parent=1177"}],"curies":[{"name":"wp","href":"https:\/\/api.w.org\/{rel}","templated":true}]}}