{"id":1111,"date":"2024-12-13T15:34:47","date_gmt":"2024-12-13T14:34:47","guid":{"rendered":"https:\/\/stn.sum.edu.pl\/?page_id=1111"},"modified":"2024-12-13T15:34:48","modified_gmt":"2024-12-13T14:34:48","slug":"slaska-konferencja-chirurgiczna","status":"publish","type":"page","link":"https:\/\/stn.sum.edu.pl\/?page_id=1111","title":{"rendered":"\u015al\u0105ska Konferencja Chirurgiczna"},"content":{"rendered":"\n<p>\u015al\u0105sk\u0105 Konferencj\u0119 Chirurgiczn\u0105 to wydarzenie dedykowane pasjonatom medycyny i przysz\u0142ym chirurgom! Naszym celem jest nie tylko propagowanie, ale tak\u017ce poszerzanie wiedzy zabiegowej w\u015br\u00f3d student\u00f3w medycyny.<\/p>\n\n\n\n<p><img loading=\"lazy\" decoding=\"async\" height=\"16\" width=\"16\" alt=\"\ud83d\udd2c\" src=\"https:\/\/static.xx.fbcdn.net\/images\/emoji.php\/v9\/t7e\/1\/16\/1f52c.png\">&nbsp;Co nas wyr\u00f3\u017cnia?<\/p>\n\n\n\n<p>1. Eksperci w dziedzinie chirurgii &#8211; przygotowali\u015bmy dla Was panel renomowanych specjalist\u00f3w, kt\u00f3rzy podziel\u0105 si\u0119 swoj\u0105 wiedz\u0105 i do\u015bwiadczeniem.<\/p>\n\n\n\n<p>2. Praktyczne warsztaty &#8211; w trakcie konferencji macie okazj\u0119 uczestniczy\u0107 w interaktywnych warsztatach, kt\u00f3re pozwol\u0105 Wam zdoby\u0107 praktyczne umiej\u0119tno\u015bci.<\/p>\n\n\n\n<p>3. Inspiruj\u0105ce prezentacje &#8211; pos\u0142uchacie fascynuj\u0105cych prelekcji na temat najnowszych osi\u0105gni\u0119\u0107 w dziedzinie chirurgii.<\/p>\n\n\n\n<p><img loading=\"lazy\" decoding=\"async\" height=\"16\" width=\"16\" alt=\"\ud83c\udf93\" src=\"https:\/\/static.xx.fbcdn.net\/images\/emoji.php\/v9\/t25\/1\/16\/1f393.png\">&nbsp;Dla kogo?<\/p>\n\n\n\n<p>&#8211; Dla student\u00f3w medycyny, kt\u00f3rzy pragn\u0105 poszerzy\u0107 swoj\u0105 wiedz\u0119 i zdoby\u0107 praktyczne umiej\u0119tno\u015bci.<br>&#8211; M\u0142odych lekarzy, chc\u0105cych rozwija\u0107 si\u0119 w dziedzinie chirurgii.<br>&#8211; Wszystkich pasjonat\u00f3w chirurgii, gotowych do nauki i wymiany do\u015bwiadcze\u0144.<\/p>\n\n\n\n<p><\/p>\n\n\n\n<p><strong>Komitet Organizacyjny:<\/strong><\/p>\n\n\n\n<ul class=\"wp-block-list\">\n<li>Katarzyna Szlachetka<\/li>\n\n\n\n<li>Micha\u0142 Azierski<\/li>\n\n\n\n<li>Kamil K\u0142os<\/li>\n\n\n\n<li>Michalina Kukla<\/li>\n\n\n\n<li>Joanna Pera<\/li>\n<\/ul>\n","protected":false},"excerpt":{"rendered":"<p>\u015al\u0105sk\u0105 Konferencj\u0119 Chirurgiczn\u0105 to wydarzenie dedykowane pasjonatom medycyny i przysz\u0142ym chirurgom! Naszym celem jest nie tylko propagowanie, ale tak\u017ce poszerzanie wiedzy zabiegowej w\u015br\u00f3d student\u00f3w medycyny. &nbsp;Co nas wyr\u00f3\u017cnia? 1. Eksperci w dziedzinie chirurgii &#8211; przygotowali\u015bmy dla Was panel renomowanych specjalist\u00f3w, kt\u00f3rzy podziel\u0105 si\u0119 swoj\u0105 wiedz\u0105 i do\u015bwiadczeniem. 2. Praktyczne warsztaty &#8211; w trakcie konferencji macie &#8230; <a title=\"\u015al\u0105ska Konferencja Chirurgiczna\" class=\"read-more\" href=\"https:\/\/stn.sum.edu.pl\/?page_id=1111\" aria-label=\"Dowiedz si\u0119 wi\u0119cej o \u015al\u0105ska Konferencja Chirurgiczna\">Dowiedz si\u0119 wi\u0119cej<\/a><\/p>\n","protected":false},"author":9,"featured_media":1112,"parent":0,"menu_order":0,"comment_status":"closed","ping_status":"closed","template":"","meta":{"footnotes":""},"class_list":["post-1111","page","type-page","status-publish","has-post-thumbnail"],"_links":{"self":[{"href":"https:\/\/stn.sum.edu.pl\/index.php?rest_route=\/wp\/v2\/pages\/1111","targetHints":{"allow":["GET"]}}],"collection":[{"href":"https:\/\/stn.sum.edu.pl\/index.php?rest_route=\/wp\/v2\/pages"}],"about":[{"href":"https:\/\/stn.sum.edu.pl\/index.php?rest_route=\/wp\/v2\/types\/page"}],"author":[{"embeddable":true,"href":"https:\/\/stn.sum.edu.pl\/index.php?rest_route=\/wp\/v2\/users\/9"}],"replies":[{"embeddable":true,"href":"https:\/\/stn.sum.edu.pl\/index.php?rest_route=%2Fwp%2Fv2%2Fcomments&post=1111"}],"version-history":[{"count":1,"href":"https:\/\/stn.sum.edu.pl\/index.php?rest_route=\/wp\/v2\/pages\/1111\/revisions"}],"predecessor-version":[{"id":1113,"href":"https:\/\/stn.sum.edu.pl\/index.php?rest_route=\/wp\/v2\/pages\/1111\/revisions\/1113"}],"wp:featuredmedia":[{"embeddable":true,"href":"https:\/\/stn.sum.edu.pl\/index.php?rest_route=\/wp\/v2\/media\/1112"}],"wp:attachment":[{"href":"https:\/\/stn.sum.edu.pl\/index.php?rest_route=%2Fwp%2Fv2%2Fmedia&parent=1111"}],"curies":[{"name":"wp","href":"https:\/\/api.w.org\/{rel}","templated":true}]}}