{"id":1069,"date":"2024-04-22T11:18:42","date_gmt":"2024-04-22T09:18:42","guid":{"rendered":"https:\/\/stn.sum.edu.pl\/?page_id=1069"},"modified":"2026-01-26T17:07:10","modified_gmt":"2026-01-26T16:07:10","slug":"dofinansowanie-2","status":"publish","type":"page","link":"https:\/\/stn.sum.edu.pl\/?page_id=1069","title":{"rendered":"Deklaracja dost\u0119pno\u015bci"},"content":{"rendered":"\n<p><\/p>\n\n\n\n<p>Studenckie Towarzystwo Naukowe zobowi\u0105zuje si\u0119 zapewni\u0107 dost\u0119pno\u015b\u0107 swojej strony internetowej zgodnie z ustaw\u0105 z dnia 4 kwietnia 2019 r. o dost\u0119pno\u015bci cyfrowej stron internetowych i aplikacji mobilnych podmiot\u00f3w publicznych (Dz. U. 2019, poz. 848).&nbsp;<\/p>\n\n\n\n<p><b style=\"color: rgb(122, 122, 122); font-family: Roboto, sans-serif; font-size: 14px; white-space-collapse: collapse; box-sizing: border-box;\">Data publikacji strony internetowej:<\/b><span data-contrast=\"none\" style=\"color: rgb(122, 122, 122); font-family: Roboto, sans-serif; font-size: 14px; white-space-collapse: collapse; box-sizing: border-box;\">2020-01-<\/span>20<\/p>\n\n\n\n<p><b style=\"color: rgb(122, 122, 122); font-family: Roboto, sans-serif; font-size: 14px; white-space-collapse: collapse; box-sizing: border-box;\">Data sporz\u0105dzenia deklaracji dost\u0119pno\u015bci:<\/b><span data-contrast=\"none\" style=\"color: rgb(122, 122, 122); font-family: Roboto, sans-serif; font-size: 14px; white-space-collapse: collapse; box-sizing: border-box;\">2024-04-22<\/span><\/p>\n\n\n\n<p><b style=\"color: rgb(122, 122, 122); font-family: Roboto, sans-serif; font-size: 14px; white-space-collapse: collapse; box-sizing: border-box;\">Data ostatniej aktualizacji:<\/b><span data-contrast=\"none\" style=\"color: rgb(122, 122, 122); font-family: Roboto, sans-serif; font-size: 14px; white-space-collapse: collapse; box-sizing: border-box;\">\u00a0<\/span><span data-contrast=\"none\" style=\"color: rgb(122, 122, 122); font-family: Roboto, sans-serif; font-size: 14px; white-space-collapse: collapse; box-sizing: border-box;\">2026-01-26<\/span><\/p>\n\n\n\n<p><span data-contrast=\"none\" style=\"color: rgb(122, 122, 122); font-family: Roboto, sans-serif; font-size: 14px; white-space-collapse: collapse; box-sizing: border-box;\">Niniejsze o\u015bwiadczenie w sprawie dost\u0119pno\u015bci ma zastosowanie do strony internetowej:&nbsp;https:\/\/stn.sum.edu.pl\/<\/span><\/p>\n\n\n\n<p><span data-contrast=\"none\" style=\"color: rgb(122, 122, 122); font-family: Roboto, sans-serif; font-size: 14px; white-space-collapse: collapse; box-sizing: border-box;\">Deklaracj\u0119 sporz\u0105dzono na podstawie samooceny przeprowadzonej przez podmiot publiczny.<\/span><\/p>\n\n\n\n<p><b style=\"color: rgb(122, 122, 122); font-family: Roboto, sans-serif; font-size: 14px; white-space-collapse: collapse; box-sizing: border-box;\">Status:cz\u0119\u015bciowo zgodna<\/b><\/p>\n\n\n\n<p><span data-contrast=\"none\" style=\"color: rgb(122, 122, 122); font-family: Roboto, sans-serif; font-size: 14px; white-space-collapse: collapse; box-sizing: border-box;\">Niniejsza strona jest cz\u0119\u015bciowo zgodna z WCAG 2.1 z powodu niezgodno\u015bci wymienionych poni\u017cej:\u00a0<\/span><p style=\"box-sizing: border-box; margin-bottom: 10px; overflow: hidden; overflow-wrap: break-word; color: rgb(122, 122, 122); font-family: Roboto, sans-serif; font-size: 14px; white-space-collapse: collapse;\"><\/p><li data-leveltext=\"\uf0b7\" data-font=\"Symbol\" data-listid=\"1\" data-list-defn-props=\"{&quot;335552541&quot;:1,&quot;335559685&quot;:720,&quot;335559991&quot;:360,&quot;469769226&quot;:&quot;Symbol&quot;,&quot;469769242&quot;:[8226],&quot;469777803&quot;:&quot;left&quot;,&quot;469777804&quot;:&quot;\uf0b7&quot;,&quot;469777815&quot;:&quot;hybridMultilevel&quot;}\" aria-setsize=\"-1\" data-aria-posinset=\"1\" data-aria-level=\"1\" style=\"box-sizing: border-box;\"><span style=\"font-size: revert;\">4.1.2: Nazwa, rola, warto\u015b\u0107<\/span><\/li><\/p>\n\n\n\n<p><li data-leveltext=\"\uf0b7\" data-font=\"Symbol\" data-listid=\"1\" data-list-defn-props=\"{&quot;335552541&quot;:1,&quot;335559685&quot;:720,&quot;335559991&quot;:360,&quot;469769226&quot;:&quot;Symbol&quot;,&quot;469769242&quot;:[8226],&quot;469777803&quot;:&quot;left&quot;,&quot;469777804&quot;:&quot;\uf0b7&quot;,&quot;469777815&quot;:&quot;hybridMultilevel&quot;}\" aria-setsize=\"-1\" data-aria-posinset=\"1\" data-aria-level=\"1\" style=\"box-sizing: border-box;\"><span style=\"font-size: revert;\">2.4.6: Nag\u0142\u00f3wki i etykiety<\/span><\/li><\/p>\n\n\n\n<p><li data-leveltext=\"\uf0b7\" data-font=\"Symbol\" data-listid=\"1\" data-list-defn-props=\"{&quot;335552541&quot;:1,&quot;335559685&quot;:720,&quot;335559991&quot;:360,&quot;469769226&quot;:&quot;Symbol&quot;,&quot;469769242&quot;:[8226],&quot;469777803&quot;:&quot;left&quot;,&quot;469777804&quot;:&quot;\uf0b7&quot;,&quot;469777815&quot;:&quot;hybridMultilevel&quot;}\" aria-setsize=\"-1\" data-aria-posinset=\"1\" data-aria-level=\"1\" style=\"box-sizing: border-box;\"><span style=\"font-size: revert;\">1.1.1: Tre\u015b\u0107 niestekstowa<\/span><\/li><\/p>\n\n\n\n<p><li data-leveltext=\"\uf0b7\" data-font=\"Symbol\" data-listid=\"1\" data-list-defn-props=\"{&quot;335552541&quot;:1,&quot;335559685&quot;:720,&quot;335559991&quot;:360,&quot;469769226&quot;:&quot;Symbol&quot;,&quot;469769242&quot;:[8226],&quot;469777803&quot;:&quot;left&quot;,&quot;469777804&quot;:&quot;\uf0b7&quot;,&quot;469777815&quot;:&quot;hybridMultilevel&quot;}\" aria-setsize=\"-1\" data-aria-posinset=\"1\" data-aria-level=\"1\" style=\"box-sizing: border-box;\"><span style=\"font-size: revert;\">1.2.1: Tylko audio i tylko wideo (nagranie)<\/span><\/li><\/p>\n\n\n\n<p><li data-leveltext=\"\uf0b7\" data-font=\"Symbol\" data-listid=\"1\" data-list-defn-props=\"{&quot;335552541&quot;:1,&quot;335559685&quot;:720,&quot;335559991&quot;:360,&quot;469769226&quot;:&quot;Symbol&quot;,&quot;469769242&quot;:[8226],&quot;469777803&quot;:&quot;left&quot;,&quot;469777804&quot;:&quot;\uf0b7&quot;,&quot;469777815&quot;:&quot;hybridMultilevel&quot;}\" aria-setsize=\"-1\" data-aria-posinset=\"1\" data-aria-level=\"1\" style=\"box-sizing: border-box;\"><span style=\"font-size: revert;\">1.2.2: Napisy (nagranie)<\/span><\/li><\/p>\n\n\n\n<p><li data-leveltext=\"\uf0b7\" data-font=\"Symbol\" data-listid=\"1\" data-list-defn-props=\"{&quot;335552541&quot;:1,&quot;335559685&quot;:720,&quot;335559991&quot;:360,&quot;469769226&quot;:&quot;Symbol&quot;,&quot;469769242&quot;:[8226],&quot;469777803&quot;:&quot;left&quot;,&quot;469777804&quot;:&quot;\uf0b7&quot;,&quot;469777815&quot;:&quot;hybridMultilevel&quot;}\" aria-setsize=\"-1\" data-aria-posinset=\"1\" data-aria-level=\"1\" style=\"box-sizing: border-box;\"><span style=\"font-size: revert;\">1.4.3: Kontrast (minimalny)\u00a0<\/span><\/li><\/p>\n\n\n\n<p><span data-contrast=\"none\" style=\"box-sizing: border-box;\">Studenckie Towarzystwo Naukowe<\/span> <span data-contrast=\"none\" style=\"box-sizing: border-box;\">aktywnie kontynuuje prace nad eliminacj\u0105 barier cyfrowych i architektonicznych, d\u0105\u017c\u0105c do zapewnienia pe\u0142nej dost\u0119pno\u015bci swoich zasob\u00f3w.&nbsp;<\/span><\/p>\n\n\n\n<p><b style=\"box-sizing: border-box;\">Kontakt<\/b><\/p>\n\n\n\n<p><span data-contrast=\"none\" style=\"box-sizing: border-box;\">W przypadku problem\u00f3w z dost\u0119pno\u015bci\u0105 strony internetowej oraz w celu przekazania ewentualnych uwag prosimy o kontakt z Pani\u0105 Agata Pustu\u0142ka<\/span><a style=\"box-sizing: border-box; background-color: transparent; color: rgb(211, 0, 21); box-shadow: none;\" href=\"mailto:rzecznik@sum.edu.pl\"> <\/a><a style=\"box-sizing: border-box; background-color: transparent; color: rgb(211, 0, 21); box-shadow: none;\" href=\"mailto:rzecznik@sum.edu.pl\">rzecznik@sum.edu.pl<\/a>,&nbsp;<span data-contrast=\"none\" style=\"box-sizing: border-box;\">tel. 32 20 83 639). T\u0105 sam\u0105 drog\u0105 mo\u017cna sk\u0142ada\u0107 wnioski o udost\u0119pnienie informacji niedost\u0119pnej oraz sk\u0142ada\u0107 skargi na brak zapewnienia dost\u0119pno\u015bci.&nbsp;Ka\u017cdy ma prawo wyst\u0105pi\u0107 do podmiotu publicznego z \u017c\u0105daniem zapewnienia dost\u0119pno\u015bci cyfrowej wskazanej strony internetowej. Mo\u017cliwe jest r\u00f3wnie\u017c \u017c\u0105danie o udost\u0119pnienie informacji za pomoc\u0105 alternatywnego sposobu dost\u0119pu, o kt\u00f3rym mowa w art. 7 przedmiotowej ustawy. \u017b\u0105danie powinno zawiera\u0107: dane kontaktowe osoby wyst\u0119puj\u0105cej z \u017c\u0105daniem; wskazanie strony internetowej podmiotu publicznego, kt\u00f3ra ma by\u0107 dost\u0119pna cyfrowo; wskazanie sposobu kontaktu z osob\u0105 wyst\u0119puj\u0105c\u0105 z \u017c\u0105daniem; wskazanie alternatywnego sposobu dost\u0119pu, je\u017celi dotyczy.&nbsp;Zapewnienie dost\u0119pno\u015bci cyfrowej strony internetowej podmiotu publicznego nast\u0119puje bez zb\u0119dnej zw\u0142oki, jednak nie p\u00f3\u017aniej ni\u017c w terminie 7 dni od dnia wyst\u0105pienia z \u017c\u0105daniem.&nbsp;Je\u017celi zapewnienie ww. dost\u0119pno\u015bci cyfrowej nie mo\u017ce nast\u0105pi\u0107 w terminie 7 dni podmiot publiczny niezw\u0142ocznie powiadamia osob\u0119 wyst\u0119puj\u0105c\u0105 z \u017c\u0105daniem o przyczynach op\u00f3\u017anienia oraz terminie, w kt\u00f3rym zapewni dost\u0119pno\u015b\u0107 cyfrow\u0105 wskazanej strony internetowej, jednak nie d\u0142u\u017cszym ni\u017c dwa miesi\u0105ce od dnia wyst\u0105pienia z \u017c\u0105daniem.&nbsp;W przypadku, gdy podmiot publiczny nie jest w stanie zapewni\u0107 dost\u0119pno\u015bci cyfrowej elementu strony internetowej zgodnie z \u017c\u0105daniem, niezw\u0142ocznie powiadamia on osob\u0119 wyst\u0119puj\u0105c\u0105 z \u017c\u0105daniem o przyczynach braku mo\u017cliwo\u015bci zapewnienia dost\u0119pno\u015bci cyfrowej wskazanego elementu wskazuj\u0105c alternatywny spos\u00f3b dost\u0119pu do tego elementu.&nbsp;W przypadku odmowy zapewnienia dost\u0119pno\u015bci cyfrowej strony internetowej podmiotu publicznego, wskazanych w \u017c\u0105daniu albo w przypadku odmowy skorzystania z alternatywnego sposobu dost\u0119pu przez osob\u0119 wyst\u0119puj\u0105c\u0105 z \u017c\u0105daniem, mo\u017cna do tego podmiotu publicznego z\u0142o\u017cy\u0107 skarg\u0119 w sprawie zapewnienia dost\u0119pno\u015bci cyfrowej strony internetowej.&nbsp;Po wyczerpaniu wszystkich mo\u017cliwo\u015bci skarg\u0119 mo\u017cna przes\u0142a\u0107 tak\u017ce do&nbsp;<\/span><a style=\"box-sizing: border-box; background-color: transparent; color: rgb(211, 0, 21); box-shadow: none;\" href=\"https:\/\/www.rpo.gov.pl\/content\/jak-zglosic-sie-do-rzecznika-praw-obywatelskich\">Rzecznika Praw Obywatelskich<\/a><span data-contrast=\"none\" style=\"box-sizing: border-box;\">.&nbsp;<\/span><\/p>\n\n\n\n<p><b style=\"box-sizing: border-box;\">PROCEDURA \u017b\u0104DANIA DOST\u0118PNO\u015aCI<\/b><\/p>\n\n\n\n<p><span data-ccp-props=\"{&quot;134233117&quot;:false,&quot;134233118&quot;:false,&quot;134245418&quot;:true,&quot;134245529&quot;:true,&quot;201341983&quot;:0,&quot;335551550&quot;:1,&quot;335551620&quot;:1,&quot;335557856&quot;:16777215,&quot;335559738&quot;:240,&quot;335559739&quot;:120,&quot;335559740&quot;:259}\" style=\"box-sizing: border-box;\">Zapewnienie dost\u0119pno\u015bci nast\u0119puje bez zb\u0119dnej zw\u0142oki, jednak nie p\u00f3\u017aniej ni\u017c w terminie 7 dni od dnia wyst\u0105pienia z \u017c\u0105daniem. Je\u017celi zapewnienie dost\u0119pno\u015bci nie jest mo\u017cliwe w wyznaczonym terminie, podmiot publiczny informuje o przyczynach op\u00f3\u017anienia oraz nowym terminie realizacji, kt\u00f3ry nie przekracza 2 miesi\u0119cy.&nbsp;W przypadku, gdy dost\u0119pno\u015b\u0107 cyfrowa nie jest mo\u017cliwa, podmiot informuje o alternatywnych sposobach dost\u0119pu do tre\u015bci.&nbsp;<\/span><\/p>\n\n\n\n<p><b style=\"box-sizing: border-box;\">SKARGI I ODWO\u0141ANIA<\/b><\/p>\n\n\n\n<p><span data-ccp-props=\"{&quot;134233117&quot;:false,&quot;134233118&quot;:false,&quot;134245418&quot;:true,&quot;134245529&quot;:true,&quot;201341983&quot;:0,&quot;335551550&quot;:1,&quot;335551620&quot;:1,&quot;335557856&quot;:16777215,&quot;335559738&quot;:240,&quot;335559739&quot;:120,&quot;335559740&quot;:259}\" style=\"box-sizing: border-box;\">W przypadku odmowy zapewnienia dost\u0119pno\u015bci lub alternatywnego sposobu dost\u0119pu, mo\u017cna z\u0142o\u017cy\u0107 skarg\u0119 bezpo\u015brednio do Centrum lub przes\u0142a\u0107 spraw\u0119 do Rzecznika Praw Obywatelskich.<\/span><\/p>\n\n\n\n<p><b style=\"box-sizing: border-box;\">DOST\u0118PNO\u015a\u0106 ARCHITEKTONICZNA<\/b><span data-ccp-props=\"{&quot;134233117&quot;:false,&quot;134233118&quot;:false,&quot;134245418&quot;:true,&quot;134245529&quot;:true,&quot;201341983&quot;:0,&quot;335551550&quot;:1,&quot;335551620&quot;:1,&quot;335557856&quot;:16777215,&quot;335559738&quot;:240,&quot;335559739&quot;:120,&quot;335559740&quot;:259}\" style=\"box-sizing: border-box;\">&nbsp;<\/span><\/p>\n\n\n\n<p>Budynek Rektoratu SUM w Katowicach, przy ul. Poniatowskiego 15.<\/p>\n\n\n\n<p>Do budynku Rektoratu prowadz\u0105 dwa wej\u015bcia w centralnej jego cz\u0119\u015bci. Wej\u015bcie g\u0142\u00f3wne usytuowane na frontowej \u015bcianie budynku, bezpo\u015brednio przy ul. Poniatowskiego. Za drzwiami wej\u015bcia g\u0142\u00f3wnego znajduj\u0105 si\u0119 schody prowadz\u0105ce na pierwsz\u0105 kondygnacj\u0119 (parter). Po prawej stronie schod\u00f3w znajduje si\u0119 platforma s\u0142u\u017c\u0105ca do transportu os\u00f3b z niepe\u0142nosprawno\u015bciami poruszaj\u0105cych si\u0119 na w\u00f3zkach. Po lewej stronie od schod\u00f3w (parter) znajduje si\u0119 dy\u017curka ochrony. Drugie wej\u015bcie znajduje si\u0119 w tylnej \u015bcianie budynku od strony placu wewn\u0119trznego szpitala MSW. S\u0142u\u017cy ono przede wszystkim do cel\u00f3w ewakuacyjnych, na wypadek powstania po\u017caru lub innego miejscowego zagro\u017cenia. Jest mo\u017cliwo\u015b\u0107 dojazdu w\u00f3zkiem. Budynek wyposa\u017cony jest w wind\u0119 osobow\u0105 (klawisze Braille\u2019a). Aktualnie nie posiada wyznaczonych miejsc parkingowych dla os\u00f3b z niepe\u0142nosprawno\u015bciami.<\/p>\n\n\n\n<p>Dla os\u00f3b na w\u00f3zkach dost\u0119pne s\u0105 wszystkie kondygnacje z wyj\u0105tkiem piwnic. Dla os\u00f3b z niepe\u0142nosprawno\u015bciami dost\u0119pna jest toaleta usytuowana na parterze budynku.<\/p>\n\n\n\n<p>Do budynku i wszystkich jego pomieszcze\u0144 mo\u017cna wej\u015b\u0107 z psem asystuj\u0105cym i psem przewodnikiem.<\/p>\n\n\n\n<p>W budynku nie ma p\u0119tli indukcyjnych.<\/p>\n\n\n\n<p>W budynku nie ma oznacze\u0144 w alfabecie brajla ani oznacze\u0144 kontrastowych lub w druku powi\u0119kszonym dla os\u00f3b niewidomych i s\u0142abowidz\u0105cych.<\/p>\n\n\n\n<p><br><\/p>\n","protected":false},"excerpt":{"rendered":"<p>Studenckie Towarzystwo Naukowe zobowi\u0105zuje si\u0119 zapewni\u0107 dost\u0119pno\u015b\u0107 swojej strony internetowej zgodnie z ustaw\u0105 z dnia 4 kwietnia 2019 r. o dost\u0119pno\u015bci cyfrowej stron internetowych i aplikacji mobilnych podmiot\u00f3w publicznych (Dz. U. 2019, poz. 848).&nbsp; Data publikacji strony internetowej:2020-01-20 Data sporz\u0105dzenia deklaracji dost\u0119pno\u015bci:2024-04-22 Data ostatniej aktualizacji:\u00a02026-01-26 Niniejsze o\u015bwiadczenie w sprawie dost\u0119pno\u015bci ma zastosowanie do strony internetowej:&nbsp;https:\/\/stn.sum.edu.pl\/ &#8230; <a title=\"Deklaracja dost\u0119pno\u015bci\" class=\"read-more\" href=\"https:\/\/stn.sum.edu.pl\/?page_id=1069\" aria-label=\"Dowiedz si\u0119 wi\u0119cej o Deklaracja dost\u0119pno\u015bci\">Dowiedz si\u0119 wi\u0119cej<\/a><\/p>\n","protected":false},"author":3,"featured_media":0,"parent":0,"menu_order":0,"comment_status":"closed","ping_status":"closed","template":"","meta":{"footnotes":""},"class_list":["post-1069","page","type-page","status-publish"],"_links":{"self":[{"href":"https:\/\/stn.sum.edu.pl\/index.php?rest_route=\/wp\/v2\/pages\/1069","targetHints":{"allow":["GET"]}}],"collection":[{"href":"https:\/\/stn.sum.edu.pl\/index.php?rest_route=\/wp\/v2\/pages"}],"about":[{"href":"https:\/\/stn.sum.edu.pl\/index.php?rest_route=\/wp\/v2\/types\/page"}],"author":[{"embeddable":true,"href":"https:\/\/stn.sum.edu.pl\/index.php?rest_route=\/wp\/v2\/users\/3"}],"replies":[{"embeddable":true,"href":"https:\/\/stn.sum.edu.pl\/index.php?rest_route=%2Fwp%2Fv2%2Fcomments&post=1069"}],"version-history":[{"count":5,"href":"https:\/\/stn.sum.edu.pl\/index.php?rest_route=\/wp\/v2\/pages\/1069\/revisions"}],"predecessor-version":[{"id":1301,"href":"https:\/\/stn.sum.edu.pl\/index.php?rest_route=\/wp\/v2\/pages\/1069\/revisions\/1301"}],"wp:attachment":[{"href":"https:\/\/stn.sum.edu.pl\/index.php?rest_route=%2Fwp%2Fv2%2Fmedia&parent=1069"}],"curies":[{"name":"wp","href":"https:\/\/api.w.org\/{rel}","templated":true}]}}